{"id":2457,"date":"2025-12-30T09:46:39","date_gmt":"2025-12-30T09:46:39","guid":{"rendered":"https:\/\/bestgelpolish.com\/?post_type=product&#038;p=2457"},"modified":"2025-12-30T09:46:39","modified_gmt":"2025-12-30T09:46:39","slug":"wholesale-self-leveling-biab-builder-gel-extensions-24-colors","status":"publish","type":"product","link":"https:\/\/bestgelpolish.com\/pl\/wholesale-self-leveling-biab-builder-gel-extensions-24-colors\/","title":{"rendered":"Hurtownia samopoziomuj\u0105cych przed\u0142u\u017cek \u017celowych BIAB Builder 24 kolory"},"content":{"rendered":"<p data-start=\"629\" data-end=\"1081\">Samopoziomuj\u0105cy \u017cel do przed\u0142u\u017cania paznokci BIAB marki RS Nail Factory jest przeznaczony dla profesjonalist\u00f3w poszukuj\u0105cych elastyczno\u015bci i p\u0142ynnej aplikacji. Jak wida\u0107 na zdj\u0119ciach, \u017cel ten jest idealny do tworzenia naturalnych, trwa\u0142ych przed\u0142u\u017ce\u0144 z b\u0142yszcz\u0105cym wyko\u0144czeniem. Jego galaretowata konsystencja sprawia, \u017ce jest \u0142atwy w aplikacji, doskonale si\u0119 poziomuje bez potrzeby nadmiernego pi\u0142owania. Jest idealny do tworzenia mocnych, cienkich przed\u0142u\u017ce\u0144, kt\u00f3re s\u0105 mniej podatne na p\u0119kanie.<\/p>\n<p data-start=\"1083\" data-end=\"1472\" data-is-last-node=\"\" data-is-only-node=\"\">Dzi\u0119ki konfigurowalnym opcjom dla klient\u00f3w OEM \/ marek w\u0142asnych mo\u017cesz oferowa\u0107 szerok\u0105 gam\u0119 kolor\u00f3w, od subtelnych akt\u00f3w po jasne, wyraziste odcienie. Niezale\u017cnie od tego, czy wykonujesz francuski manicure, czy te\u017c tworzysz pe\u0142ne przed\u0142u\u017cenia, ten \u017cel zapewnia trwa\u0142o\u015b\u0107 i elastyczno\u015b\u0107 potrzebn\u0105 do uzyskania nieskazitelnych rezultat\u00f3w za ka\u017cdym razem. Odpowiedni zar\u00f3wno do lamp UV, jak i LED, oferuje szybkie utwardzanie, zapewniaj\u0105c wydajne us\u0142ugi w salonie.<\/p>","protected":false},"excerpt":{"rendered":"<p>Ten niestandardowy \u017cel BIAB (Builder In A Bottle) oferuje w\u0142a\u015bciwo\u015bci samopoziomuj\u0105ce, zaprojektowane do budowania przed\u0142u\u017ce\u0144 paznokci z g\u0142adkim, nieskazitelnym wyko\u0144czeniem. Dost\u0119pny w r\u00f3\u017cnych odcieniach, w tym w eleganckich francuskich wzorach, jest idealny do tworzenia trwa\u0142ych paznokci o jako\u015bci salonowej.<\/p>","protected":false},"featured_media":2458,"template":"","meta":[],"product_brand":[],"product_cat":[21],"product_tag":[650,655,652,653,654,651],"class_list":{"0":"post-2457","1":"product","2":"type-product","3":"status-publish","4":"has-post-thumbnail","6":"product_cat-poly-gel","7":"product_tag-biab-extensions","8":"product_tag-customized-gel-polish","9":"product_tag-jelly-gel-builder","10":"product_tag-led-french-gel","11":"product_tag-nail-gel-builder","12":"product_tag-self-leveling-uv-gel","14":"first","15":"instock","16":"shipping-taxable","17":"product-type-simple"},"_links":{"self":[{"href":"https:\/\/bestgelpolish.com\/pl\/wp-json\/wp\/v2\/product\/2457","targetHints":{"allow":["GET"]}}],"collection":[{"href":"https:\/\/bestgelpolish.com\/pl\/wp-json\/wp\/v2\/product"}],"about":[{"href":"https:\/\/bestgelpolish.com\/pl\/wp-json\/wp\/v2\/types\/product"}],"version-history":[{"count":1,"href":"https:\/\/bestgelpolish.com\/pl\/wp-json\/wp\/v2\/product\/2457\/revisions"}],"predecessor-version":[{"id":2462,"href":"https:\/\/bestgelpolish.com\/pl\/wp-json\/wp\/v2\/product\/2457\/revisions\/2462"}],"wp:featuredmedia":[{"embeddable":true,"href":"https:\/\/bestgelpolish.com\/pl\/wp-json\/wp\/v2\/media\/2458"}],"wp:attachment":[{"href":"https:\/\/bestgelpolish.com\/pl\/wp-json\/wp\/v2\/media?parent=2457"}],"wp:term":[{"taxonomy":"product_brand","embeddable":true,"href":"https:\/\/bestgelpolish.com\/pl\/wp-json\/wp\/v2\/product_brand?post=2457"},{"taxonomy":"product_cat","embeddable":true,"href":"https:\/\/bestgelpolish.com\/pl\/wp-json\/wp\/v2\/product_cat?post=2457"},{"taxonomy":"product_tag","embeddable":true,"href":"https:\/\/bestgelpolish.com\/pl\/wp-json\/wp\/v2\/product_tag?post=2457"}],"curies":[{"name":"wp","href":"https:\/\/api.w.org\/{rel}","templated":true}]}}