{"id":2451,"date":"2025-12-30T09:43:59","date_gmt":"2025-12-30T09:43:59","guid":{"rendered":"https:\/\/bestgelpolish.com\/?post_type=product&#038;p=2451"},"modified":"2025-12-30T09:43:59","modified_gmt":"2025-12-30T09:43:59","slug":"wholesale-color-rubber-base-gel-builder-coat-with-custom-logo","status":"publish","type":"product","link":"https:\/\/bestgelpolish.com\/pl\/wholesale-color-rubber-base-gel-builder-coat-with-custom-logo\/","title":{"rendered":"Hurtowy kolorowy \u017cel na bazie gumy z niestandardowym logo"},"content":{"rendered":"<p data-start=\"579\" data-end=\"1022\">Ten kolorowy \u017cel na bazie gumy jest przeznaczony dla klient\u00f3w, kt\u00f3rzy chc\u0105 uzyska\u0107 czysty, dopracowany wygl\u0105d z dodatkowym wsparciem. Obraz przedstawia delikatne, nadaj\u0105ce si\u0119 do noszenia odcienie - mleczny nude, pastele i zabawne plamki - dzi\u0119ki czemu mo\u017cesz zaoferowa\u0107 zar\u00f3wno minimalistyczne, jak i modne wyko\u0144czenia z tego samego typu produktu. Tekstura ma dobr\u0105 elastyczno\u015b\u0107, co pomaga jej porusza\u0107 si\u0119 wraz z naturalnym paznokciem zamiast p\u0119ka\u0107, co czyni j\u0105 m\u0105drym wyborem dla s\u0142abych, cienkich lub zginaj\u0105cych si\u0119 paznokci.<\/p>\n<p data-start=\"1024\" data-end=\"1580\" data-is-last-node=\"\" data-is-only-node=\"\">Nak\u0142ada si\u0119 g\u0142adko, wyr\u00f3wnuje powierzchni\u0119 i mo\u017ce by\u0107 stosowany jako przyciemniana baza, wzmacniaj\u0105ca nak\u0142adka lub podk\u0142ad pod kolor \u017celu. W przypadku salon\u00f3w przyspiesza \u015bwiadczenie us\u0142ug, poniewa\u017c mo\u017cna budowa\u0107, r\u00f3wnowa\u017cy\u0107 i przyciemnia\u0107 w mniejszej liczbie krok\u00f3w. Dla marek i dystrybutor\u00f3w jest to produkt o du\u017cej powtarzalno\u015bci: \u0142atwe rozszerzanie odcieni, \u0142atwe \u0142\u0105czenie w zestawy sezonowe i du\u017ce zadowolenie klient\u00f3w, gdy paznokcie s\u0105 chronione, a nie ci\u0119\u017ckie. Opcje b2b obs\u0142uguj\u0105 niestandardowe logo, projekt butelki \/ etykiety i wyselekcjonowane gamy kolor\u00f3w (nude-r\u00f3\u017cowy jak rb02, pastelowe odcienie i wyraziste wyko\u0144czenia).<\/p>","protected":false},"excerpt":{"rendered":"<p>Kolorowy \u017cel na bazie kauczuku, kt\u00f3ry dzia\u0142a jak elastyczna \u201cpoduszka\u201d dla paznokcia - zwi\u0119ksza wytrzyma\u0142o\u015b\u0107, poprawia przyczepno\u015b\u0107 i pozostawia b\u0142yszcz\u0105ce, zabarwione wyko\u0144czenie. Stworzony z my\u015bl\u0105 o wprowadzaniu niestandardowych logo b2b i szybko\u015bci przyjaznej dla salon\u00f3w.<\/p>","protected":false},"featured_media":2452,"template":"","meta":[],"product_brand":[],"product_cat":[15,30],"product_tag":[646,645,535,647,649,648],"class_list":{"0":"post-2451","1":"product","2":"type-product","3":"status-publish","4":"has-post-thumbnail","6":"product_cat-base-coat","7":"product_cat-colored-rubber-base","8":"product_tag-builder-rubber-base-coat","9":"product_tag-color-rubber-base-gel","10":"product_tag-custom-logo-nail-gel","11":"product_tag-elastic-base-gel","12":"product_tag-soak-off-uv-led-gel","13":"product_tag-wholesale-base-coat-gel","15":"first","16":"instock","17":"shipping-taxable","18":"product-type-simple"},"_links":{"self":[{"href":"https:\/\/bestgelpolish.com\/pl\/wp-json\/wp\/v2\/product\/2451","targetHints":{"allow":["GET"]}}],"collection":[{"href":"https:\/\/bestgelpolish.com\/pl\/wp-json\/wp\/v2\/product"}],"about":[{"href":"https:\/\/bestgelpolish.com\/pl\/wp-json\/wp\/v2\/types\/product"}],"version-history":[{"count":1,"href":"https:\/\/bestgelpolish.com\/pl\/wp-json\/wp\/v2\/product\/2451\/revisions"}],"predecessor-version":[{"id":2456,"href":"https:\/\/bestgelpolish.com\/pl\/wp-json\/wp\/v2\/product\/2451\/revisions\/2456"}],"wp:featuredmedia":[{"embeddable":true,"href":"https:\/\/bestgelpolish.com\/pl\/wp-json\/wp\/v2\/media\/2452"}],"wp:attachment":[{"href":"https:\/\/bestgelpolish.com\/pl\/wp-json\/wp\/v2\/media?parent=2451"}],"wp:term":[{"taxonomy":"product_brand","embeddable":true,"href":"https:\/\/bestgelpolish.com\/pl\/wp-json\/wp\/v2\/product_brand?post=2451"},{"taxonomy":"product_cat","embeddable":true,"href":"https:\/\/bestgelpolish.com\/pl\/wp-json\/wp\/v2\/product_cat?post=2451"},{"taxonomy":"product_tag","embeddable":true,"href":"https:\/\/bestgelpolish.com\/pl\/wp-json\/wp\/v2\/product_tag?post=2451"}],"curies":[{"name":"wp","href":"https:\/\/api.w.org\/{rel}","templated":true}]}}