{"id":2422,"date":"2025-12-30T09:27:49","date_gmt":"2025-12-30T09:27:49","guid":{"rendered":"https:\/\/bestgelpolish.com\/?post_type=product&#038;p=2422"},"modified":"2025-12-30T09:27:49","modified_gmt":"2025-12-30T09:27:49","slug":"wholesale-nude-pink-builder-nail-gel-in-a-bottle-for-oem","status":"publish","type":"product","link":"https:\/\/bestgelpolish.com\/pl\/wholesale-nude-pink-builder-nail-gel-in-a-bottle-for-oem\/","title":{"rendered":"Hurtownia \u017celu do paznokci Nude Pink Builder w butelce dla OEM"},"content":{"rendered":"<p data-start=\"602\" data-end=\"1030\">Ten \u017cel buduj\u0105cy w kolorze nude pink zosta\u0142 zaprojektowany z my\u015bl\u0105 o wygl\u0105dzie \u201ctwoje paznokcie, ale lepsze\u201d, kt\u00f3ry widzisz na zdj\u0119ciu: mi\u0119kkie, delikatne krycie o wysokim po\u0142ysku. Tekstura jest zr\u00f3wnowa\u017cona, dzi\u0119ki czemu porusza si\u0119 i wyr\u00f3wnuje sama, pomagaj\u0105c technikom stworzy\u0107 g\u0142adk\u0105 powierzchni\u0119 przy mniejszej ilo\u015bci pi\u0142owania. Idealnie nadaje si\u0119 do nak\u0142adania na naturalne paznokcie, lekkich przed\u0142u\u017ce\u0144 i manicure strukturalnego, w przypadku kt\u00f3rego wymagana jest wytrzyma\u0142o\u015b\u0107 bez uczucia niepor\u0119czno\u015bci.<\/p>\n<p data-start=\"1032\" data-end=\"1440\" data-is-last-node=\"\" data-is-only-node=\"\">Dla marek i dystrybutor\u00f3w jest to niezawodny podstawowy SKU, poniewa\u017c odcie\u0144 ten jest uniwersalny i przyjazny dla salon\u00f3w. Mo\u017cna go oferowa\u0107 jako codzienny odcie\u0144 nude, baz\u0119 do minimalistycznych zestaw\u00f3w lub podk\u0142ad do Frenchu i zdobienia paznokci. Wsparcie OEM \/ marki w\u0142asnej mo\u017ce obejmowa\u0107 niestandardowe logo, projekt butelki \/ etykiety i tuning odcienia (bardziej mleczny, bardziej przezroczysty lub nieco cieplejszy \/ bardziej r\u00f3\u017cowy nude), aby dopasowa\u0107 si\u0119 do Twojego rynku i stylu marki.<\/p>","protected":false},"excerpt":{"rendered":"<p>\u017bel buduj\u0105cy w kolorze nude pink w butelce, kt\u00f3ry zapewnia czyst\u0105, naturalnie wygl\u0105daj\u0105c\u0105 warstw\u0119 o szklistym po\u0142ysku. P\u0142ynnie si\u0119 poziomuje, tworzy mocny wierzcho\u0142ek i sprawia, \u017ce paznokcie wygl\u0105daj\u0105 elegancko i wyrafinowanie - idealny dla linii b2b OEM \/ marek w\u0142asnych.<\/p>","protected":false},"featured_media":2426,"template":"","meta":[],"product_brand":[],"product_cat":[19],"product_tag":[631,179,263,444,98,613],"class_list":{"0":"post-2422","1":"product","2":"type-product","3":"status-publish","4":"has-post-thumbnail","6":"product_cat-builder-gel","7":"product_tag-builder-gel-in-a-bottle","8":"product_tag-construction-gel","9":"product_tag-nude-pink-builder-gel","10":"product_tag-oem-gel-polish","11":"product_tag-private-label-nail-gel","12":"product_tag-wholesale-builder-gel","14":"first","15":"instock","16":"shipping-taxable","17":"product-type-simple"},"_links":{"self":[{"href":"https:\/\/bestgelpolish.com\/pl\/wp-json\/wp\/v2\/product\/2422","targetHints":{"allow":["GET"]}}],"collection":[{"href":"https:\/\/bestgelpolish.com\/pl\/wp-json\/wp\/v2\/product"}],"about":[{"href":"https:\/\/bestgelpolish.com\/pl\/wp-json\/wp\/v2\/types\/product"}],"version-history":[{"count":2,"href":"https:\/\/bestgelpolish.com\/pl\/wp-json\/wp\/v2\/product\/2422\/revisions"}],"predecessor-version":[{"id":2429,"href":"https:\/\/bestgelpolish.com\/pl\/wp-json\/wp\/v2\/product\/2422\/revisions\/2429"}],"wp:featuredmedia":[{"embeddable":true,"href":"https:\/\/bestgelpolish.com\/pl\/wp-json\/wp\/v2\/media\/2426"}],"wp:attachment":[{"href":"https:\/\/bestgelpolish.com\/pl\/wp-json\/wp\/v2\/media?parent=2422"}],"wp:term":[{"taxonomy":"product_brand","embeddable":true,"href":"https:\/\/bestgelpolish.com\/pl\/wp-json\/wp\/v2\/product_brand?post=2422"},{"taxonomy":"product_cat","embeddable":true,"href":"https:\/\/bestgelpolish.com\/pl\/wp-json\/wp\/v2\/product_cat?post=2422"},{"taxonomy":"product_tag","embeddable":true,"href":"https:\/\/bestgelpolish.com\/pl\/wp-json\/wp\/v2\/product_tag?post=2422"}],"curies":[{"name":"wp","href":"https:\/\/api.w.org\/{rel}","templated":true}]}}