{"id":2415,"date":"2025-12-30T09:22:46","date_gmt":"2025-12-30T09:22:46","guid":{"rendered":"https:\/\/bestgelpolish.com\/?post_type=product&#038;p=2415"},"modified":"2025-12-30T09:22:46","modified_gmt":"2025-12-30T09:22:46","slug":"wholesale-98-color-glitter-rubber-base-coat-gel-12ml-oem","status":"publish","type":"product","link":"https:\/\/bestgelpolish.com\/pl\/wholesale-98-color-glitter-rubber-base-coat-gel-12ml-oem\/","title":{"rendered":"Hurtownia 98-kolorowy brokatowy gumowy \u017cel bazowy 12 ml OEM"},"content":{"rendered":"<p data-start=\"709\" data-end=\"1011\">Odmie\u0144 swoj\u0105 lini\u0119 produkt\u00f3w do piel\u0119gnacji paznokci dzi\u0119ki naszej wszechstronnej gumowej bazie \u017celowej. Dost\u0119pny w kolekcji 98 ol\u015bniewaj\u0105cych odcieni, w tym brokat\u00f3w, \u017cel ten oferuje zar\u00f3wno pi\u0119kno, jak i trwa\u0142o\u015b\u0107. Jest idealny do tworzenia niestandardowych wzor\u00f3w i dodawania blasku ka\u017cdemu manicure.<\/p>\n<p data-start=\"1013\" data-end=\"1272\">Gumowa podstawa zapewnia elastyczno\u015b\u0107 i wytrzyma\u0142o\u015b\u0107, zapobiegaj\u0105c odpryskiwaniu i p\u0119kaniu, a \u0142atwa w aplikacji formu\u0142a zapewnia g\u0142adkie wyko\u0144czenie za ka\u017cdym razem. Dost\u0119pny w butelkach o pojemno\u015bci 12 ml, jest idealny do profesjonalnego u\u017cytku w salonach lub jako cz\u0119\u015b\u0107 oferty detalicznej.<\/p>\n<p data-start=\"1274\" data-end=\"1549\" data-is-last-node=\"\" data-is-only-node=\"\">Chcesz zbudowa\u0107 w\u0142asn\u0105 mark\u0119? Oferujemy us\u0142ugi OEM i marki w\u0142asnej, aby pom\u00f3c Ci stworzy\u0107 lini\u0119 produkt\u00f3w do paznokci dostosowan\u0105 do Twoich unikalnych potrzeb. Niezale\u017cnie od tego, czy dopiero zaczynasz, czy rozszerzasz swoj\u0105 ofert\u0119, ten gumowy \u017cel bazowy zapewnia jako\u015b\u0107 i r\u00f3\u017cnorodno\u015b\u0107, kt\u00f3r\u0105 pokochaj\u0105 Twoi klienci.<\/p>","protected":false},"excerpt":{"rendered":"<p>Nasz wysokiej jako\u015bci \u017cel kolorowy na bazie gumy oferuje 98 osza\u0142amiaj\u0105cych odcieni, w tym opcje brokatu, w butelce o pojemno\u015bci 12 ml. Idealny zar\u00f3wno dla profesjonalnych salon\u00f3w paznokci, jak i sprzedawc\u00f3w detalicznych poszukuj\u0105cych niestandardowych rozwi\u0105za\u0144 pod mark\u0105 w\u0142asn\u0105. Formu\u0142a zosta\u0142a zaprojektowana tak, aby zapewni\u0107 d\u0142ugotrwa\u0142e zu\u017cycie przy g\u0142adkiej aplikacji, dzi\u0119ki czemu klienci mog\u0105 cieszy\u0107 si\u0119 pi\u0119knymi paznokciami, kt\u00f3re pozostaj\u0105 nienaruszone przez d\u0142u\u017cszy czas.<\/p>","protected":false},"featured_media":2419,"template":"","meta":[],"product_brand":[],"product_cat":[15,30],"product_tag":[630,622,629,79,164,139],"class_list":{"0":"post-2415","1":"product","2":"type-product","3":"status-publish","4":"has-post-thumbnail","6":"product_cat-base-coat","7":"product_cat-colored-rubber-base","8":"product_tag-98-color-gel","9":"product_tag-custom-nail-polish","10":"product_tag-glitter-base-coat","11":"product_tag-oem-nail-gel","12":"product_tag-private-label-gel","13":"product_tag-rubber-base-gel","15":"first","16":"instock","17":"shipping-taxable","18":"product-type-simple"},"_links":{"self":[{"href":"https:\/\/bestgelpolish.com\/pl\/wp-json\/wp\/v2\/product\/2415","targetHints":{"allow":["GET"]}}],"collection":[{"href":"https:\/\/bestgelpolish.com\/pl\/wp-json\/wp\/v2\/product"}],"about":[{"href":"https:\/\/bestgelpolish.com\/pl\/wp-json\/wp\/v2\/types\/product"}],"version-history":[{"count":1,"href":"https:\/\/bestgelpolish.com\/pl\/wp-json\/wp\/v2\/product\/2415\/revisions"}],"predecessor-version":[{"id":2421,"href":"https:\/\/bestgelpolish.com\/pl\/wp-json\/wp\/v2\/product\/2415\/revisions\/2421"}],"wp:featuredmedia":[{"embeddable":true,"href":"https:\/\/bestgelpolish.com\/pl\/wp-json\/wp\/v2\/media\/2419"}],"wp:attachment":[{"href":"https:\/\/bestgelpolish.com\/pl\/wp-json\/wp\/v2\/media?parent=2415"}],"wp:term":[{"taxonomy":"product_brand","embeddable":true,"href":"https:\/\/bestgelpolish.com\/pl\/wp-json\/wp\/v2\/product_brand?post=2415"},{"taxonomy":"product_cat","embeddable":true,"href":"https:\/\/bestgelpolish.com\/pl\/wp-json\/wp\/v2\/product_cat?post=2415"},{"taxonomy":"product_tag","embeddable":true,"href":"https:\/\/bestgelpolish.com\/pl\/wp-json\/wp\/v2\/product_tag?post=2415"}],"curies":[{"name":"wp","href":"https:\/\/api.w.org\/{rel}","templated":true}]}}