{"id":2408,"date":"2025-12-30T09:18:30","date_gmt":"2025-12-30T09:18:30","guid":{"rendered":"https:\/\/bestgelpolish.com\/?post_type=product&#038;p=2408"},"modified":"2025-12-30T09:18:31","modified_gmt":"2025-12-30T09:18:31","slug":"wholesale-50-colors-poly-gel-nail-polish-hema-free-acryl-gel","status":"publish","type":"product","link":"https:\/\/bestgelpolish.com\/pl\/wholesale-50-colors-poly-gel-nail-polish-hema-free-acryl-gel\/","title":{"rendered":"Hurtownia 50 kolor\u00f3w Poly Gel Nail Polish HEMA-Free Acryl Gel"},"content":{"rendered":"<p data-start=\"582\" data-end=\"937\">Ten \u017cel poliuretanowy jest przeznaczony dla technik\u00f3w, kt\u00f3rzy chc\u0105 uzyska\u0107 wytrzyma\u0142o\u015b\u0107 akrylu z elastyczno\u015bci\u0105 i komfortem \u017celu. tekstura pozostaje tam, gdzie j\u0105 umie\u015bcisz, dzi\u0119ki czemu zyskujesz wi\u0119cej czasu pracy, czystsze linie sk\u00f3rek i mniej ba\u0142aganu podczas modelowania. utwardza si\u0119 mocno i trwale, pomagaj\u0105c zmniejszy\u0107 p\u0119kanie, jednocze\u015bnie zachowuj\u0105c lekko\u015b\u0107 paznokcia.<\/p>\n<p data-start=\"939\" data-end=\"1271\">Wyb\u00f3r 50 kolor\u00f3w obejmuje delikatne mleczne odcienie, naturalne akty i nowoczesne r\u00f3\u017ce - \u0142atwe odcienie, kt\u00f3re szybko sprzedaj\u0105 si\u0119 w salonach i sklepach detalicznych, poniewa\u017c pasuj\u0105 do codziennych stylizacji. ka\u017cda tubka jest dost\u0119pna w opcjach 30\/60 ml dla r\u00f3\u017cnych potrzeb biznesowych, a bezp\u0142atne pr\u00f3bki u\u0142atwiaj\u0105 przetestowanie koloru, tekstury i zu\u017cycia przed z\u0142o\u017ceniem wi\u0119kszych zam\u00f3wie\u0144 hurtowych.<\/p>\n<p data-start=\"1273\" data-end=\"1431\" data-is-last-node=\"\" data-is-only-node=\"\">Je\u015bli budujesz w\u0142asn\u0105 mark\u0119, obs\u0142uga oem\/odm umo\u017cliwia dodanie logo i stworzenie sp\u00f3jnej, profesjonalnej linii, kt\u00f3r\u0105 klienci mog\u0105 rozpozna\u0107 i ponownie zam\u00f3wi\u0107.<\/p>","protected":false},"excerpt":{"rendered":"<p>Wysokiej jako\u015bci \u017cel poliakrylowy\/akrylowy w 50 odcieniach do noszenia, pakowany w tubki o pojemno\u015bci 30\/60 ml. Wolny od hem\u00f3w, \u0142atwy do kontrolowania i stworzony do czystych, mocnych zestaw\u00f3w salonowych - idealny do sprzeda\u017cy hurtowej i marek w\u0142asnych.<\/p>","protected":false},"featured_media":2413,"template":"","meta":[],"product_brand":[],"product_cat":[21],"product_tag":[628,626,625,294,624,627],"class_list":{"0":"post-2408","1":"product","2":"type-product","3":"status-publish","4":"has-post-thumbnail","6":"product_cat-poly-gel","7":"product_tag-30ml-60ml-poly-gel","8":"product_tag-50-color-poly-gel","9":"product_tag-acryl-gel-oem-odm","10":"product_tag-hema-free-nail-gel","11":"product_tag-poly-gel-wholesale","12":"product_tag-private-label-nail-salon","14":"first","15":"instock","16":"shipping-taxable","17":"product-type-simple"},"_links":{"self":[{"href":"https:\/\/bestgelpolish.com\/pl\/wp-json\/wp\/v2\/product\/2408","targetHints":{"allow":["GET"]}}],"collection":[{"href":"https:\/\/bestgelpolish.com\/pl\/wp-json\/wp\/v2\/product"}],"about":[{"href":"https:\/\/bestgelpolish.com\/pl\/wp-json\/wp\/v2\/types\/product"}],"version-history":[{"count":2,"href":"https:\/\/bestgelpolish.com\/pl\/wp-json\/wp\/v2\/product\/2408\/revisions"}],"predecessor-version":[{"id":3335,"href":"https:\/\/bestgelpolish.com\/pl\/wp-json\/wp\/v2\/product\/2408\/revisions\/3335"}],"wp:featuredmedia":[{"embeddable":true,"href":"https:\/\/bestgelpolish.com\/pl\/wp-json\/wp\/v2\/media\/2413"}],"wp:attachment":[{"href":"https:\/\/bestgelpolish.com\/pl\/wp-json\/wp\/v2\/media?parent=2408"}],"wp:term":[{"taxonomy":"product_brand","embeddable":true,"href":"https:\/\/bestgelpolish.com\/pl\/wp-json\/wp\/v2\/product_brand?post=2408"},{"taxonomy":"product_cat","embeddable":true,"href":"https:\/\/bestgelpolish.com\/pl\/wp-json\/wp\/v2\/product_cat?post=2408"},{"taxonomy":"product_tag","embeddable":true,"href":"https:\/\/bestgelpolish.com\/pl\/wp-json\/wp\/v2\/product_tag?post=2408"}],"curies":[{"name":"wp","href":"https:\/\/api.w.org\/{rel}","templated":true}]}}