{"id":2346,"date":"2025-12-30T07:57:36","date_gmt":"2025-12-30T07:57:36","guid":{"rendered":"https:\/\/bestgelpolish.com\/?post_type=product&#038;p=2346"},"modified":"2025-12-30T07:57:36","modified_gmt":"2025-12-30T07:57:36","slug":"oem-wholesale-private-label-15ml-pink-glitter-gel-polish","status":"publish","type":"product","link":"https:\/\/bestgelpolish.com\/pl\/oem-wholesale-private-label-15ml-pink-glitter-gel-polish\/","title":{"rendered":"OEM Wholesale Private Label 15ml R\u00f3\u017cowy brokatowy \u017cel polski"},"content":{"rendered":"<p data-start=\"581\" data-end=\"949\">Je\u015bli kiedykolwiek mia\u0142e\u015b \u017cel buduj\u0105cy, kt\u00f3ry zalewa\u0142 sk\u00f3rki, opada\u0142 przed utwardzeniem lub wydawa\u0142 si\u0119 kruchy po kilku dniach, wiesz, \u017ce przyczyn\u0105 frustracji nie jest \u201ctechnika\u201d - to formu\u0142a. Ten \u017cel buduj\u0105cy zosta\u0142 stworzony, aby si\u0119 zachowywa\u0107: rozprowadza si\u0119 r\u00f3wnomiernie, zachowuje kszta\u0142t podczas pracy i utwardza si\u0119 w trwa\u0142\u0105 struktur\u0119, kt\u00f3ra wspiera d\u0142ugo\u015b\u0107 i wzmacnia s\u0142abe paznokcie.<\/p>\n<p data-start=\"951\" data-end=\"1239\">Odcienie na zdj\u0119ciu s\u0105 zgodne z tym, o co naprawd\u0119 prosz\u0105 klienci: naturalne r\u00f3\u017ce, mleczne odcienie galaretki i delikatny brokat, kt\u00f3ry jest subtelny, a nie masywny. U\u0142atwia to sprzeda\u017c zestaw\u00f3w \u201ctwoje paznokcie, ale lepsze\u201d, stylizacji \u015blubnych i codziennego noszenia w salonie bez pod\u0105\u017cania za trendami, kt\u00f3re umieraj\u0105 w ci\u0105gu dw\u00f3ch tygodni.<\/p>\n<p data-start=\"1241\" data-end=\"1440\" data-is-last-node=\"\" data-is-only-node=\"\">Dla nabywc\u00f3w B2B, zosta\u0142 stworzony z my\u015bl\u0105 o sp\u00f3jno\u015bci i skali: Przyjazny dla OEM \/ marki w\u0142asnej, prezentacja gotowa do salonu i wszechstronna baza, kt\u00f3ra dzia\u0142a w przypadku nak\u0142adek, przed\u0142u\u017ce\u0144 i us\u0142ug szybkiego wzmacniania.<\/p>","protected":false},"excerpt":{"rendered":"<p>Ten \u017cel buduj\u0105cy o pojemno\u015bci 15 ml zapewnia czyste, delikatne r\u00f3\u017cowe wyko\u0144czenie oraz subtelne brokatowe opcje, kt\u00f3re wygl\u0105daj\u0105 drogo w ka\u017cdym \u015bwietle. G\u0142adko si\u0119 wyr\u00f3wnuje, dobrze trzyma i pomaga tworzy\u0107 mocne nak\u0142adki lub przed\u0142u\u017cenia bez walki z produktem.<\/p>","protected":false},"featured_media":2349,"template":"","meta":[],"product_brand":[],"product_cat":[19],"product_tag":[597,598,155,97,596,164],"class_list":{"0":"post-2346","1":"product","2":"type-product","3":"status-publish","4":"has-post-thumbnail","6":"product_cat-builder-gel","7":"product_tag-15ml-gel-polish","8":"product_tag-b2b-oem-wholesale","9":"product_tag-builder-gel","10":"product_tag-nail-extension-gel","11":"product_tag-pink-glitter-gel","12":"product_tag-private-label-gel","14":"first","15":"instock","16":"shipping-taxable","17":"product-type-simple"},"_links":{"self":[{"href":"https:\/\/bestgelpolish.com\/pl\/wp-json\/wp\/v2\/product\/2346","targetHints":{"allow":["GET"]}}],"collection":[{"href":"https:\/\/bestgelpolish.com\/pl\/wp-json\/wp\/v2\/product"}],"about":[{"href":"https:\/\/bestgelpolish.com\/pl\/wp-json\/wp\/v2\/types\/product"}],"version-history":[{"count":1,"href":"https:\/\/bestgelpolish.com\/pl\/wp-json\/wp\/v2\/product\/2346\/revisions"}],"predecessor-version":[{"id":2353,"href":"https:\/\/bestgelpolish.com\/pl\/wp-json\/wp\/v2\/product\/2346\/revisions\/2353"}],"wp:featuredmedia":[{"embeddable":true,"href":"https:\/\/bestgelpolish.com\/pl\/wp-json\/wp\/v2\/media\/2349"}],"wp:attachment":[{"href":"https:\/\/bestgelpolish.com\/pl\/wp-json\/wp\/v2\/media?parent=2346"}],"wp:term":[{"taxonomy":"product_brand","embeddable":true,"href":"https:\/\/bestgelpolish.com\/pl\/wp-json\/wp\/v2\/product_brand?post=2346"},{"taxonomy":"product_cat","embeddable":true,"href":"https:\/\/bestgelpolish.com\/pl\/wp-json\/wp\/v2\/product_cat?post=2346"},{"taxonomy":"product_tag","embeddable":true,"href":"https:\/\/bestgelpolish.com\/pl\/wp-json\/wp\/v2\/product_tag?post=2346"}],"curies":[{"name":"wp","href":"https:\/\/api.w.org\/{rel}","templated":true}]}}