{"id":2322,"date":"2025-12-30T07:40:40","date_gmt":"2025-12-30T07:40:40","guid":{"rendered":"https:\/\/bestgelpolish.com\/?post_type=product&#038;p=2322"},"modified":"2025-12-30T07:40:40","modified_gmt":"2025-12-30T07:40:40","slug":"wholesale-fiberglass-rubber-base-gel-nail-repair-builder-2","status":"publish","type":"product","link":"https:\/\/bestgelpolish.com\/pl\/wholesale-fiberglass-rubber-base-gel-nail-repair-builder-2\/","title":{"rendered":"Hurtownia \u017celu do naprawy paznokci na bazie gumy z w\u0142\u00f3kna szklanego"},"content":{"rendered":"<p>Ten \u017cel na bazie gumy z w\u0142\u00f3kna szklanego zosta\u0142 opracowany dla profesjonalist\u00f3w zajmuj\u0105cych si\u0119 paznokciami, kt\u00f3rzy potrzebuj\u0105 niezawodnej wytrzyma\u0142o\u015bci i elastyczno\u015bci w jednym produkcie. nasycony w\u0142\u00f3knami szklanymi, pomaga naprawi\u0107 pop\u0119kane lub cienkie paznokcie, jednocze\u015bnie wzmacniaj\u0105c naturaln\u0105 struktur\u0119 paznokcia. samopoziomuj\u0105ca tekstura umo\u017cliwia \u0142atw\u0105 aplikacj\u0119, g\u0142adkie budowanie i doskona\u0142\u0105 przyczepno\u015b\u0107. po utwardzeniu w \u015bwietle UV lub LED tworzy trwa\u0142\u0105, ale elastyczn\u0105 podstaw\u0119, kt\u00f3ra ogranicza podnoszenie i p\u0119kanie. nadaje si\u0119 do naprawy paznokci, wsparcia przed\u0142u\u017cania paznokci i d\u0142ugotrwa\u0142ego manicure \u017celowego w salonach i hurtowniach.<\/p>","protected":false},"excerpt":{"rendered":"<p>Ten \u017cel na bazie gumy z w\u0142\u00f3kna szklanego pomaga wzmocni\u0107 s\u0142abe lub uszkodzone paznokcie, jednocze\u015bnie tworz\u0105c g\u0142adk\u0105, elastyczn\u0105 podstaw\u0119. naprawia p\u0119kni\u0119cia, dodaje si\u0142y i wspiera d\u0142ugotrwa\u0142y manicure bez uczucia ci\u0119\u017cko\u015bci.<\/p>","protected":false},"featured_media":2325,"template":"","meta":[],"product_brand":[],"product_cat":[18],"product_tag":[508,587,588,98,589,94],"class_list":{"0":"post-2322","1":"product","2":"type-product","3":"status-publish","4":"has-post-thumbnail","6":"product_cat-reinforcing-gel","7":"product_tag-builder-base-gel","8":"product_tag-fiberglass-rubber-base-gel","9":"product_tag-nail-repair-gel","10":"product_tag-private-label-nail-gel","11":"product_tag-salon-nail-supplies","12":"product_tag-wholesale-nail-products","14":"first","15":"instock","16":"shipping-taxable","17":"product-type-simple"},"_links":{"self":[{"href":"https:\/\/bestgelpolish.com\/pl\/wp-json\/wp\/v2\/product\/2322","targetHints":{"allow":["GET"]}}],"collection":[{"href":"https:\/\/bestgelpolish.com\/pl\/wp-json\/wp\/v2\/product"}],"about":[{"href":"https:\/\/bestgelpolish.com\/pl\/wp-json\/wp\/v2\/types\/product"}],"version-history":[{"count":2,"href":"https:\/\/bestgelpolish.com\/pl\/wp-json\/wp\/v2\/product\/2322\/revisions"}],"predecessor-version":[{"id":2330,"href":"https:\/\/bestgelpolish.com\/pl\/wp-json\/wp\/v2\/product\/2322\/revisions\/2330"}],"wp:featuredmedia":[{"embeddable":true,"href":"https:\/\/bestgelpolish.com\/pl\/wp-json\/wp\/v2\/media\/2325"}],"wp:attachment":[{"href":"https:\/\/bestgelpolish.com\/pl\/wp-json\/wp\/v2\/media?parent=2322"}],"wp:term":[{"taxonomy":"product_brand","embeddable":true,"href":"https:\/\/bestgelpolish.com\/pl\/wp-json\/wp\/v2\/product_brand?post=2322"},{"taxonomy":"product_cat","embeddable":true,"href":"https:\/\/bestgelpolish.com\/pl\/wp-json\/wp\/v2\/product_cat?post=2322"},{"taxonomy":"product_tag","embeddable":true,"href":"https:\/\/bestgelpolish.com\/pl\/wp-json\/wp\/v2\/product_tag?post=2322"}],"curies":[{"name":"wp","href":"https:\/\/api.w.org\/{rel}","templated":true}]}}