{"id":2314,"date":"2025-12-30T07:34:37","date_gmt":"2025-12-30T07:34:37","guid":{"rendered":"https:\/\/bestgelpolish.com\/?post_type=product&#038;p=2314"},"modified":"2025-12-30T07:35:49","modified_gmt":"2025-12-30T07:35:49","slug":"oem-creamy-builder-gel-for-nail-art-wholesale-bulk-1kg","status":"publish","type":"product","link":"https:\/\/bestgelpolish.com\/pl\/oem-creamy-builder-gel-for-nail-art-wholesale-bulk-1kg\/","title":{"rendered":"Kremowy \u017cel buduj\u0105cy OEM do zdobienia paznokci - hurtowo 1 kg"},"content":{"rendered":"<p>Odmie\u0144 swoje paznokcie dzi\u0119ki naszemu kremowemu \u017celowi buduj\u0105cemu bez HEMA, zaprojektowanemu z my\u015bl\u0105 o najwy\u017cszej elastyczno\u015bci i wytrzyma\u0142o\u015bci. Niezale\u017cnie od tego, czy tworzysz skomplikowane projekty, czy trwa\u0142e przed\u0142u\u017canie paznokci, \u017cel ten zapewnia p\u0142ynn\u0105 aplikacj\u0119, d\u0142ugotrwa\u0142e rezultaty i b\u0142yszcz\u0105ce wyko\u0144czenie. Dost\u0119pny w 16 \u017cywych odcieniach, zaspokaja szerok\u0105 gam\u0119 kreatywnych styl\u00f3w. Dzi\u0119ki mo\u017cliwo\u015bci dodania niestandardowego logo, idealnie nadaje si\u0119 do u\u017cytku profesjonalnego, etykietowania prywatnego lub dystrybucji hurtowej. S\u0142oiki o pojemno\u015bci 1 kg s\u0105 idealne dla du\u017cych firm, kt\u00f3re chc\u0105 zaopatrzy\u0107 si\u0119 w produkty premium.<\/p>","protected":false},"excerpt":{"rendered":"<p>Nasz kremowy \u017cel buduj\u0105cy UV niezawieraj\u0105cy HEMA to pozycja obowi\u0105zkowa dla profesjonalist\u00f3w poszukuj\u0105cych wysokiej jako\u015bci i wszechstronno\u015bci. Dost\u0119pny w 16 osza\u0142amiaj\u0105cych kolorach, ten \u017cel buduj\u0105cy zapewnia trwa\u0142e, nieskazitelne przed\u0142u\u017canie paznokci. Oferowany w s\u0142oikach 1 kg do zakup\u00f3w hurtowych, jest idealny dla salon\u00f3w i marek w\u0142asnych. Dost\u0119pne s\u0105 niestandardowe opcje brandingu dla Twojej firmy.<\/p>","protected":false},"featured_media":2319,"template":"","meta":[],"product_brand":[],"product_cat":[21],"product_tag":[586,584,185,160,97,585],"class_list":{"0":"post-2314","1":"product","2":"type-product","3":"status-publish","4":"has-post-thumbnail","6":"product_cat-poly-gel","7":"product_tag-1kg-jar-gel","8":"product_tag-creamy-builder-gel","9":"product_tag-custom-logo-gel","10":"product_tag-hema-free-gel","11":"product_tag-nail-extension-gel","12":"product_tag-wholesale-gel","14":"first","15":"instock","16":"shipping-taxable","17":"product-type-simple"},"_links":{"self":[{"href":"https:\/\/bestgelpolish.com\/pl\/wp-json\/wp\/v2\/product\/2314","targetHints":{"allow":["GET"]}}],"collection":[{"href":"https:\/\/bestgelpolish.com\/pl\/wp-json\/wp\/v2\/product"}],"about":[{"href":"https:\/\/bestgelpolish.com\/pl\/wp-json\/wp\/v2\/types\/product"}],"version-history":[{"count":1,"href":"https:\/\/bestgelpolish.com\/pl\/wp-json\/wp\/v2\/product\/2314\/revisions"}],"predecessor-version":[{"id":2321,"href":"https:\/\/bestgelpolish.com\/pl\/wp-json\/wp\/v2\/product\/2314\/revisions\/2321"}],"wp:featuredmedia":[{"embeddable":true,"href":"https:\/\/bestgelpolish.com\/pl\/wp-json\/wp\/v2\/media\/2319"}],"wp:attachment":[{"href":"https:\/\/bestgelpolish.com\/pl\/wp-json\/wp\/v2\/media?parent=2314"}],"wp:term":[{"taxonomy":"product_brand","embeddable":true,"href":"https:\/\/bestgelpolish.com\/pl\/wp-json\/wp\/v2\/product_brand?post=2314"},{"taxonomy":"product_cat","embeddable":true,"href":"https:\/\/bestgelpolish.com\/pl\/wp-json\/wp\/v2\/product_cat?post=2314"},{"taxonomy":"product_tag","embeddable":true,"href":"https:\/\/bestgelpolish.com\/pl\/wp-json\/wp\/v2\/product_tag?post=2314"}],"curies":[{"name":"wp","href":"https:\/\/api.w.org\/{rel}","templated":true}]}}