{"id":2276,"date":"2025-12-30T06:08:50","date_gmt":"2025-12-30T06:08:50","guid":{"rendered":"https:\/\/bestgelpolish.com\/?post_type=product&#038;p=2276"},"modified":"2025-12-30T06:08:50","modified_gmt":"2025-12-30T06:08:50","slug":"wholesale-reflective-glitter-powder-for-nail-art-12-colors","status":"publish","type":"product","link":"https:\/\/bestgelpolish.com\/pl\/wholesale-reflective-glitter-powder-for-nail-art-12-colors\/","title":{"rendered":"Hurtowy odblaskowy proszek brokatowy do zdobienia paznokci 12 kolor\u00f3w"},"content":{"rendered":"<p>Ten brokatowy zestaw zosta\u0142 stworzony z my\u015bl\u0105 o chwilach, gdy chcesz, aby paznokcie skrad\u0142y scen\u0119. ka\u017cdy odcie\u0144 jest wype\u0142niony drobnymi odblaskowymi cz\u0105steczkami, kt\u00f3re wygl\u0105daj\u0105 bogato w normalnym \u015bwietle, a nast\u0119pnie mocno wyskakuj\u0105 pod lamp\u0105 b\u0142yskow\u0105 i jasnym o\u015bwietleniem wewn\u0119trznym - pomy\u015bl o ciemnej nocy iskrzenia z wyra\u017anym, diamentowym po\u0142yskiem. gama kolor\u00f3w obejmuje klasyczne srebro, g\u0142\u0119bokie i elektryczne b\u0142\u0119kity, odcienie fioletu i neonow\u0105 ziele\u0144, kt\u00f3ra wygl\u0105da szczeg\u00f3lnie \u017cywo na czarnych lub przezroczystych bazach. Konsystencja proszku jest na tyle delikatna, \u017ce mo\u017cna go g\u0142adko wciska\u0107, miesza\u0107 w celu uzyskania gradient\u00f3w lub nak\u0142ada\u0107 warstwami, aby uzyska\u0107 pe\u0142ne krycie bez uczucia grudek. u\u017cywaj go z \u017celow\u0105 warstw\u0105 wierzchni\u0105, aby uzyska\u0107 szkliste wyko\u0144czenie, lub wymieszaj go z \u017celem, aby uzyska\u0107 niestandardowe odcienie brokatu, kt\u00f3rych klienci nie znajd\u0105 wsz\u0119dzie. idealny dla nabywc\u00f3w b2b, kt\u00f3rzy chc\u0105 niezawodnej, gotowej do zdj\u0119\u0107 linii brokatu, kt\u00f3ra dobrze sprawdza si\u0119 w salonach, zestawach i ekspozycjach detalicznych.<\/p>","protected":false},"excerpt":{"rendered":"<p>Zestaw super odblaskowych brokat\u00f3w w proszku, kt\u00f3re zmieniaj\u0105 \u015bwiat\u0142o w \u201cdyskotekowy\u201d blask. 12 przyci\u0105gaj\u0105cych wzrok odcieni do szybkiego i efektownego zdobienia paznokci \u017celem, akrylem lub lakierem hybrydowym.<\/p>","protected":false},"featured_media":2280,"template":"","meta":[],"product_brand":[],"product_cat":[26],"product_tag":[568,566,565,558,567,74],"class_list":{"0":"post-2276","1":"product","2":"type-product","3":"status-publish","4":"has-post-thumbnail","6":"product_cat-glitter-powder","7":"product_tag-12-color-glitter-set","8":"product_tag-diamond-sparkle-glitter","9":"product_tag-disco-nail-pigment","10":"product_tag-reflective-glitter-powder","11":"product_tag-super-flash-nail-art","12":"product_tag-wholesale-nail-supplies","14":"first","15":"instock","16":"shipping-taxable","17":"product-type-simple"},"_links":{"self":[{"href":"https:\/\/bestgelpolish.com\/pl\/wp-json\/wp\/v2\/product\/2276","targetHints":{"allow":["GET"]}}],"collection":[{"href":"https:\/\/bestgelpolish.com\/pl\/wp-json\/wp\/v2\/product"}],"about":[{"href":"https:\/\/bestgelpolish.com\/pl\/wp-json\/wp\/v2\/types\/product"}],"version-history":[{"count":3,"href":"https:\/\/bestgelpolish.com\/pl\/wp-json\/wp\/v2\/product\/2276\/revisions"}],"predecessor-version":[{"id":3317,"href":"https:\/\/bestgelpolish.com\/pl\/wp-json\/wp\/v2\/product\/2276\/revisions\/3317"}],"wp:featuredmedia":[{"embeddable":true,"href":"https:\/\/bestgelpolish.com\/pl\/wp-json\/wp\/v2\/media\/2280"}],"wp:attachment":[{"href":"https:\/\/bestgelpolish.com\/pl\/wp-json\/wp\/v2\/media?parent=2276"}],"wp:term":[{"taxonomy":"product_brand","embeddable":true,"href":"https:\/\/bestgelpolish.com\/pl\/wp-json\/wp\/v2\/product_brand?post=2276"},{"taxonomy":"product_cat","embeddable":true,"href":"https:\/\/bestgelpolish.com\/pl\/wp-json\/wp\/v2\/product_cat?post=2276"},{"taxonomy":"product_tag","embeddable":true,"href":"https:\/\/bestgelpolish.com\/pl\/wp-json\/wp\/v2\/product_tag?post=2276"}],"curies":[{"name":"wp","href":"https:\/\/api.w.org\/{rel}","templated":true}]}}