{"id":2270,"date":"2025-12-30T05:58:03","date_gmt":"2025-12-30T05:58:03","guid":{"rendered":"https:\/\/bestgelpolish.com\/?post_type=product&#038;p=2270"},"modified":"2025-12-30T05:58:03","modified_gmt":"2025-12-30T05:58:03","slug":"wholesale-2-in-1-rubber-base-gel-color-gel-for-b2b","status":"publish","type":"product","link":"https:\/\/bestgelpolish.com\/pl\/wholesale-2-in-1-rubber-base-gel-color-gel-for-b2b\/","title":{"rendered":"Hurtownia 2 w 1 Gumowa baza \u017celowa \u017bel kolorowy dla B2B"},"content":{"rendered":"<p>do\u015bwiadcz wygody i jako\u015bci modnego kolorowego \u017celu bazowego skywei. dost\u0119pny w rozmiarach 10 ml i 15 ml, produkt ten oferuje idealne po\u0142\u0105czenie bazy i \u017celu kolorowego, dzi\u0119ki czemu \u0142atwo jest uzyska\u0107 elegancki, profesjonalny wygl\u0105d przy minimalnym wysi\u0142ku. \u017cel ma umiarkowan\u0105 lepko\u015b\u0107, zapewniaj\u0105c g\u0142adk\u0105 aplikacj\u0119 i trwa\u0142e zu\u017cycie. niezale\u017cnie od tego, czy chcesz stworzy\u0107 delikatny nude, czy odwa\u017cny odcie\u0144, r\u00f3\u017cnorodno\u015b\u0107 kolor\u00f3w w tej linii zapewnia niesko\u0144czone mo\u017cliwo\u015bci. Idealny dla salon\u00f3w, sprzedawc\u00f3w detalicznych lub ka\u017cdego, kto chce usprawni\u0107 proces manicure \u017celowego, ten produkt 2 w 1 jest niezb\u0119dny dla ka\u017cdego w bran\u017cy piel\u0119gnacji paznokci. dzi\u0119ki \u0142atwej aplikacji i wysokiej jako\u015bci formule Twoje klientki pokochaj\u0105 d\u0142ugotrwa\u0142e, nieskazitelne rezultaty.<\/p>","protected":false},"excerpt":{"rendered":"<p>Ten gumowy \u017cel bazowy 2 w 1 \u0142\u0105czy w sobie zar\u00f3wno baz\u0119, jak i \u017cel kolorowy w jednej \u0142atwej aplikacji. dost\u0119pny w r\u00f3\u017cnych modnych odcieniach, jest idealny do tworzenia g\u0142adkiego, trwa\u0142ego wyko\u0144czenia za pomoc\u0105 jednego kroku. idealny do salon\u00f3w i hurtowni b2b.<\/p>","protected":false},"featured_media":2271,"template":"","meta":[],"product_brand":[],"product_cat":[15,30],"product_tag":[562,454,563,564,143,74],"class_list":{"0":"post-2270","1":"product","2":"type-product","3":"status-publish","4":"has-post-thumbnail","6":"product_cat-base-coat","7":"product_cat-colored-rubber-base","8":"product_tag-2-in-1-rubber-base-gel","9":"product_tag-color-base-gel","10":"product_tag-fashionable-rubber-base-gel","11":"product_tag-long-lasting-color-gel","12":"product_tag-salon-gel-polish","13":"product_tag-wholesale-nail-supplies","15":"first","16":"instock","17":"shipping-taxable","18":"product-type-simple"},"_links":{"self":[{"href":"https:\/\/bestgelpolish.com\/pl\/wp-json\/wp\/v2\/product\/2270","targetHints":{"allow":["GET"]}}],"collection":[{"href":"https:\/\/bestgelpolish.com\/pl\/wp-json\/wp\/v2\/product"}],"about":[{"href":"https:\/\/bestgelpolish.com\/pl\/wp-json\/wp\/v2\/types\/product"}],"version-history":[{"count":1,"href":"https:\/\/bestgelpolish.com\/pl\/wp-json\/wp\/v2\/product\/2270\/revisions"}],"predecessor-version":[{"id":2275,"href":"https:\/\/bestgelpolish.com\/pl\/wp-json\/wp\/v2\/product\/2270\/revisions\/2275"}],"wp:featuredmedia":[{"embeddable":true,"href":"https:\/\/bestgelpolish.com\/pl\/wp-json\/wp\/v2\/media\/2271"}],"wp:attachment":[{"href":"https:\/\/bestgelpolish.com\/pl\/wp-json\/wp\/v2\/media?parent=2270"}],"wp:term":[{"taxonomy":"product_brand","embeddable":true,"href":"https:\/\/bestgelpolish.com\/pl\/wp-json\/wp\/v2\/product_brand?post=2270"},{"taxonomy":"product_cat","embeddable":true,"href":"https:\/\/bestgelpolish.com\/pl\/wp-json\/wp\/v2\/product_cat?post=2270"},{"taxonomy":"product_tag","embeddable":true,"href":"https:\/\/bestgelpolish.com\/pl\/wp-json\/wp\/v2\/product_tag?post=2270"}],"curies":[{"name":"wp","href":"https:\/\/api.w.org\/{rel}","templated":true}]}}