{"id":2253,"date":"2025-12-30T03:55:37","date_gmt":"2025-12-30T03:55:37","guid":{"rendered":"https:\/\/bestgelpolish.com\/?post_type=product&#038;p=2253"},"modified":"2025-12-30T03:55:37","modified_gmt":"2025-12-30T03:55:37","slug":"wholesale-semi-cured-gel-nail-stickers-blue-gold-marble","status":"publish","type":"product","link":"https:\/\/bestgelpolish.com\/pl\/wholesale-semi-cured-gel-nail-stickers-blue-gold-marble\/","title":{"rendered":"Hurtownia p\u00f3\u0142utwardzonych \u017celowych naklejek na paznokcie Blue Gold Marble"},"content":{"rendered":"<p>Ten zestaw jest przeznaczony dla klient\u00f3w, kt\u00f3rzy chc\u0105 odwa\u017cnego wzoru bez czasu, ba\u0142aganu i pracy p\u0119dzlem. owijki s\u0105 wst\u0119pnie zaprojektowane w g\u0142\u0119bokim niebieskim ombr\u00e9 z falami w stylu marmuru i delikatnymi z\u0142otymi liniami, dzi\u0119ki czemu ka\u017cdy paznokie\u0107 wygl\u0105da na celowy i zr\u00f3wnowa\u017cony. \u017cel jest cz\u0119\u015bciowo utwardzony, co oznacza, \u017ce pozostaje wystarczaj\u0105co elastyczny, aby pasowa\u0107 i czysto dociska\u0107, a nast\u0119pnie staje si\u0119 twardy i b\u0142yszcz\u0105cy po szybkim utwardzeniu pod lamp\u0105 UV \/ LED. Po utwardzeniu powierzchnia wygl\u0105da jak prawdziwy manicure \u017celowy - g\u0142adka, trwa\u0142a i odporna na codzienne zarysowania. jest to mocna opcja dla zam\u00f3wie\u0144 b2b, poniewa\u017c wygl\u0105d jest bardzo efektowny, aplikacja jest przyjazna dla pocz\u0105tkuj\u0105cych, a wyniki s\u0105 pi\u0119knie fotografowane w ofertach online i menu salon\u00f3w. idealny dla sprzedawc\u00f3w detalicznych, salon\u00f3w i dystrybutor\u00f3w, kt\u00f3rzy chc\u0105 nowoczesnego, wysokiej jako\u015bci stylu owijania paznokci o sta\u0142ej jako\u015bci.<\/p>","protected":false},"excerpt":{"rendered":"<p>Uzyskaj marmurowy wygl\u0105d jak w salonie w kilka minut. te p\u00f3\u0142utwardzone \u017celowe ok\u0142ady s\u0105 grube i g\u0142adkie, utwardzaj\u0105 si\u0119 pod wp\u0142ywem promieniowania UV \/ LED i ko\u0144cz\u0105 si\u0119 szklistym po\u0142yskiem i czystymi kraw\u0119dziami.<\/p>","protected":false},"featured_media":2254,"template":"","meta":[],"product_brand":[],"product_cat":[22],"product_tag":[551,549,552,548,550,74],"class_list":{"0":"post-2253","1":"product","2":"type-product","3":"status-publish","4":"has-post-thumbnail","6":"product_cat-sticker-gel","7":"product_tag-blue-marble-nail-design","8":"product_tag-gel-nail-stickers","9":"product_tag-gold-line-nail-art","10":"product_tag-semi-cured-gel-wraps","11":"product_tag-uv-led-cure-wraps","12":"product_tag-wholesale-nail-supplies","14":"first","15":"instock","16":"shipping-taxable","17":"product-type-simple"},"_links":{"self":[{"href":"https:\/\/bestgelpolish.com\/pl\/wp-json\/wp\/v2\/product\/2253","targetHints":{"allow":["GET"]}}],"collection":[{"href":"https:\/\/bestgelpolish.com\/pl\/wp-json\/wp\/v2\/product"}],"about":[{"href":"https:\/\/bestgelpolish.com\/pl\/wp-json\/wp\/v2\/types\/product"}],"version-history":[{"count":1,"href":"https:\/\/bestgelpolish.com\/pl\/wp-json\/wp\/v2\/product\/2253\/revisions"}],"predecessor-version":[{"id":2260,"href":"https:\/\/bestgelpolish.com\/pl\/wp-json\/wp\/v2\/product\/2253\/revisions\/2260"}],"wp:featuredmedia":[{"embeddable":true,"href":"https:\/\/bestgelpolish.com\/pl\/wp-json\/wp\/v2\/media\/2254"}],"wp:attachment":[{"href":"https:\/\/bestgelpolish.com\/pl\/wp-json\/wp\/v2\/media?parent=2253"}],"wp:term":[{"taxonomy":"product_brand","embeddable":true,"href":"https:\/\/bestgelpolish.com\/pl\/wp-json\/wp\/v2\/product_brand?post=2253"},{"taxonomy":"product_cat","embeddable":true,"href":"https:\/\/bestgelpolish.com\/pl\/wp-json\/wp\/v2\/product_cat?post=2253"},{"taxonomy":"product_tag","embeddable":true,"href":"https:\/\/bestgelpolish.com\/pl\/wp-json\/wp\/v2\/product_tag?post=2253"}],"curies":[{"name":"wp","href":"https:\/\/api.w.org\/{rel}","templated":true}]}}