{"id":2235,"date":"2025-12-30T03:56:03","date_gmt":"2025-12-30T03:56:03","guid":{"rendered":"https:\/\/bestgelpolish.com\/?post_type=product&#038;p=2235"},"modified":"2025-12-30T03:56:03","modified_gmt":"2025-12-30T03:56:03","slug":"non-toxic-polyester-extra-fine-holographic-glitter-powder","status":"publish","type":"product","link":"https:\/\/bestgelpolish.com\/pl\/non-toxic-polyester-extra-fine-holographic-glitter-powder\/","title":{"rendered":"Nietoksyczny poliestrowy bardzo drobny brokat holograficzny w proszku"},"content":{"rendered":"<p data-start=\"560\" data-end=\"936\">Ten nietoksyczny poliestrowy brokat w proszku jest przeznaczony dla tych, kt\u00f3rzy chc\u0105 osza\u0142amiaj\u0105cego, wszechstronnego po\u0142ysku w swoich projektach. holograficzne wyko\u0144czenie odbija \u015bwiat\u0142o w wielu kolorach, tworz\u0105c hipnotyzuj\u0105cy efekt na paznokciach i makija\u017cu. mieszanka bardzo drobnego i grubego brokatu zapewnia dynamiczn\u0105 tekstur\u0119, kt\u00f3ra dodaje wymiaru i g\u0142\u0119bi ka\u017cdej aplikacji.<\/p>\n<p data-start=\"938\" data-end=\"1425\" data-is-last-node=\"\" data-is-only-node=\"\">Niezale\u017cnie od tego, czy tworzysz skomplikowane zdobienia paznokci, poprawiasz wygl\u0105d makija\u017cu, czy dodajesz niepowtarzalny akcent do r\u0119kodzie\u0142a, ten brokat jest idealny dla wszystkich. jest bezpieczny w u\u017cyciu na sk\u00f3rze, dzi\u0119ki czemu jest idealny zar\u00f3wno dla profesjonalist\u00f3w, jak i entuzjast\u00f3w majsterkowania. dzi\u0119ki delikatnej, g\u0142adkiej konsystencji, kt\u00f3ra jest \u0142atwa do na\u0142o\u017cenia, brokat ten zapewnia nieskazitelne wyko\u0144czenie za ka\u017cdym razem. dla nabywc\u00f3w B2B jest to \u015bwietny dodatek do asortymentu produkt\u00f3w, oferuj\u0105cy \u017cywe, wysokiej jako\u015bci iskierki do niestandardowych projekt\u00f3w, marek w\u0142asnych lub zam\u00f3wie\u0144 na du\u017c\u0105 skal\u0119.<\/p>","protected":false},"excerpt":{"rendered":"<p>Ten nietoksyczny poliestrowy brokat w proszku \u0142\u0105czy w sobie bardzo drobne i grube holograficzne cz\u0105steczki, idealne do tworzenia ol\u015bniewaj\u0105cych projekt\u00f3w kosmetycznych i zdobienia paznokci. z \u0142atwo\u015bci\u0105 dodaj blasku ka\u017cdej kreacji.<\/p>","protected":false},"featured_media":2239,"template":"","meta":[],"product_brand":[],"product_cat":[26],"product_tag":[555,460,554,553,556,557],"class_list":{"0":"post-2235","1":"product","2":"type-product","3":"status-publish","4":"has-post-thumbnail","6":"product_cat-glitter-powder","7":"product_tag-chunky-glitter","8":"product_tag-cosmetic-glitter","9":"product_tag-extra-fine-glitter-powder","10":"product_tag-holographic-glitter","11":"product_tag-non-toxic-glitter","12":"product_tag-wholesale-glitter-for-nails","14":"first","15":"instock","16":"shipping-taxable","17":"product-type-simple"},"_links":{"self":[{"href":"https:\/\/bestgelpolish.com\/pl\/wp-json\/wp\/v2\/product\/2235","targetHints":{"allow":["GET"]}}],"collection":[{"href":"https:\/\/bestgelpolish.com\/pl\/wp-json\/wp\/v2\/product"}],"about":[{"href":"https:\/\/bestgelpolish.com\/pl\/wp-json\/wp\/v2\/types\/product"}],"version-history":[{"count":1,"href":"https:\/\/bestgelpolish.com\/pl\/wp-json\/wp\/v2\/product\/2235\/revisions"}],"predecessor-version":[{"id":2261,"href":"https:\/\/bestgelpolish.com\/pl\/wp-json\/wp\/v2\/product\/2235\/revisions\/2261"}],"wp:featuredmedia":[{"embeddable":true,"href":"https:\/\/bestgelpolish.com\/pl\/wp-json\/wp\/v2\/media\/2239"}],"wp:attachment":[{"href":"https:\/\/bestgelpolish.com\/pl\/wp-json\/wp\/v2\/media?parent=2235"}],"wp:term":[{"taxonomy":"product_brand","embeddable":true,"href":"https:\/\/bestgelpolish.com\/pl\/wp-json\/wp\/v2\/product_brand?post=2235"},{"taxonomy":"product_cat","embeddable":true,"href":"https:\/\/bestgelpolish.com\/pl\/wp-json\/wp\/v2\/product_cat?post=2235"},{"taxonomy":"product_tag","embeddable":true,"href":"https:\/\/bestgelpolish.com\/pl\/wp-json\/wp\/v2\/product_tag?post=2235"}],"curies":[{"name":"wp","href":"https:\/\/api.w.org\/{rel}","templated":true}]}}