{"id":2221,"date":"2025-12-30T03:26:41","date_gmt":"2025-12-30T03:26:41","guid":{"rendered":"https:\/\/bestgelpolish.com\/?post_type=product&#038;p=2221"},"modified":"2025-12-30T03:26:41","modified_gmt":"2025-12-30T03:26:41","slug":"wholesale-65w-35000rpm-electric-nail-drill-desktop-file","status":"publish","type":"product","link":"https:\/\/bestgelpolish.com\/pl\/wholesale-65w-35000rpm-electric-nail-drill-desktop-file\/","title":{"rendered":"Hurtownia 65W 35000RPM Elektryczna wiertarka do paznokci Pilnik biurkowy"},"content":{"rendered":"<p data-start=\"599\" data-end=\"972\">Ta profesjonalna wiertarka do paznokci zosta\u0142a zaprojektowana z my\u015bl\u0105 o dniu, w kt\u00f3rym przemieszczasz si\u0119 od klienta do klienta i nie mo\u017cesz sobie pozwoli\u0107 na chwiejn\u0105 wydajno\u015b\u0107. 65-watowy silnik zapewnia mocn\u0105, sta\u0142\u0105 moc do 35000 obr \/ min, dzi\u0119ki czemu mo\u017cna skutecznie usuwa\u0107 akryl i \u017cel, poprawia\u0107 kszta\u0142t i czy\u015bci\u0107 obszary sk\u00f3rek z wi\u0119ksz\u0105 kontrol\u0105 i mniejszym naciskiem na paznokie\u0107.<\/p>\n<p data-start=\"974\" data-end=\"1241\">uk\u0142ad jest stworzony dla prawdziwych stacji: czytelny wy\u015bwietlacz LCD pr\u0119dko\u015bci, proste elementy steruj\u0105ce i stabilna podstawa biurkowa, kt\u00f3ra zapobiega przesuwaniu si\u0119 urz\u0105dzenia. podstawka na r\u0119koje\u015b\u0107 pomaga utrzyma\u0107 porz\u0105dek w konfiguracji, dzi\u0119ki czemu nie musisz szuka\u0107 narz\u0119dzi w trakcie pracy.<\/p>\n<p data-start=\"1243\" data-end=\"1481\" data-is-last-node=\"\" data-is-only-node=\"\">Dla nabywc\u00f3w b2b jest to solidny wyb\u00f3r do zaopatrzenia salon\u00f3w, szk\u00f3\u0142 szkoleniowych i program\u00f3w marek w\u0142asnych. pasuje do markowych zestaw\u00f3w, obs\u0142uguje powtarzalne zam\u00f3wienia i zapewnia technikom niezawodne wyczucie, kt\u00f3rego potrzebuj\u0105, gdy precyzja ma najwi\u0119ksze znaczenie.<\/p>","protected":false},"excerpt":{"rendered":"<p>stacjonarna wiertarka do gwo\u017adzi o mocy 65 W stworzona do stabilnej, kontrolowanej pracy z pilnikiem elektronicznym. przejrzysty ekran LCD i proste przyciski umo\u017cliwiaj\u0105 szybk\u0105 zmian\u0119 pr\u0119dko\u015bci, podczas gdy r\u0119koje\u015b\u0107 spoczywa bezpiecznie we wbudowanej podstawce mi\u0119dzy krokami.<\/p>","protected":false},"featured_media":2227,"template":"","meta":[],"product_brand":[],"product_cat":[27],"product_tag":[531,532,533,530,528,529],"class_list":{"0":"post-2221","1":"product","2":"type-product","3":"status-publish","4":"has-post-thumbnail","6":"product_cat-nail-tool","7":"product_tag-35000rpm-nail-e-file","8":"product_tag-65w-professional-nail-drill","9":"product_tag-desktop-manicure-drill","10":"product_tag-electric-nail-drill-machine","11":"product_tag-private-label-nail-equipment","12":"product_tag-wholesale-salon-tools","14":"first","15":"instock","16":"shipping-taxable","17":"product-type-simple"},"_links":{"self":[{"href":"https:\/\/bestgelpolish.com\/pl\/wp-json\/wp\/v2\/product\/2221","targetHints":{"allow":["GET"]}}],"collection":[{"href":"https:\/\/bestgelpolish.com\/pl\/wp-json\/wp\/v2\/product"}],"about":[{"href":"https:\/\/bestgelpolish.com\/pl\/wp-json\/wp\/v2\/types\/product"}],"version-history":[{"count":2,"href":"https:\/\/bestgelpolish.com\/pl\/wp-json\/wp\/v2\/product\/2221\/revisions"}],"predecessor-version":[{"id":2229,"href":"https:\/\/bestgelpolish.com\/pl\/wp-json\/wp\/v2\/product\/2221\/revisions\/2229"}],"wp:featuredmedia":[{"embeddable":true,"href":"https:\/\/bestgelpolish.com\/pl\/wp-json\/wp\/v2\/media\/2227"}],"wp:attachment":[{"href":"https:\/\/bestgelpolish.com\/pl\/wp-json\/wp\/v2\/media?parent=2221"}],"wp:term":[{"taxonomy":"product_brand","embeddable":true,"href":"https:\/\/bestgelpolish.com\/pl\/wp-json\/wp\/v2\/product_brand?post=2221"},{"taxonomy":"product_cat","embeddable":true,"href":"https:\/\/bestgelpolish.com\/pl\/wp-json\/wp\/v2\/product_cat?post=2221"},{"taxonomy":"product_tag","embeddable":true,"href":"https:\/\/bestgelpolish.com\/pl\/wp-json\/wp\/v2\/product_tag?post=2221"}],"curies":[{"name":"wp","href":"https:\/\/api.w.org\/{rel}","templated":true}]}}