{"id":2190,"date":"2025-12-30T03:11:26","date_gmt":"2025-12-30T03:11:26","guid":{"rendered":"https:\/\/bestgelpolish.com\/?post_type=product&#038;p=2190"},"modified":"2025-12-30T03:11:26","modified_gmt":"2025-12-30T03:11:26","slug":"wholesale-non-toxic-irregular-flake-glitter-powder-for-nails","status":"publish","type":"product","link":"https:\/\/bestgelpolish.com\/pl\/wholesale-non-toxic-irregular-flake-glitter-powder-for-nails\/","title":{"rendered":"Hurtowy nietoksyczny nieregularny brokat w p\u0142atkach do paznokci"},"content":{"rendered":"<p data-start=\"547\" data-end=\"865\">Ten nieregularny brokat w p\u0142atkach zosta\u0142 stworzony z my\u015bl\u0105 o wyko\u0144czeniu \u201cwow\u201d - bez skomplikowanej aplikacji. ka\u017cdy p\u0142atek ma nieco inny rozmiar i kszta\u0142t, wi\u0119c \u015bwiat\u0142o odbija si\u0119 w wi\u0119cej ni\u017c jednym kierunku. dlatego na paznokciu wygl\u0105da jak iskierka 3D, nawet je\u015bli kolor bazowy pozostaje prosty i czysty.<\/p>\n<p data-start=\"867\" data-end=\"1220\">Konsystencja jest lekka, wi\u0119c rozprowadza si\u0119 r\u00f3wnomiernie, a nie zbryla. u\u017cywaj go tak, jak lubisz: wci\u015bnij p\u0142atki w lepk\u0105 warstw\u0119 \u017celu, aby uzyska\u0107 rozproszony po\u0142ysk, zbuduj g\u0119sty wygl\u0105d folii dla pe\u0142nego pokrycia lub u\u0142\u00f3\u017c kilka kawa\u0142k\u00f3w na ko\u0144cach, aby uzyska\u0107 mi\u0119kki gradient. dobrze miesza si\u0119 r\u00f3wnie\u017c z przezroczystym \u017celem lub topem, gdy chcesz uzyska\u0107 sp\u00f3jny, przyjazny dla salonu efekt.<\/p>\n<p data-start=\"1222\" data-end=\"1436\" data-is-last-node=\"\" data-is-only-node=\"\">Dla nabywc\u00f3w b2b jest to niezawodny wyb\u00f3r do zaopatrzenia salon\u00f3w, linii marek w\u0142asnych i personalizacji oem - zw\u0142aszcza gdy potrzebujesz nietoksycznej opcji brokatu, kt\u00f3ra nadal wygl\u0105da premium w \u015bwietle studyjnym i na \u017cywo.<\/p>","protected":false},"excerpt":{"rendered":"<p>nietoksyczny puder brokatowy w postaci nieregularnych p\u0142atk\u00f3w, kt\u00f3ry nadaje paznokciom szklisty, wielowymiarowy blask. p\u0142atki pi\u0119knie uk\u0142adaj\u0105 si\u0119 na \u017celu, top coacie lub akrylu, u\u0142atwiaj\u0105c nak\u0142adanie warstw.<\/p>","protected":false},"featured_media":2193,"template":"","meta":[],"product_brand":[],"product_cat":[26],"product_tag":[520,515,516,517,519,518],"class_list":{"0":"post-2190","1":"product","2":"type-product","3":"status-publish","4":"has-post-thumbnail","6":"product_cat-glitter-powder","7":"product_tag-chunky-flake-shimmer","8":"product_tag-irregular-flake-glitter","9":"product_tag-nail-art-glitter-powder","10":"product_tag-non-toxic-cosmetic-glitter","11":"product_tag-oem-glitter-powder","12":"product_tag-wholesale-glitter-supplier","14":"first","15":"instock","16":"shipping-taxable","17":"product-type-simple"},"_links":{"self":[{"href":"https:\/\/bestgelpolish.com\/pl\/wp-json\/wp\/v2\/product\/2190","targetHints":{"allow":["GET"]}}],"collection":[{"href":"https:\/\/bestgelpolish.com\/pl\/wp-json\/wp\/v2\/product"}],"about":[{"href":"https:\/\/bestgelpolish.com\/pl\/wp-json\/wp\/v2\/types\/product"}],"version-history":[{"count":2,"href":"https:\/\/bestgelpolish.com\/pl\/wp-json\/wp\/v2\/product\/2190\/revisions"}],"predecessor-version":[{"id":2198,"href":"https:\/\/bestgelpolish.com\/pl\/wp-json\/wp\/v2\/product\/2190\/revisions\/2198"}],"wp:featuredmedia":[{"embeddable":true,"href":"https:\/\/bestgelpolish.com\/pl\/wp-json\/wp\/v2\/media\/2193"}],"wp:attachment":[{"href":"https:\/\/bestgelpolish.com\/pl\/wp-json\/wp\/v2\/media?parent=2190"}],"wp:term":[{"taxonomy":"product_brand","embeddable":true,"href":"https:\/\/bestgelpolish.com\/pl\/wp-json\/wp\/v2\/product_brand?post=2190"},{"taxonomy":"product_cat","embeddable":true,"href":"https:\/\/bestgelpolish.com\/pl\/wp-json\/wp\/v2\/product_cat?post=2190"},{"taxonomy":"product_tag","embeddable":true,"href":"https:\/\/bestgelpolish.com\/pl\/wp-json\/wp\/v2\/product_tag?post=2190"}],"curies":[{"name":"wp","href":"https:\/\/api.w.org\/{rel}","templated":true}]}}