{"id":2184,"date":"2025-12-30T03:08:20","date_gmt":"2025-12-30T03:08:20","guid":{"rendered":"https:\/\/bestgelpolish.com\/?post_type=product&#038;p=2184"},"modified":"2025-12-30T03:08:20","modified_gmt":"2025-12-30T03:08:20","slug":"wholesale-cat-eye-uv-gel-nail-polish-1kg-jelly-crystal","status":"publish","type":"product","link":"https:\/\/bestgelpolish.com\/pl\/wholesale-cat-eye-uv-gel-nail-polish-1kg-jelly-crystal\/","title":{"rendered":"Hurtownia lakier\u00f3w do paznokci Cat Eye UV Gel, 1 kg \u017celowych kryszta\u0142\u00f3w"},"content":{"rendered":"<p data-start=\"518\" data-end=\"925\">ten \u017cel uv do kocich oczu jest przeznaczony dla zapracowanych salon\u00f3w i partner\u00f3w marki, kt\u00f3rzy potrzebuj\u0105 sp\u00f3jnych rezultat\u00f3w na du\u017c\u0105 skal\u0119. \u017celowo-kryszta\u0142owy po\u0142ysk daje wyrafinowany, szampa\u0144ski blask zamiast masywnego iskrzenia, dzi\u0119ki czemu wygl\u0105da doskonale zar\u00f3wno w \u015bwietle dziennym, jak i w \u015bwietle lampy. za pomoc\u0105 magnesu mo\u017cna poci\u0105gn\u0105\u0107 szerok\u0105 wst\u0105\u017ck\u0119 kociego oka, kt\u00f3ra zmienia si\u0119 wraz z ruchem r\u0119ki - subtelna pod jednym k\u0105tem, \u015bwietlista pod innym.<\/p>\n<p data-start=\"927\" data-end=\"1293\" data-is-last-node=\"\" data-is-only-node=\"\">Konsystencja jest zr\u00f3wnowa\u017cona pod k\u0105tem kontroli: rozprowadza si\u0119 r\u00f3wnomiernie, samopoziomuje, aby zmniejszy\u0107 \u015blady p\u0119dzla i szybko utwardza si\u0119, zapewniaj\u0105c wydajne us\u0142ugi. po zabezpieczeniu topem, nosi si\u0119 ze szklistym po\u0142yskiem i pomaga chroni\u0107 wygl\u0105d przed codziennymi zadrapaniami. jest to dobra opcja dla zam\u00f3wie\u0144 hurtowych, uzupe\u0142nie\u0144 w salonach i personalizacji oem, gdzie sp\u00f3jno\u015b\u0107 koloru i stabilno\u015b\u0107 partii maj\u0105 znaczenie.<\/p>","protected":false},"excerpt":{"rendered":"<p>hurtownia 1 kg lakieru hybrydowego uv cat eye z delikatnym, galaretowatym blaskiem i szerokim efektem kociego oka. g\u0142adkie, samopoziomuj\u0105ce krycie, szybkie utwardzanie i czyste, b\u0142yszcz\u0105ce wyko\u0144czenie.<\/p>","protected":false},"featured_media":2188,"template":"","meta":[],"product_brand":[],"product_cat":[23,35],"product_tag":[511,510,512,513,514,85],"class_list":{"0":"post-2184","1":"product","2":"type-product","3":"status-publish","4":"has-post-thumbnail","6":"product_cat-color-gel","7":"product_cat-cat-eyes-gel","8":"product_tag-1kg-bulk-nail-gel","9":"product_tag-cat-eye-uv-gel","10":"product_tag-jelly-crystal-shimmer","11":"product_tag-long-lasting-nail-enamel","12":"product_tag-oem-nail-supply","13":"product_tag-wholesale-gel-polish","15":"first","16":"instock","17":"shipping-taxable","18":"product-type-simple"},"_links":{"self":[{"href":"https:\/\/bestgelpolish.com\/pl\/wp-json\/wp\/v2\/product\/2184","targetHints":{"allow":["GET"]}}],"collection":[{"href":"https:\/\/bestgelpolish.com\/pl\/wp-json\/wp\/v2\/product"}],"about":[{"href":"https:\/\/bestgelpolish.com\/pl\/wp-json\/wp\/v2\/types\/product"}],"version-history":[{"count":1,"href":"https:\/\/bestgelpolish.com\/pl\/wp-json\/wp\/v2\/product\/2184\/revisions"}],"predecessor-version":[{"id":2189,"href":"https:\/\/bestgelpolish.com\/pl\/wp-json\/wp\/v2\/product\/2184\/revisions\/2189"}],"wp:featuredmedia":[{"embeddable":true,"href":"https:\/\/bestgelpolish.com\/pl\/wp-json\/wp\/v2\/media\/2188"}],"wp:attachment":[{"href":"https:\/\/bestgelpolish.com\/pl\/wp-json\/wp\/v2\/media?parent=2184"}],"wp:term":[{"taxonomy":"product_brand","embeddable":true,"href":"https:\/\/bestgelpolish.com\/pl\/wp-json\/wp\/v2\/product_brand?post=2184"},{"taxonomy":"product_cat","embeddable":true,"href":"https:\/\/bestgelpolish.com\/pl\/wp-json\/wp\/v2\/product_cat?post=2184"},{"taxonomy":"product_tag","embeddable":true,"href":"https:\/\/bestgelpolish.com\/pl\/wp-json\/wp\/v2\/product_tag?post=2184"}],"curies":[{"name":"wp","href":"https:\/\/api.w.org\/{rel}","templated":true}]}}