{"id":2168,"date":"2025-12-30T03:00:16","date_gmt":"2025-12-30T03:00:16","guid":{"rendered":"https:\/\/bestgelpolish.com\/?post_type=product&#038;p=2168"},"modified":"2025-12-30T03:01:08","modified_gmt":"2025-12-30T03:01:08","slug":"glitter-11-colors-cosmetic-body-glitter-powder-decoration","status":"publish","type":"product","link":"https:\/\/bestgelpolish.com\/pl\/glitter-11-colors-cosmetic-body-glitter-powder-decoration\/","title":{"rendered":"Brokat 11 kolor\u00f3w Kosmetyczny brokat do cia\u0142a w proszku Dekoracja"},"content":{"rendered":"<p>Nasza nowa kolekcja drobnego brokatu oferuje pi\u0119kn\u0105 gam\u0119 11 kolor\u00f3w, stworzonych dla tych, kt\u00f3rzy uwielbiaj\u0105 dodawa\u0107 odrobin\u0119 blasku do swoich kreacji. Ten wysokiej jako\u015bci, bardzo drobny brokat jest idealny do makija\u017cu, paznokci i dekoracji cia\u0142a. Brokat jest drobno zmielony, aby zapewni\u0107 g\u0142adk\u0105, r\u00f3wnomiern\u0105 aplikacj\u0119 i jest \u0142atwy do mieszania, dzi\u0119ki czemu idealnie nadaje si\u0119 zar\u00f3wno do u\u017cytku profesjonalnego, jak i domowego. Niezale\u017cnie od tego, czy przygotowujesz si\u0119 do imprezy, czy po prostu oddajesz si\u0119 zabawnemu projektowi DIY, te brokaty pomog\u0105 Ci zab\u0142ysn\u0105\u0107.<\/p>","protected":false},"excerpt":{"rendered":"<p>Uwolnij swoj\u0105 kreatywno\u015b\u0107 dzi\u0119ki naszemu nowemu drobnemu brokatowi w proszku, dost\u0119pnemu w 11 przyci\u0105gaj\u0105cych wzrok kolorach. Niezale\u017cnie od tego, czy chodzi o zdobienie paznokci, zdobienie cia\u0142a czy inne projekty dekoracyjne, te drobne brokaty zapewniaj\u0105 idealny dotyk blasku i po\u0142ysku.<\/p>","protected":false},"featured_media":2171,"template":"","meta":[],"product_brand":[],"product_cat":[26],"product_tag":[502,460,504,501,503,210],"class_list":{"0":"post-2168","1":"product","2":"type-product","3":"status-publish","4":"has-post-thumbnail","6":"product_cat-glitter-powder","7":"product_tag-body-glitter","8":"product_tag-cosmetic-glitter","9":"product_tag-decoration-glitter","10":"product_tag-fine-glitter","11":"product_tag-glitter-powder","12":"product_tag-nail-art-glitter","14":"first","15":"instock","16":"shipping-taxable","17":"product-type-simple"},"_links":{"self":[{"href":"https:\/\/bestgelpolish.com\/pl\/wp-json\/wp\/v2\/product\/2168","targetHints":{"allow":["GET"]}}],"collection":[{"href":"https:\/\/bestgelpolish.com\/pl\/wp-json\/wp\/v2\/product"}],"about":[{"href":"https:\/\/bestgelpolish.com\/pl\/wp-json\/wp\/v2\/types\/product"}],"version-history":[{"count":2,"href":"https:\/\/bestgelpolish.com\/pl\/wp-json\/wp\/v2\/product\/2168\/revisions"}],"predecessor-version":[{"id":2176,"href":"https:\/\/bestgelpolish.com\/pl\/wp-json\/wp\/v2\/product\/2168\/revisions\/2176"}],"wp:featuredmedia":[{"embeddable":true,"href":"https:\/\/bestgelpolish.com\/pl\/wp-json\/wp\/v2\/media\/2171"}],"wp:attachment":[{"href":"https:\/\/bestgelpolish.com\/pl\/wp-json\/wp\/v2\/media?parent=2168"}],"wp:term":[{"taxonomy":"product_brand","embeddable":true,"href":"https:\/\/bestgelpolish.com\/pl\/wp-json\/wp\/v2\/product_brand?post=2168"},{"taxonomy":"product_cat","embeddable":true,"href":"https:\/\/bestgelpolish.com\/pl\/wp-json\/wp\/v2\/product_cat?post=2168"},{"taxonomy":"product_tag","embeddable":true,"href":"https:\/\/bestgelpolish.com\/pl\/wp-json\/wp\/v2\/product_tag?post=2168"}],"curies":[{"name":"wp","href":"https:\/\/api.w.org\/{rel}","templated":true}]}}