{"id":2137,"date":"2025-12-30T02:40:48","date_gmt":"2025-12-30T02:40:48","guid":{"rendered":"https:\/\/bestgelpolish.com\/?post_type=product&#038;p=2137"},"modified":"2025-12-30T02:40:48","modified_gmt":"2025-12-30T02:40:48","slug":"wholesale-oem-15ml-uv-led-gel-polish-custom-logo-colors","status":"publish","type":"product","link":"https:\/\/bestgelpolish.com\/pl\/wholesale-oem-15ml-uv-led-gel-polish-custom-logo-colors\/","title":{"rendered":"Hurtownia OEM 15ml UV\/LED Gel Polish Niestandardowe kolory logo"},"content":{"rendered":"<p data-start=\"545\" data-end=\"950\">Kiedy zaopatrujesz \u015bcian\u0119 salonu lub budujesz lini\u0119 marek w\u0142asnych, gama kolor\u00f3w ma znaczenie - ale sp\u00f3jno\u015b\u0107 ma wi\u0119ksze znaczenie. ten lakier \u017celowy oem 15 ml uv\/led zosta\u0142 stworzony, aby zapewni\u0107 jedno i drugie: g\u0142adkie, r\u00f3wnomierne krycie, kt\u00f3re utwardza si\u0119 czysto, a tak\u017ce g\u0142\u0119boki katalog odcieni (obraz podkre\u015bla \u201cponad 3000 kolor\u00f3w\u201d), dzi\u0119ki czemu mo\u017cna dopasowa\u0107 trendy, sezony i \u017cyczenia klient\u00f3w bez rozpoczynania od zera za ka\u017cdym razem.<\/p>\n<p data-start=\"952\" data-end=\"1289\">Projekt butelki jest przyjazny dla marki prywatnej, z wyra\u017anym miejscem na logo i prostym frontem \u201c15 ml lakieru \u017celowego\u201d, kt\u00f3ry wygl\u0105da profesjonalnie na p\u00f3\u0142kach i na zdj\u0119ciach zestaw\u00f3w. pokazane pr\u00f3bki s\u0105 jasne i nadaj\u0105 si\u0119 do noszenia - zielenie, \u017c\u00f3\u0142cie, korale, czerwienie i b\u0142\u0119kity - dok\u0142adnie taka podstawowa paleta, kt\u00f3ra sprzedaje si\u0119 przez ca\u0142y rok i pomaga klientom szybko wybiera\u0107.<\/p>\n<p data-start=\"1291\" data-end=\"1598\" data-is-last-node=\"\" data-is-only-node=\"\">Do codziennego u\u017cytku formu\u0142a jest przeznaczona do namaczania, dzi\u0119ki czemu usuwanie jest przewidywalne dla technik\u00f3w i \u0142atwiejsze dla majsterkowicz\u00f3w. Jest to idealne rozwi\u0105zanie dla nabywc\u00f3w b2b, kt\u00f3rzy chc\u0105 produkcji oem, sp\u00f3jnych partii i skalowalnego systemu: zacznij od najlepiej sprzedaj\u0105cych si\u0119 produkt\u00f3w, a nast\u0119pnie rozszerzaj na wi\u0119cej odcieni w miar\u0119 rozwoju linii.<\/p>","protected":false},"excerpt":{"rendered":"<p>Ten jednokolorowy lakier \u017celowy o pojemno\u015bci 15 ml jest przeznaczony dla marek i salon\u00f3w, kt\u00f3re potrzebuj\u0105 niezawodnego krycia i ogromnej biblioteki odcieni. wybierz kolory, dodaj logo i zaoferuj czyste, b\u0142yszcz\u0105ce, \u017celowe wyko\u0144czenie.<\/p>","protected":false},"featured_media":2139,"template":"","meta":[],"product_brand":[],"product_cat":[23,33],"product_tag":[484,444,98,80,485,429],"class_list":{"0":"post-2137","1":"product","2":"type-product","3":"status-publish","4":"has-post-thumbnail","6":"product_cat-color-gel","7":"product_cat-solid-color-gel","8":"product_tag-15ml-uv-led-gel","9":"product_tag-oem-gel-polish","10":"product_tag-private-label-nail-gel","11":"product_tag-soak-off-gel-polish","12":"product_tag-solid-color-gel","13":"product_tag-wholesale-b2b","15":"first","16":"instock","17":"shipping-taxable","18":"product-type-simple"},"_links":{"self":[{"href":"https:\/\/bestgelpolish.com\/pl\/wp-json\/wp\/v2\/product\/2137","targetHints":{"allow":["GET"]}}],"collection":[{"href":"https:\/\/bestgelpolish.com\/pl\/wp-json\/wp\/v2\/product"}],"about":[{"href":"https:\/\/bestgelpolish.com\/pl\/wp-json\/wp\/v2\/types\/product"}],"version-history":[{"count":1,"href":"https:\/\/bestgelpolish.com\/pl\/wp-json\/wp\/v2\/product\/2137\/revisions"}],"predecessor-version":[{"id":2143,"href":"https:\/\/bestgelpolish.com\/pl\/wp-json\/wp\/v2\/product\/2137\/revisions\/2143"}],"wp:featuredmedia":[{"embeddable":true,"href":"https:\/\/bestgelpolish.com\/pl\/wp-json\/wp\/v2\/media\/2139"}],"wp:attachment":[{"href":"https:\/\/bestgelpolish.com\/pl\/wp-json\/wp\/v2\/media?parent=2137"}],"wp:term":[{"taxonomy":"product_brand","embeddable":true,"href":"https:\/\/bestgelpolish.com\/pl\/wp-json\/wp\/v2\/product_brand?post=2137"},{"taxonomy":"product_cat","embeddable":true,"href":"https:\/\/bestgelpolish.com\/pl\/wp-json\/wp\/v2\/product_cat?post=2137"},{"taxonomy":"product_tag","embeddable":true,"href":"https:\/\/bestgelpolish.com\/pl\/wp-json\/wp\/v2\/product_tag?post=2137"}],"curies":[{"name":"wp","href":"https:\/\/api.w.org\/{rel}","templated":true}]}}