{"id":2132,"date":"2025-12-30T02:38:19","date_gmt":"2025-12-30T02:38:19","guid":{"rendered":"https:\/\/bestgelpolish.com\/?post_type=product&#038;p=2132"},"modified":"2025-12-30T02:38:19","modified_gmt":"2025-12-30T02:38:19","slug":"wholesale-glitter-gradient-uv-semi-cured-gel-nail-strips","status":"publish","type":"product","link":"https:\/\/bestgelpolish.com\/pl\/wholesale-glitter-gradient-uv-semi-cured-gel-nail-strips\/","title":{"rendered":"Hurtownia brokatowych gradientowych p\u00f3\u0142utwardzalnych \u017celowych pask\u00f3w do paznokci UV"},"content":{"rendered":"<p data-start=\"546\" data-end=\"936\">Je\u015bli Twoi klienci uwielbiaj\u0105 wygl\u0105d zestawu gradientowego, ale nie lubi\u0105 czasu, jaki to zajmuje, p\u00f3\u0142utwardzone paski \u017celowe s\u0105 skr\u00f3tem, kt\u00f3ry nadal wygl\u0105da \u201cdobrze zrobiony\u201d. zdj\u0119cia pokazuj\u0105 dwa popularne wyko\u0144czenia: ch\u0142odny holograficzny po\u0142ysk i ciep\u0142e r\u00f3\u017cowo-z\u0142ote \/ br\u0105zowe brokatowe ombre. oba tworz\u0105 g\u0142\u0119bi\u0119, poniewa\u017c blask zmienia si\u0119 wraz z ruchem \u015bwiat\u0142a, a nie tylko dlatego, \u017ce zmienia si\u0119 kolor.<\/p>\n<p data-start=\"938\" data-end=\"1307\">Materia\u0142 paska jest cz\u0119\u015bciowo utwardzony, dlatego nak\u0142ada si\u0119 go czysto, a nast\u0119pnie blokuje po szybkim utwardzeniu promieniami UV. zapewnia to lepsz\u0105 trwa\u0142o\u015b\u0107 i po\u0142ysk ni\u017c standardowe naklejki, przy jednoczesnym zachowaniu prostego procesu: na\u0142\u00f3\u017c na przygotowany paznokie\u0107, doci\u015bnij mocno na kraw\u0119dziach, przytnij nadmiar i utward\u017a. rezultatem jest g\u0142adka powierzchnia, kt\u00f3ra nie b\u0119dzie wygl\u0105da\u0107 na nier\u00f3wn\u0105, nawet z ci\u0119\u017ckim brokatem.<\/p>\n<p data-start=\"1309\" data-end=\"1562\" data-is-last-node=\"\" data-is-only-node=\"\">Dla nabywc\u00f3w b2b paski te sprawdzaj\u0105 si\u0119 jako szybko rotuj\u0105ce produkty detaliczne i dodatki do salon\u00f3w. s\u0105 \u0142atwe do zaprezentowania, dobrze si\u0119 fotografuj\u0105, a style z gradientem brokatu maj\u0105 tendencj\u0119 do sprzedawania si\u0119, poniewa\u017c klienci mog\u0105 natychmiast zobaczy\u0107 wyko\u0144czenie - nie jest potrzebna ksi\u0105\u017cka z pr\u00f3bkami.<\/p>","protected":false},"excerpt":{"rendered":"<p>Te brokatowe, gradientowe, p\u00f3\u0142utwardzone paski \u017celowe zapewniaj\u0105 salonowy blask ombre w ci\u0105gu kilku minut. Przyklej, przytnij i utward\u017a, a otrzymasz g\u0142adkie, b\u0142yszcz\u0105ce wyko\u0144czenie, kt\u00f3re w dotyku przypomina prawdziwy \u017cel.<\/p>","protected":false},"featured_media":2133,"template":"","meta":[],"product_brand":[],"product_cat":[22],"product_tag":[481,482,483,480,479,429],"class_list":{"0":"post-2132","1":"product","2":"type-product","3":"status-publish","4":"has-post-thumbnail","6":"product_cat-sticker-gel","7":"product_tag-glitter-gradient-nails","8":"product_tag-ombre-nail-wraps","9":"product_tag-salon-nail-strips","10":"product_tag-semi-cured-gel-strips","11":"product_tag-uv-gel-nail-stickers","12":"product_tag-wholesale-b2b","14":"first","15":"instock","16":"shipping-taxable","17":"product-type-simple"},"_links":{"self":[{"href":"https:\/\/bestgelpolish.com\/pl\/wp-json\/wp\/v2\/product\/2132","targetHints":{"allow":["GET"]}}],"collection":[{"href":"https:\/\/bestgelpolish.com\/pl\/wp-json\/wp\/v2\/product"}],"about":[{"href":"https:\/\/bestgelpolish.com\/pl\/wp-json\/wp\/v2\/types\/product"}],"version-history":[{"count":1,"href":"https:\/\/bestgelpolish.com\/pl\/wp-json\/wp\/v2\/product\/2132\/revisions"}],"predecessor-version":[{"id":2136,"href":"https:\/\/bestgelpolish.com\/pl\/wp-json\/wp\/v2\/product\/2132\/revisions\/2136"}],"wp:featuredmedia":[{"embeddable":true,"href":"https:\/\/bestgelpolish.com\/pl\/wp-json\/wp\/v2\/media\/2133"}],"wp:attachment":[{"href":"https:\/\/bestgelpolish.com\/pl\/wp-json\/wp\/v2\/media?parent=2132"}],"wp:term":[{"taxonomy":"product_brand","embeddable":true,"href":"https:\/\/bestgelpolish.com\/pl\/wp-json\/wp\/v2\/product_brand?post=2132"},{"taxonomy":"product_cat","embeddable":true,"href":"https:\/\/bestgelpolish.com\/pl\/wp-json\/wp\/v2\/product_cat?post=2132"},{"taxonomy":"product_tag","embeddable":true,"href":"https:\/\/bestgelpolish.com\/pl\/wp-json\/wp\/v2\/product_tag?post=2132"}],"curies":[{"name":"wp","href":"https:\/\/api.w.org\/{rel}","templated":true}]}}