{"id":2124,"date":"2025-12-30T02:27:48","date_gmt":"2025-12-30T02:27:48","guid":{"rendered":"https:\/\/bestgelpolish.com\/?post_type=product&#038;p=2124"},"modified":"2025-12-30T02:31:47","modified_gmt":"2025-12-30T02:31:47","slug":"wholesale-9-color-pat-painting-gel-palette-for-ombre-nails","status":"publish","type":"product","link":"https:\/\/bestgelpolish.com\/pl\/wholesale-9-color-pat-painting-gel-palette-for-ombre-nails\/","title":{"rendered":"Hurtowa 9-kolorowa paleta \u017celi do malowania paznokci ombre"},"content":{"rendered":"<p data-start=\"561\" data-end=\"876\">Ta 9-kolorowa paleta \u017celi oferuje wszystko, czego potrzebujesz do tworzenia p\u0142ynnych efekt\u00f3w ombre i skomplikowanych wzor\u00f3w stemplowania. G\u0119sta konsystencja tych \u017celi zapewnia doskona\u0142e krycie i d\u0142ugotrwa\u0142e rezultaty, u\u0142atwiaj\u0105c prac\u0119 zar\u00f3wno profesjonalistom, jak i entuzjastom zdobienia paznokci.<\/p>\n<p data-start=\"878\" data-end=\"1133\">Paleta zosta\u0142a zaprojektowana z my\u015bl\u0105 o wszechstronno\u015bci. niezale\u017cnie od tego, czy tworzysz delikatne gradienty, czy odwa\u017cne ombre, te \u017cele zapewniaj\u0105 p\u0142ynne mieszanie i \u017cywe kolory. s\u0105 idealne do stemplowania, nadaj\u0105c projektom profesjonalne wyko\u0144czenie za ka\u017cdym razem.<\/p>\n<p data-start=\"1135\" data-end=\"1333\" data-is-last-node=\"\" data-is-only-node=\"\">dla klient\u00f3w b2b, ten zestaw jest idealny dla salon\u00f3w, dystrybutor\u00f3w i linii produkt\u00f3w do zdobienia paznokci. dzi\u0119ki \u0142atwej obs\u0142udze i mo\u017cliwo\u015bci tworzenia niesko\u0144czonej liczby wzor\u00f3w, jest to pozycja obowi\u0105zkowa dla ka\u017cdego powa\u017cnego artysty paznokci.<\/p>","protected":false},"excerpt":{"rendered":"<p>Ta 9-kolorowa paleta \u017celi do malowania jest idealna do tworzenia osza\u0142amiaj\u0105cych wzor\u00f3w ombre i gradientowych. G\u0119ste, \u017cywe \u017cele, kt\u00f3re s\u0105 idealne do stemplowania i mieszania efekt\u00f3w, dzi\u0119ki czemu Twoje paznokcie b\u0119d\u0105 b\u0142yszcze\u0107.<\/p>","protected":false},"featured_media":2128,"template":"","meta":[],"product_brand":[],"product_cat":[24],"product_tag":[471,476,477,191,302,478],"class_list":{"0":"post-2124","1":"product","2":"type-product","3":"status-publish","4":"has-post-thumbnail","6":"product_cat-painting-gel","7":"product_tag-b2b-nail-art-supplies","8":"product_tag-gradient-nail-gel","9":"product_tag-nail-art-stamping-gel","10":"product_tag-ombre-gel","11":"product_tag-pat-painting-gel","12":"product_tag-wholesale-gel-palette","14":"first","15":"instock","16":"shipping-taxable","17":"product-type-simple"},"_links":{"self":[{"href":"https:\/\/bestgelpolish.com\/pl\/wp-json\/wp\/v2\/product\/2124","targetHints":{"allow":["GET"]}}],"collection":[{"href":"https:\/\/bestgelpolish.com\/pl\/wp-json\/wp\/v2\/product"}],"about":[{"href":"https:\/\/bestgelpolish.com\/pl\/wp-json\/wp\/v2\/types\/product"}],"version-history":[{"count":2,"href":"https:\/\/bestgelpolish.com\/pl\/wp-json\/wp\/v2\/product\/2124\/revisions"}],"predecessor-version":[{"id":2131,"href":"https:\/\/bestgelpolish.com\/pl\/wp-json\/wp\/v2\/product\/2124\/revisions\/2131"}],"wp:featuredmedia":[{"embeddable":true,"href":"https:\/\/bestgelpolish.com\/pl\/wp-json\/wp\/v2\/media\/2128"}],"wp:attachment":[{"href":"https:\/\/bestgelpolish.com\/pl\/wp-json\/wp\/v2\/media?parent=2124"}],"wp:term":[{"taxonomy":"product_brand","embeddable":true,"href":"https:\/\/bestgelpolish.com\/pl\/wp-json\/wp\/v2\/product_brand?post=2124"},{"taxonomy":"product_cat","embeddable":true,"href":"https:\/\/bestgelpolish.com\/pl\/wp-json\/wp\/v2\/product_cat?post=2124"},{"taxonomy":"product_tag","embeddable":true,"href":"https:\/\/bestgelpolish.com\/pl\/wp-json\/wp\/v2\/product_tag?post=2124"}],"curies":[{"name":"wp","href":"https:\/\/api.w.org\/{rel}","templated":true}]}}