{"id":2119,"date":"2025-12-30T02:24:32","date_gmt":"2025-12-30T02:24:32","guid":{"rendered":"https:\/\/bestgelpolish.com\/?post_type=product&#038;p=2119"},"modified":"2025-12-30T02:24:32","modified_gmt":"2025-12-30T02:24:32","slug":"wholesale-80-colors-hema-free-vegan-nail-gel-polish-1kg","status":"publish","type":"product","link":"https:\/\/bestgelpolish.com\/pl\/wholesale-80-colors-hema-free-vegan-nail-gel-polish-1kg\/","title":{"rendered":"Hurtownia 80 kolor\u00f3w wolnego od HEMA wega\u0144skiego \u017celu do paznokci 1 kg"},"content":{"rendered":"<p data-start=\"537\" data-end=\"878\">Kiedy produkujesz na du\u017c\u0105 skal\u0119, dwie rzeczy, na kt\u00f3re nie mo\u017cesz p\u00f3j\u015b\u0107 na kompromis, to sp\u00f3jno\u015b\u0107 odcienia i urabialno\u015b\u0107. ten 1-kilogramowy \u017cel do polerowania luzem zosta\u0142 zaprojektowany w\u0142a\u015bnie w tym celu: stabilny kolor w r\u00f3\u017cnych partiach, kremowa konsystencja, kt\u00f3ra dobrze si\u0119 wyr\u00f3wnuje, oraz bezzapachowe \/ niskozapachowe pozycjonowanie, kt\u00f3re spe\u0142nia wsp\u00f3\u0142czesne oczekiwania dotycz\u0105ce \u201cczystszego\u201d produktu.<\/p>\n<p data-start=\"880\" data-end=\"1222\">Tabela kolor\u00f3w na obrazku pokazuje pe\u0142n\u0105 palet\u0119 komercyjn\u0105 - delikatne akty i mleczne pastele do codziennego noszenia, jasne popy do sezonowych premier, g\u0142\u0119bsze czerwienie i fiolety do zestaw\u00f3w wyrazistych oraz metaliczne \/ srebrne odcienie do akcent\u00f3w. ten zakres u\u0142atwia zbudowanie 80-kolorowej ekspozycji \u015bciennej lub wybranie \u015bcis\u0142ej edycji \u201cbestseller\u00f3w\u201d dla w\u0142asnej marki.<\/p>\n<p data-start=\"1224\" data-end=\"1553\" data-is-last-node=\"\" data-is-only-node=\"\">Jest to praktyczny wyb\u00f3r dla marek w\u0142asnych, dystrybutor\u00f3w i du\u017cych salon\u00f3w, kt\u00f3rym zale\u017cy na braku hematyzacji i weganizmu, p\u00f3\u0142trwa\u0142ej trwa\u0142o\u015bci i g\u0142adkim, gotowym do u\u017cycia w salonie wyko\u0144czeniu, kt\u00f3re wygl\u0105da tak samo na pr\u00f3bce, jak i na paznokciu.<\/p>","protected":false},"excerpt":{"rendered":"<p>Ta 80-kolorowa gama wega\u0144skich lakier\u00f3w hybrydowych jest dost\u0119pna w opakowaniach zbiorczych o wadze 1 kg dla marek i salon\u00f3w, kt\u00f3re szybko si\u0119 zape\u0142niaj\u0105 i szybciej sprzedaj\u0105. jest niskozapachowy, g\u0142adki w aplikacji i zapewnia powtarzaln\u0105 konsystencj\u0119 odcieni.<\/p>","protected":false},"featured_media":2120,"template":"","meta":[],"product_brand":[],"product_cat":[23,33],"product_tag":[473,363,475,474,472,429],"class_list":{"0":"post-2119","1":"product","2":"type-product","3":"status-publish","4":"has-post-thumbnail","6":"product_cat-color-gel","7":"product_cat-solid-color-gel","8":"product_tag-1kg-bulk-gel","9":"product_tag-hema-free-gel-polish","10":"product_tag-odorless-gel-varnish","11":"product_tag-oem-odm-supplier","12":"product_tag-vegan-gel-polish","13":"product_tag-wholesale-b2b","15":"first","16":"instock","17":"shipping-taxable","18":"product-type-simple"},"_links":{"self":[{"href":"https:\/\/bestgelpolish.com\/pl\/wp-json\/wp\/v2\/product\/2119","targetHints":{"allow":["GET"]}}],"collection":[{"href":"https:\/\/bestgelpolish.com\/pl\/wp-json\/wp\/v2\/product"}],"about":[{"href":"https:\/\/bestgelpolish.com\/pl\/wp-json\/wp\/v2\/types\/product"}],"version-history":[{"count":1,"href":"https:\/\/bestgelpolish.com\/pl\/wp-json\/wp\/v2\/product\/2119\/revisions"}],"predecessor-version":[{"id":2125,"href":"https:\/\/bestgelpolish.com\/pl\/wp-json\/wp\/v2\/product\/2119\/revisions\/2125"}],"wp:featuredmedia":[{"embeddable":true,"href":"https:\/\/bestgelpolish.com\/pl\/wp-json\/wp\/v2\/media\/2120"}],"wp:attachment":[{"href":"https:\/\/bestgelpolish.com\/pl\/wp-json\/wp\/v2\/media?parent=2119"}],"wp:term":[{"taxonomy":"product_brand","embeddable":true,"href":"https:\/\/bestgelpolish.com\/pl\/wp-json\/wp\/v2\/product_brand?post=2119"},{"taxonomy":"product_cat","embeddable":true,"href":"https:\/\/bestgelpolish.com\/pl\/wp-json\/wp\/v2\/product_cat?post=2119"},{"taxonomy":"product_tag","embeddable":true,"href":"https:\/\/bestgelpolish.com\/pl\/wp-json\/wp\/v2\/product_tag?post=2119"}],"curies":[{"name":"wp","href":"https:\/\/api.w.org\/{rel}","templated":true}]}}