{"id":2113,"date":"2025-12-30T02:21:02","date_gmt":"2025-12-30T02:21:02","guid":{"rendered":"https:\/\/bestgelpolish.com\/?post_type=product&#038;p=2113"},"modified":"2025-12-30T02:21:02","modified_gmt":"2025-12-30T02:21:02","slug":"wholesale-50-colors-rs-nail-painting-gel-for-nail-art","status":"publish","type":"product","link":"https:\/\/bestgelpolish.com\/pl\/wholesale-50-colors-rs-nail-painting-gel-for-nail-art\/","title":{"rendered":"Hurtownia 50 kolor\u00f3w \u017celu do malowania paznokci RS do zdobienia paznokci"},"content":{"rendered":"<p data-start=\"539\" data-end=\"828\">Ten 50-kolorowy zestaw \u017celu do malowania od rs nail to prze\u0142om w projektowaniu paznokci. niezale\u017cnie od tego, czy tworzysz skomplikowane wzory, jednolite kolory, czy dodajesz akcenty, ten \u017cel zapewnia p\u0142ynn\u0105 aplikacj\u0119 i \u017cywe odcienie, kt\u00f3re doskonale utwardzaj\u0105 si\u0119 w \u015bwietle UV \/ led.<\/p>\n<p data-start=\"830\" data-end=\"1117\">Obraz prezentuje mieszank\u0119 bogatych, przyci\u0105gaj\u0105cych wzrok kolor\u00f3w, od neutralnych ton\u00f3w po odwa\u017cne, jasne odcienie, idealne do szerokiej gamy kreatywnych stylizacji paznokci. Tekstura \u017celu zosta\u0142a zaprojektowana z my\u015bl\u0105 o \u0142atwej manipulacji, zapewniaj\u0105c zar\u00f3wno profesjonalistom, jak i u\u017cytkownikom domowym elastyczno\u015b\u0107 w tworzeniu nieskazitelnych wzor\u00f3w.<\/p>\n<p data-start=\"1119\" data-end=\"1412\" data-is-last-node=\"\" data-is-only-node=\"\">Jest to idealny wyb\u00f3r dla salon\u00f3w, kt\u00f3re chc\u0105 zaopatrzy\u0107 swoje p\u00f3\u0142ki w wysokiej jako\u015bci, wszechstronne produkty lub dystrybutor\u00f3w, kt\u00f3rzy chc\u0105 zaoferowa\u0107 klientom szerok\u0105 palet\u0119 kolor\u00f3w.<\/p>","protected":false},"excerpt":{"rendered":"<p>Ten 50-kolorowy zestaw \u017celi do malowania oferuje szerok\u0105 gam\u0119 odcieni do osza\u0142amiaj\u0105cego zdobienia paznokci. Dzi\u0119ki p\u0142ynnej aplikacji i \u017cywym kolorom jest idealny zar\u00f3wno dla profesjonalnych salon\u00f3w, jak i entuzjast\u00f3w majsterkowania.<\/p>","protected":false},"featured_media":2117,"template":"","meta":[],"product_brand":[],"product_cat":[24],"product_tag":[471,188,469,193,470,68],"class_list":{"0":"post-2113","1":"product","2":"type-product","3":"status-publish","4":"has-post-thumbnail","6":"product_cat-painting-gel","7":"product_tag-b2b-nail-art-supplies","8":"product_tag-nail-art-gel","9":"product_tag-nail-gel-polish","10":"product_tag-painting-gel","11":"product_tag-rs-nail-gel","12":"product_tag-wholesale-nail-gel","14":"first","15":"instock","16":"shipping-taxable","17":"product-type-simple"},"_links":{"self":[{"href":"https:\/\/bestgelpolish.com\/pl\/wp-json\/wp\/v2\/product\/2113","targetHints":{"allow":["GET"]}}],"collection":[{"href":"https:\/\/bestgelpolish.com\/pl\/wp-json\/wp\/v2\/product"}],"about":[{"href":"https:\/\/bestgelpolish.com\/pl\/wp-json\/wp\/v2\/types\/product"}],"version-history":[{"count":1,"href":"https:\/\/bestgelpolish.com\/pl\/wp-json\/wp\/v2\/product\/2113\/revisions"}],"predecessor-version":[{"id":2118,"href":"https:\/\/bestgelpolish.com\/pl\/wp-json\/wp\/v2\/product\/2113\/revisions\/2118"}],"wp:featuredmedia":[{"embeddable":true,"href":"https:\/\/bestgelpolish.com\/pl\/wp-json\/wp\/v2\/media\/2117"}],"wp:attachment":[{"href":"https:\/\/bestgelpolish.com\/pl\/wp-json\/wp\/v2\/media?parent=2113"}],"wp:term":[{"taxonomy":"product_brand","embeddable":true,"href":"https:\/\/bestgelpolish.com\/pl\/wp-json\/wp\/v2\/product_brand?post=2113"},{"taxonomy":"product_cat","embeddable":true,"href":"https:\/\/bestgelpolish.com\/pl\/wp-json\/wp\/v2\/product_cat?post=2113"},{"taxonomy":"product_tag","embeddable":true,"href":"https:\/\/bestgelpolish.com\/pl\/wp-json\/wp\/v2\/product_tag?post=2113"}],"curies":[{"name":"wp","href":"https:\/\/api.w.org\/{rel}","templated":true}]}}