{"id":2104,"date":"2025-12-30T02:18:23","date_gmt":"2025-12-30T02:18:23","guid":{"rendered":"https:\/\/bestgelpolish.com\/?post_type=product&#038;p=2104"},"modified":"2025-12-30T02:18:23","modified_gmt":"2025-12-30T02:18:23","slug":"wholesale-35000rpm-cordless-nail-drill-with-uv-charging-base","status":"publish","type":"product","link":"https:\/\/bestgelpolish.com\/pl\/wholesale-35000rpm-cordless-nail-drill-with-uv-charging-base\/","title":{"rendered":"Hurtowa akumulatorowa wiertarko-wkr\u0119tarka do paznokci 35000 obr."},"content":{"rendered":"<p data-start=\"597\" data-end=\"940\">Ten nowy zestaw bezprzewodowych wiertarek do paznokci zosta\u0142 zaprojektowany z my\u015bl\u0105 o wygodzie i precyzji. wyposa\u017cony w wysokoobrotowy silnik 35000 obr \/ min, zapewnia p\u0142ynne i wydajne pi\u0142owanie, modelowanie i polerowanie paznokci. idealny zar\u00f3wno dla salon\u00f3w, jak i majsterkowicz\u00f3w, zestaw zawiera przeno\u015bn\u0105 lamp\u0119 UV i baz\u0119 \u0142aduj\u0105c\u0105 dla \u0142atwego u\u017cytkowania i przechowywania.<\/p>\n<p data-start=\"942\" data-end=\"1246\">Ergonomiczna konstrukcja zapewnia wygod\u0119 i kontrol\u0119 nawet podczas d\u0142ugich sesji, a funkcja bezprzewodowa zapewnia najwy\u017csz\u0105 elastyczno\u015b\u0107. Niezale\u017cnie od tego, czy pracujesz nad skomplikowanymi projektami zdobienia paznokci, czy po prostu przygotowujesz paznokcie, ten zestaw wiertarek do paznokci zosta\u0142 zaprojektowany tak, aby zapewni\u0107 niezawodne, profesjonalne rezultaty przy ka\u017cdym u\u017cyciu.<\/p>\n<p data-start=\"1248\" data-end=\"1474\" data-is-last-node=\"\" data-is-only-node=\"\">Lampa UV to dodatkowy bonus, idealny do utwardzania \u017celi i usprawniania procesu zdobienia paznokci. jej kompaktowa i przeno\u015bna konstrukcja u\u0142atwia przenoszenie i przechowywanie, co czyni j\u0105 niezb\u0119dnym narz\u0119dziem zar\u00f3wno dla technik\u00f3w paznokci, jak i entuzjast\u00f3w.<\/p>","protected":false},"excerpt":{"rendered":"<p>Ta bezprzewodowa wiertarko-wkr\u0119tarka 3 w 1 jest idealnym rozwi\u0105zaniem do profesjonalnej piel\u0119gnacji paznokci w domu lub w salonie. Dzi\u0119ki mocnemu silnikowi 35000 obr \/ min zawiera przeno\u015bn\u0105 lamp\u0119 UV i baz\u0119 \u0142aduj\u0105c\u0105, dzi\u0119ki czemu jest wszechstronnym narz\u0119dziem do skutecznego zdobienia paznokci.<\/p>","protected":false},"featured_media":2105,"template":"","meta":[],"product_brand":[],"product_cat":[27],"product_tag":[465,197,313,466,468,467],"class_list":{"0":"post-2104","1":"product","2":"type-product","3":"status-publish","4":"has-post-thumbnail","6":"product_cat-nail-tool","7":"product_tag-35000rpm-nail-drill","8":"product_tag-cordless-nail-drill","9":"product_tag-nail-art-tools","10":"product_tag-portable-nail-drill","11":"product_tag-salon-nail-drill","12":"product_tag-uv-lamp-nail-drill","14":"first","15":"instock","16":"shipping-taxable","17":"product-type-simple"},"_links":{"self":[{"href":"https:\/\/bestgelpolish.com\/pl\/wp-json\/wp\/v2\/product\/2104","targetHints":{"allow":["GET"]}}],"collection":[{"href":"https:\/\/bestgelpolish.com\/pl\/wp-json\/wp\/v2\/product"}],"about":[{"href":"https:\/\/bestgelpolish.com\/pl\/wp-json\/wp\/v2\/types\/product"}],"version-history":[{"count":2,"href":"https:\/\/bestgelpolish.com\/pl\/wp-json\/wp\/v2\/product\/2104\/revisions"}],"predecessor-version":[{"id":2112,"href":"https:\/\/bestgelpolish.com\/pl\/wp-json\/wp\/v2\/product\/2104\/revisions\/2112"}],"wp:featuredmedia":[{"embeddable":true,"href":"https:\/\/bestgelpolish.com\/pl\/wp-json\/wp\/v2\/media\/2105"}],"wp:attachment":[{"href":"https:\/\/bestgelpolish.com\/pl\/wp-json\/wp\/v2\/media?parent=2104"}],"wp:term":[{"taxonomy":"product_brand","embeddable":true,"href":"https:\/\/bestgelpolish.com\/pl\/wp-json\/wp\/v2\/product_brand?post=2104"},{"taxonomy":"product_cat","embeddable":true,"href":"https:\/\/bestgelpolish.com\/pl\/wp-json\/wp\/v2\/product_cat?post=2104"},{"taxonomy":"product_tag","embeddable":true,"href":"https:\/\/bestgelpolish.com\/pl\/wp-json\/wp\/v2\/product_tag?post=2104"}],"curies":[{"name":"wp","href":"https:\/\/api.w.org\/{rel}","templated":true}]}}