{"id":2096,"date":"2025-12-30T02:13:19","date_gmt":"2025-12-30T02:13:19","guid":{"rendered":"https:\/\/bestgelpolish.com\/?post_type=product&#038;p=2096"},"modified":"2025-12-30T02:13:19","modified_gmt":"2025-12-30T02:13:19","slug":"oem-rubber-base-gel-hema-free-uv-free-sample-private-label","status":"publish","type":"product","link":"https:\/\/bestgelpolish.com\/pl\/oem-rubber-base-gel-hema-free-uv-free-sample-private-label\/","title":{"rendered":"OEM Rubber Base Gel HEMA-Free UV Bezp\u0142atna pr\u00f3bka Prywatna etykieta"},"content":{"rendered":"<p data-start=\"572\" data-end=\"1021\">Baza gumowa jest \u201ccichym bohaterem\u201d us\u0142ugi \u017celowej: wykonuje niewidoczn\u0105 prac\u0119, kt\u00f3ra utrzymuje \u015bwie\u017cy wygl\u0105d manicure. ten oem gumowy \u017cel bazowy zosta\u0142 zaprojektowany tak, aby znajdowa\u0142 si\u0119 mi\u0119dzy naturalnym paznokciem a kolorem, dodaj\u0105c odrobin\u0119 amortyzacji i si\u0142y, dzi\u0119ki czemu powierzchnia wygl\u0105da g\u0142adko i zu\u017cywa si\u0119 bardziej r\u00f3wnomiernie. karty odcieni na zdj\u0119ciach maj\u0105 odcie\u0144 nude i mleczny - dok\u0142adnie takie odcienie, jakich salony u\u017cywaj\u0105 na co dzie\u0144 do naturalnych zestaw\u00f3w, stylizacji french i szybkich nak\u0142adek.<\/p>\n<p data-start=\"1023\" data-end=\"1373\">To, co sprawia, \u017ce ta linia jest \u0142atwa do wbudowania w mark\u0119, to zakres i format. mo\u017cesz zaoferowa\u0107 klasyczne przezroczyste akty, ale mo\u017cesz tak\u017ce doda\u0107 baz\u0119 z p\u0142atk\u00f3w folii (mieszane p\u0142atki z\u0142ota i srebra), aby uzyska\u0107 delikatny, drogi efekt \u201ckonfetti w szkle\u201d, kt\u00f3ry klienci zauwa\u017caj\u0105, nie czuj\u0105c si\u0119 zbyt g\u0142o\u015bno. to rodzaj tekstury, kt\u00f3ra zamienia prost\u0105 baz\u0119 w charakterystyczny wygl\u0105d.<\/p>\n<p data-start=\"1375\" data-end=\"1717\" data-is-last-node=\"\" data-is-only-node=\"\">dla nabywc\u00f3w b2b, konfiguracja jest praktyczna: wsparcie oem\/odm, opcje marek w\u0142asnych i bezp\u0142atne pr\u00f3bki, dzi\u0119ki czemu mo\u017cna przetestowa\u0107 poziomowanie, dok\u0142adno\u015b\u0107 odcienia i kompatybilno\u015b\u0107 z systemem top coat. kiedy jeste\u015b gotowy do skalowania, dostawa hurtowa kg pomaga fabrykom i liniom nape\u0142niaj\u0105cym kontrolowa\u0107 koszty przy jednoczesnym utrzymaniu sp\u00f3jnych partii do d\u0142ugoterminowej sprzeda\u017cy.<\/p>","protected":false},"excerpt":{"rendered":"<p>Ten niezawieraj\u0105cy hemu gumowy \u017cel bazowy jest przeznaczony dla marek, kt\u00f3re potrzebuj\u0105 elastycznej, mocnej bazy o czystym kryciu. wybierz delikatne odcienie nude lub baz\u0119 z p\u0142atkami folii i zacznij od bezp\u0142atnych pr\u00f3bek, zanim przejdziesz do masowej produkcji.<\/p>","protected":false},"featured_media":2102,"template":"","meta":[],"product_brand":[],"product_cat":[15,29],"product_tag":[464,124,463,461,462,429],"class_list":{"0":"post-2096","1":"product","2":"type-product","3":"status-publish","4":"has-post-thumbnail","6":"product_cat-base-coat","7":"product_cat-hema-tpo-free-base-coat","8":"product_tag-foil-flakes-base","9":"product_tag-hema-free-base-gel","10":"product_tag-odm-nail-gel-supplier","11":"product_tag-oem-rubber-base-gel","12":"product_tag-private-label-uv-gel","13":"product_tag-wholesale-b2b","15":"first","16":"instock","17":"shipping-taxable","18":"product-type-simple"},"_links":{"self":[{"href":"https:\/\/bestgelpolish.com\/pl\/wp-json\/wp\/v2\/product\/2096","targetHints":{"allow":["GET"]}}],"collection":[{"href":"https:\/\/bestgelpolish.com\/pl\/wp-json\/wp\/v2\/product"}],"about":[{"href":"https:\/\/bestgelpolish.com\/pl\/wp-json\/wp\/v2\/types\/product"}],"version-history":[{"count":1,"href":"https:\/\/bestgelpolish.com\/pl\/wp-json\/wp\/v2\/product\/2096\/revisions"}],"predecessor-version":[{"id":2103,"href":"https:\/\/bestgelpolish.com\/pl\/wp-json\/wp\/v2\/product\/2096\/revisions\/2103"}],"wp:featuredmedia":[{"embeddable":true,"href":"https:\/\/bestgelpolish.com\/pl\/wp-json\/wp\/v2\/media\/2102"}],"wp:attachment":[{"href":"https:\/\/bestgelpolish.com\/pl\/wp-json\/wp\/v2\/media?parent=2096"}],"wp:term":[{"taxonomy":"product_brand","embeddable":true,"href":"https:\/\/bestgelpolish.com\/pl\/wp-json\/wp\/v2\/product_brand?post=2096"},{"taxonomy":"product_cat","embeddable":true,"href":"https:\/\/bestgelpolish.com\/pl\/wp-json\/wp\/v2\/product_cat?post=2096"},{"taxonomy":"product_tag","embeddable":true,"href":"https:\/\/bestgelpolish.com\/pl\/wp-json\/wp\/v2\/product_tag?post=2096"}],"curies":[{"name":"wp","href":"https:\/\/api.w.org\/{rel}","templated":true}]}}