{"id":2088,"date":"2025-12-30T02:09:43","date_gmt":"2025-12-30T02:09:43","guid":{"rendered":"https:\/\/bestgelpolish.com\/?post_type=product&#038;p=2088"},"modified":"2025-12-30T02:09:43","modified_gmt":"2025-12-30T02:09:43","slug":"wholesale-high-brightness-laser-silver-glitter-powder","status":"publish","type":"product","link":"https:\/\/bestgelpolish.com\/pl\/wholesale-high-brightness-laser-silver-glitter-powder\/","title":{"rendered":"Hurtowy srebrny brokat laserowy w proszku o wysokiej jasno\u015bci"},"content":{"rendered":"<p data-start=\"592\" data-end=\"928\">Ten brokat w proszku b\u0142yszczy z wyko\u0144czeniem przypominaj\u0105cym chrom, dzi\u0119ki czemu idealnie nadaje si\u0119 do zdobienia paznokci, projekt\u00f3w kosmetycznych i innych kreatywnych projekt\u00f3w. Niezale\u017cnie od tego, czy projektujesz skomplikowane zdobienia paznokci, czy dodajesz blasku makija\u017cowi, ten srebrny brokat zapewnia wyj\u0105tkowo b\u0142yszcz\u0105cy, odblaskowy efekt, kt\u00f3ry pi\u0119knie \u0142apie \u015bwiat\u0142o.<\/p>\n<p data-start=\"930\" data-end=\"1190\">Puder jest drobno zmielony, co zapewnia g\u0142adk\u0105 aplikacj\u0119 i r\u00f3wnomierne rozprowadzenie po\u0142ysku, dzi\u0119ki czemu idealnie nadaje si\u0119 zar\u00f3wno do u\u017cytku profesjonalnego, jak i projekt\u00f3w DIY. jego wysoka jasno\u015b\u0107 i \u017cywy kolor sprawiaj\u0105, \u017ce idealnie nadaje si\u0119 do tworzenia odwa\u017cnych, przyci\u0105gaj\u0105cych uwag\u0119 stylizacji, kt\u00f3re s\u0105 trwa\u0142e.<\/p>\n<p data-start=\"1192\" data-end=\"1442\" data-is-last-node=\"\" data-is-only-node=\"\">Dla firm ten brokatowy puder jest doskona\u0142ym dodatkiem do linii produkt\u00f3w. Dost\u0119pny luzem dla zam\u00f3wie\u0144 hurtowych, jest wszechstronn\u0105 i wysokiej jako\u015bci opcj\u0105 dla salon\u00f3w, sklep\u00f3w kosmetycznych i dystrybutor\u00f3w, kt\u00f3rzy chc\u0105 oferowa\u0107 produkty kosmetyczne premium.<\/p>","protected":false},"excerpt":{"rendered":"<p>Ten laserowy srebrny brokat w proszku o wysokiej jasno\u015bci oferuje ultra b\u0142yszcz\u0105cy chromowany blask, kt\u00f3ry sprawia, \u017ce ka\u017cdy wz\u00f3r paznokci lub kosmetyk staje si\u0119 pop. idealny do tworzenia \u017cywych, przyci\u0105gaj\u0105cych wzrok efekt\u00f3w w szerokim zakresie zastosowa\u0144.<\/p>","protected":false},"featured_media":2091,"template":"","meta":[],"product_brand":[],"product_cat":[26],"product_tag":[457,460,458,459,456,432],"class_list":{"0":"post-2088","1":"product","2":"type-product","3":"status-publish","4":"has-post-thumbnail","6":"product_cat-glitter-powder","7":"product_tag-chrome-glitter-powder","8":"product_tag-cosmetic-glitter","9":"product_tag-glitter-for-nail-art","10":"product_tag-high-brightness-glitter","11":"product_tag-laser-silver-glitter","12":"product_tag-wholesale-glitter-powder","14":"first","15":"instock","16":"shipping-taxable","17":"product-type-simple"},"_links":{"self":[{"href":"https:\/\/bestgelpolish.com\/pl\/wp-json\/wp\/v2\/product\/2088","targetHints":{"allow":["GET"]}}],"collection":[{"href":"https:\/\/bestgelpolish.com\/pl\/wp-json\/wp\/v2\/product"}],"about":[{"href":"https:\/\/bestgelpolish.com\/pl\/wp-json\/wp\/v2\/types\/product"}],"version-history":[{"count":2,"href":"https:\/\/bestgelpolish.com\/pl\/wp-json\/wp\/v2\/product\/2088\/revisions"}],"predecessor-version":[{"id":2095,"href":"https:\/\/bestgelpolish.com\/pl\/wp-json\/wp\/v2\/product\/2088\/revisions\/2095"}],"wp:featuredmedia":[{"embeddable":true,"href":"https:\/\/bestgelpolish.com\/pl\/wp-json\/wp\/v2\/media\/2091"}],"wp:attachment":[{"href":"https:\/\/bestgelpolish.com\/pl\/wp-json\/wp\/v2\/media?parent=2088"}],"wp:term":[{"taxonomy":"product_brand","embeddable":true,"href":"https:\/\/bestgelpolish.com\/pl\/wp-json\/wp\/v2\/product_brand?post=2088"},{"taxonomy":"product_cat","embeddable":true,"href":"https:\/\/bestgelpolish.com\/pl\/wp-json\/wp\/v2\/product_cat?post=2088"},{"taxonomy":"product_tag","embeddable":true,"href":"https:\/\/bestgelpolish.com\/pl\/wp-json\/wp\/v2\/product_tag?post=2088"}],"curies":[{"name":"wp","href":"https:\/\/api.w.org\/{rel}","templated":true}]}}