{"id":2073,"date":"2025-12-30T02:05:21","date_gmt":"2025-12-30T02:05:21","guid":{"rendered":"https:\/\/bestgelpolish.com\/?post_type=product&#038;p=2073"},"modified":"2025-12-30T02:05:21","modified_gmt":"2025-12-30T02:05:21","slug":"wholesale-tpo-free-moonlight-cat-eye-magnetic-gel-set","status":"publish","type":"product","link":"https:\/\/bestgelpolish.com\/pl\/wholesale-tpo-free-moonlight-cat-eye-magnetic-gel-set\/","title":{"rendered":"Hurtowy zestaw magnetycznych \u017celi Moonlight Cat Eye bez TPO"},"content":{"rendered":"<p data-start=\"524\" data-end=\"873\">Na zdj\u0119ciu wida\u0107 czysty, jedwabisty efekt per\u0142owy - jasny, g\u0142adki i r\u00f3wnomierny, jak satyna \u0142api\u0105ca \u015bwiat\u0142o. gdy przeci\u0105gniesz magnesem po \u017celu, po\u0142ysk zbierze si\u0119 w lini\u0119 kociego oka, pozwalaj\u0105c stworzy\u0107 g\u0142\u0119bi\u0119 jednym poci\u0105gni\u0119ciem zamiast nak\u0142adania wielu produkt\u00f3w.<\/p>\n<p data-start=\"875\" data-end=\"1177\">Paleta pozostaje w rodzinie od bieli do szampana, co u\u0142atwia salonom sprzeda\u017c: zestaw\u00f3w \u015blubnych, neutralnych czystych dziewcz\u0105t, bezpiecznych stylizacji biurowych i \u201cspecjalnych, ale subtelnych\u201d paznokci weekendowych. odblaskowe wyko\u0144czenie r\u00f3wnie\u017c pi\u0119knie fotografuje, co pomaga przy tworzeniu tabeli odcieni lub sprzeda\u017cy online.<\/p>\n<p data-start=\"1179\" data-end=\"1498\" data-is-last-node=\"\" data-is-only-node=\"\">Dla nabywc\u00f3w b2b ten zestaw dobrze pasuje do pracy pod mark\u0105 w\u0142asn\u0105. mo\u017cesz utrzyma\u0107 kolekcj\u0119 w 9 najlepiej sprzedaj\u0105cych si\u0119 jasnych odcieniach, doda\u0107 w\u0142asne logo i ustawi\u0107 j\u0105 jako opcj\u0119 bez tpo dla klient\u00f3w, kt\u00f3rzy wol\u0105 \u0142agodniejsze formu\u0142y. to prosty spos\u00f3b na zaoferowanie efektu premium (magnetyczne kocie oko) ze spokojn\u0105, wysokiej klasy histori\u0105 kolor\u00f3w.<\/p>","protected":false},"excerpt":{"rendered":"<p>Ten 9-kolorowy zestaw \u017celu do kocich oczu moonlight zapewnia mi\u0119kki, per\u0142owy wygl\u0105d \u201cblasku od wewn\u0105trz\u201d, kt\u00f3ry zmienia si\u0119 pod wp\u0142ywem \u015bwiat\u0142a. nie zawiera tpo, utwardza si\u0119 pod wp\u0142ywem promieniowania UV\/led i jest przeznaczony do niestandardowych linii oem logo.<\/p>","protected":false},"featured_media":2079,"template":"","meta":[],"product_brand":[],"product_cat":[23,35],"product_tag":[449,450,453,452,451,429],"class_list":{"0":"post-2073","1":"product","2":"type-product","3":"status-publish","4":"has-post-thumbnail","6":"product_cat-color-gel","7":"product_cat-cat-eyes-gel","8":"product_tag-cat-eye-magnetic-gel","9":"product_tag-moonlight-cat-eye","10":"product_tag-oem-custom-logo","11":"product_tag-reflective-gel","12":"product_tag-tpo-free-gel-polish","13":"product_tag-wholesale-b2b","15":"first","16":"instock","17":"shipping-taxable","18":"product-type-simple"},"_links":{"self":[{"href":"https:\/\/bestgelpolish.com\/pl\/wp-json\/wp\/v2\/product\/2073","targetHints":{"allow":["GET"]}}],"collection":[{"href":"https:\/\/bestgelpolish.com\/pl\/wp-json\/wp\/v2\/product"}],"about":[{"href":"https:\/\/bestgelpolish.com\/pl\/wp-json\/wp\/v2\/types\/product"}],"version-history":[{"count":2,"href":"https:\/\/bestgelpolish.com\/pl\/wp-json\/wp\/v2\/product\/2073\/revisions"}],"predecessor-version":[{"id":2082,"href":"https:\/\/bestgelpolish.com\/pl\/wp-json\/wp\/v2\/product\/2073\/revisions\/2082"}],"wp:featuredmedia":[{"embeddable":true,"href":"https:\/\/bestgelpolish.com\/pl\/wp-json\/wp\/v2\/media\/2079"}],"wp:attachment":[{"href":"https:\/\/bestgelpolish.com\/pl\/wp-json\/wp\/v2\/media?parent=2073"}],"wp:term":[{"taxonomy":"product_brand","embeddable":true,"href":"https:\/\/bestgelpolish.com\/pl\/wp-json\/wp\/v2\/product_brand?post=2073"},{"taxonomy":"product_cat","embeddable":true,"href":"https:\/\/bestgelpolish.com\/pl\/wp-json\/wp\/v2\/product_cat?post=2073"},{"taxonomy":"product_tag","embeddable":true,"href":"https:\/\/bestgelpolish.com\/pl\/wp-json\/wp\/v2\/product_tag?post=2073"}],"curies":[{"name":"wp","href":"https:\/\/api.w.org\/{rel}","templated":true}]}}