{"id":2056,"date":"2025-12-30T01:57:09","date_gmt":"2025-12-30T01:57:09","guid":{"rendered":"https:\/\/bestgelpolish.com\/?post_type=product&#038;p=2056"},"modified":"2025-12-30T01:57:09","modified_gmt":"2025-12-30T01:57:09","slug":"wholesale-private-label-colorful-nail-art-painting-gel-palette","status":"publish","type":"product","link":"https:\/\/bestgelpolish.com\/pl\/wholesale-private-label-colorful-nail-art-painting-gel-palette\/","title":{"rendered":"Hurtownia Private Label Kolorowa paleta do malowania paznokci \u017celowych"},"content":{"rendered":"<p data-start=\"628\" data-end=\"1061\">Te wysokiej jako\u015bci \u017cele do malowania s\u0105 dost\u0119pne w r\u00f3\u017cnych odwa\u017cnych i \u017cywych kolorach, idealnych dla artyst\u00f3w maluj\u0105cych paznokcie, kt\u00f3rzy chc\u0105 zrobi\u0107 wra\u017cenie. niezale\u017cnie od tego, czy chcesz doda\u0107 delikatne detale, czy odwa\u017cne wzory, ta formu\u0142a \u017celu zapewnia p\u0142ynn\u0105 aplikacj\u0119 i d\u0142ugotrwa\u0142e rezultaty. paleta zawiera szereg kolor\u00f3w, od g\u0142\u0119bokich ton\u00f3w po jasne odcienie, zapewniaj\u0105c wszystkie opcje potrzebne do ka\u017cdego projektu zdobienia paznokci.<\/p>\n<p data-start=\"1063\" data-end=\"1403\" data-is-last-node=\"\" data-is-only-node=\"\">Idealny zar\u00f3wno dla profesjonalnych salon\u00f3w paznokci, jak i entuzjast\u00f3w majsterkowania, \u017cel jest \u0142atwy w u\u017cyciu i zapewnia g\u0142adkie wyko\u0144czenie. mo\u017cna go r\u00f3wnie\u017c dostosowa\u0107 do opakowania marki w\u0142asnej, co czyni go doskona\u0142ym wyborem dla firm, kt\u00f3re chc\u0105 rozszerzy\u0107 swoj\u0105 lini\u0119 produkt\u00f3w. dzi\u0119ki bogatej konsystencji \u017cel ten zapewnia, \u017ce ka\u017cdy wz\u00f3r paznokci jest nieskazitelny i wyrazisty.<\/p>","protected":false},"excerpt":{"rendered":"<p>Ta \u017cywa kolekcja \u017celi do malowania marki w\u0142asnej jest idealna do tworzenia osza\u0142amiaj\u0105cych zdobie\u0144 paznokci. Kolorowa paleta oferuje wszechstronno\u015b\u0107 dla profesjonalnych projekt\u00f3w i projekt\u00f3w DIY, z bogatymi pigmentami idealnymi do skomplikowanych detali i efekt\u00f3w malarstwa olejnego.<\/p>","protected":false},"featured_media":2059,"template":"","meta":[],"product_brand":[],"product_cat":[24],"product_tag":[443,442,441,132,354,98],"class_list":{"0":"post-2056","1":"product","2":"type-product","3":"status-publish","4":"has-post-thumbnail","6":"product_cat-painting-gel","7":"product_tag-b2b-nail-products","8":"product_tag-colorful-painting-gel","9":"product_tag-nail-art-painting-gel","10":"product_tag-nail-art-supplies","11":"product_tag-oil-painting-gel","12":"product_tag-private-label-nail-gel","14":"first","15":"instock","16":"shipping-taxable","17":"product-type-simple"},"_links":{"self":[{"href":"https:\/\/bestgelpolish.com\/pl\/wp-json\/wp\/v2\/product\/2056","targetHints":{"allow":["GET"]}}],"collection":[{"href":"https:\/\/bestgelpolish.com\/pl\/wp-json\/wp\/v2\/product"}],"about":[{"href":"https:\/\/bestgelpolish.com\/pl\/wp-json\/wp\/v2\/types\/product"}],"version-history":[{"count":1,"href":"https:\/\/bestgelpolish.com\/pl\/wp-json\/wp\/v2\/product\/2056\/revisions"}],"predecessor-version":[{"id":2064,"href":"https:\/\/bestgelpolish.com\/pl\/wp-json\/wp\/v2\/product\/2056\/revisions\/2064"}],"wp:featuredmedia":[{"embeddable":true,"href":"https:\/\/bestgelpolish.com\/pl\/wp-json\/wp\/v2\/media\/2059"}],"wp:attachment":[{"href":"https:\/\/bestgelpolish.com\/pl\/wp-json\/wp\/v2\/media?parent=2056"}],"wp:term":[{"taxonomy":"product_brand","embeddable":true,"href":"https:\/\/bestgelpolish.com\/pl\/wp-json\/wp\/v2\/product_brand?post=2056"},{"taxonomy":"product_cat","embeddable":true,"href":"https:\/\/bestgelpolish.com\/pl\/wp-json\/wp\/v2\/product_cat?post=2056"},{"taxonomy":"product_tag","embeddable":true,"href":"https:\/\/bestgelpolish.com\/pl\/wp-json\/wp\/v2\/product_tag?post=2056"}],"curies":[{"name":"wp","href":"https:\/\/api.w.org\/{rel}","templated":true}]}}