{"id":2050,"date":"2025-12-30T01:53:24","date_gmt":"2025-12-30T01:53:24","guid":{"rendered":"https:\/\/bestgelpolish.com\/?post_type=product&#038;p=2050"},"modified":"2025-12-30T01:53:24","modified_gmt":"2025-12-30T01:53:24","slug":"wholesale-hema-free-tpo-free-matte-top-coat-uv-nail-art-15ml","status":"publish","type":"product","link":"https:\/\/bestgelpolish.com\/pl\/wholesale-hema-free-tpo-free-matte-top-coat-uv-nail-art-15ml\/","title":{"rendered":"Hurtownia HEMA-Free TPO-Free Matte Top Coat UV Nail Art 15ml"},"content":{"rendered":"<p data-start=\"594\" data-end=\"935\">Przenie\u015b swoje zdobienia paznokci na wy\u017cszy poziom dzi\u0119ki temu matowemu top coatowi o pojemno\u015bci 15 ml, niezawieraj\u0105cemu hemu i tpo. G\u0142adkie, odporne na puder matowe wyko\u0144czenie nadaje szczeg\u00f3\u0142owym obrazom paznokci wypolerowany, d\u0142ugotrwa\u0142y wygl\u0105d. Niezale\u017cnie od tego, czy tworzysz skomplikowane wzory, czy proste style, ten top coat zapewnia nieskazitelne rezultaty przy ka\u017cdej aplikacji.<\/p>\n<p data-start=\"937\" data-end=\"1246\">przeznaczony do paznokci \u017celowych UV, doskonale sprawdza si\u0119 zar\u00f3wno w salonie, jak i w zastosowaniach DIY. wysokiej jako\u015bci formu\u0142a zapewnia trwa\u0142o\u015b\u0107 i pi\u0119kne matowe wyko\u0144czenie bez ostrych chemikali\u00f3w powszechnie wyst\u0119puj\u0105cych w innych produktach. jest \u0142atwy w aplikacji i szybko utwardza si\u0119 w \u015bwietle UV, oferuj\u0105c g\u0142adkie i r\u00f3wnomierne wyko\u0144czenie.<\/p>\n<p data-start=\"1248\" data-end=\"1466\" data-is-last-node=\"\" data-is-only-node=\"\">Ten matowy lakier nawierzchniowy jest idealny do dodania profesjonalnego akcentu do ka\u017cdej kolekcji zdobie\u0144 paznokci. Jest to pozycja obowi\u0105zkowa dla w\u0142a\u015bcicieli salon\u00f3w i dystrybutor\u00f3w poszukuj\u0105cych niezawodnego, konfigurowalnego produktu dla swoich klient\u00f3w lub klient\u00f3w.<\/p>","protected":false},"excerpt":{"rendered":"<p>Ten matowy lakier nawierzchniowy o pojemno\u015bci 15 ml oferuje eleganckie, odporne na puder wyko\u0144czenie dla szczeg\u00f3\u0142owych projekt\u00f3w zdobienia paznokci. nie zawiera hemu i tpo, zapewniaj\u0105c bezpieczniejsz\u0105 opcj\u0119 bez po\u015bwi\u0119cania jako\u015bci. idealny zar\u00f3wno dla profesjonalnych artyst\u00f3w paznokci, jak i entuzjast\u00f3w majsterkowania.<\/p>","protected":false},"featured_media":2052,"template":"","meta":[],"product_brand":[],"product_cat":[17,32],"product_tag":[440,160,317,439,178,438],"class_list":{"0":"post-2050","1":"product","2":"type-product","3":"status-publish","4":"has-post-thumbnail","6":"product_cat-top-coat","7":"product_cat-matte-top-coat","8":"product_tag-b2b-nail-supplies","9":"product_tag-hema-free-gel","10":"product_tag-matte-top-coat","11":"product_tag-powder-resistant-matte","12":"product_tag-tpo-free-top-coat","13":"product_tag-uv-gel-nail-art","15":"first","16":"instock","17":"shipping-taxable","18":"product-type-simple"},"_links":{"self":[{"href":"https:\/\/bestgelpolish.com\/pl\/wp-json\/wp\/v2\/product\/2050","targetHints":{"allow":["GET"]}}],"collection":[{"href":"https:\/\/bestgelpolish.com\/pl\/wp-json\/wp\/v2\/product"}],"about":[{"href":"https:\/\/bestgelpolish.com\/pl\/wp-json\/wp\/v2\/types\/product"}],"version-history":[{"count":2,"href":"https:\/\/bestgelpolish.com\/pl\/wp-json\/wp\/v2\/product\/2050\/revisions"}],"predecessor-version":[{"id":2057,"href":"https:\/\/bestgelpolish.com\/pl\/wp-json\/wp\/v2\/product\/2050\/revisions\/2057"}],"wp:featuredmedia":[{"embeddable":true,"href":"https:\/\/bestgelpolish.com\/pl\/wp-json\/wp\/v2\/media\/2052"}],"wp:attachment":[{"href":"https:\/\/bestgelpolish.com\/pl\/wp-json\/wp\/v2\/media?parent=2050"}],"wp:term":[{"taxonomy":"product_brand","embeddable":true,"href":"https:\/\/bestgelpolish.com\/pl\/wp-json\/wp\/v2\/product_brand?post=2050"},{"taxonomy":"product_cat","embeddable":true,"href":"https:\/\/bestgelpolish.com\/pl\/wp-json\/wp\/v2\/product_cat?post=2050"},{"taxonomy":"product_tag","embeddable":true,"href":"https:\/\/bestgelpolish.com\/pl\/wp-json\/wp\/v2\/product_tag?post=2050"}],"curies":[{"name":"wp","href":"https:\/\/api.w.org\/{rel}","templated":true}]}}