{"id":2042,"date":"2025-12-30T01:50:42","date_gmt":"2025-12-30T01:50:42","guid":{"rendered":"https:\/\/bestgelpolish.com\/?post_type=product&#038;p=2042"},"modified":"2025-12-30T01:50:42","modified_gmt":"2025-12-30T01:50:42","slug":"wholesale-hema-free-tpo-free-no-wipe-matte-base-gel-coat-12ml","status":"publish","type":"product","link":"https:\/\/bestgelpolish.com\/pl\/wholesale-hema-free-tpo-free-no-wipe-matte-base-gel-coat-12ml\/","title":{"rendered":"Hurtownia HEMA-Free TPO-Free No Wipe Matte &amp; Base Gel Coat 12ml"},"content":{"rendered":"<p data-start=\"587\" data-end=\"987\">Uzyskaj g\u0142adkie, b\u0142yszcz\u0105ce lub matowe wyko\u0144czenie dzi\u0119ki tej wszechstronnej formule \u017celu, kt\u00f3ra jest zar\u00f3wno top coatem, jak i baz\u0105 w jednym. zdj\u0119cia przedstawiaj\u0105 \u0142atwy, pozbawiony ba\u0142aganu proces od na\u0142o\u017cenia \u017celu do uzyskania nieskazitelnego wyko\u0144czenia - bez konieczno\u015bci wycierania. formu\u0142a \u017celu zapewnia doskona\u0142\u0105 przyczepno\u015b\u0107 i d\u0142ugotrwa\u0142e rezultaty, ale jest r\u00f3wnie\u017c \u0142atwa do zmycia, oferuj\u0105c elastyczno\u015b\u0107 przy wielokrotnym u\u017cyciu.<\/p>\n<p data-start=\"989\" data-end=\"1285\">Zaprojektowany bez szkodliwych chemikali\u00f3w, takich jak hEMA i tpo, \u017cel ten stanowi bezpieczniejsz\u0105 alternatyw\u0119 dla os\u00f3b wra\u017cliwych. jego matowe wyko\u0144czenie jest szczeg\u00f3lnie popularne w przypadku eleganckich, dyskretnych stylizacji, a wszechstronno\u015b\u0107 produktu oznacza, \u017ce dobrze sprawdza si\u0119 zar\u00f3wno w przypadku naturalnych paznokci, jak i przed\u0142u\u017ce\u0144.<\/p>\n<p data-start=\"1287\" data-end=\"1502\" data-is-last-node=\"\" data-is-only-node=\"\">Ten produkt jest idealny dla w\u0142a\u015bcicieli salon\u00f3w, artyst\u00f3w paznokci i dystrybutor\u00f3w B2B poszukuj\u0105cych wysokiej jako\u015bci, konfigurowalnego \u017celu, kt\u00f3ry dobrze sprawdza si\u0119 w \u015bwietle UV i spe\u0142nia wymagania zar\u00f3wno profesjonalist\u00f3w, jak i klient\u00f3w.<\/p>","protected":false},"excerpt":{"rendered":"<p>Ten 12 ml \u017cel typu no-wipe zapewnia wysok\u0105 jako\u015b\u0107 aplikacji i eleganckie matowe wyko\u0144czenie. nie zawiera szkodliwych hEMA i tpo, zapewniaj\u0105c bezpieczniejsze paznokcie bez uszczerbku dla trwa\u0142o\u015bci. idealny dla profesjonalnych artyst\u00f3w paznokci i entuzjast\u00f3w majsterkowania.<\/p>","protected":false},"featured_media":2045,"template":"","meta":[],"product_brand":[],"product_cat":[15,29],"product_tag":[73,84,437,204,430,182],"class_list":{"0":"post-2042","1":"product","2":"type-product","3":"status-publish","4":"has-post-thumbnail","6":"product_cat-base-coat","7":"product_cat-hema-tpo-free-base-coat","8":"product_tag-base-coat-gel","9":"product_tag-hema-free-top-coat","10":"product_tag-matte-gel-coat","11":"product_tag-no-wipe-top-coat","12":"product_tag-tpo-free-gel","13":"product_tag-uv-gel","15":"first","16":"instock","17":"shipping-taxable","18":"product-type-simple"},"_links":{"self":[{"href":"https:\/\/bestgelpolish.com\/pl\/wp-json\/wp\/v2\/product\/2042","targetHints":{"allow":["GET"]}}],"collection":[{"href":"https:\/\/bestgelpolish.com\/pl\/wp-json\/wp\/v2\/product"}],"about":[{"href":"https:\/\/bestgelpolish.com\/pl\/wp-json\/wp\/v2\/types\/product"}],"version-history":[{"count":1,"href":"https:\/\/bestgelpolish.com\/pl\/wp-json\/wp\/v2\/product\/2042\/revisions"}],"predecessor-version":[{"id":2049,"href":"https:\/\/bestgelpolish.com\/pl\/wp-json\/wp\/v2\/product\/2042\/revisions\/2049"}],"wp:featuredmedia":[{"embeddable":true,"href":"https:\/\/bestgelpolish.com\/pl\/wp-json\/wp\/v2\/media\/2045"}],"wp:attachment":[{"href":"https:\/\/bestgelpolish.com\/pl\/wp-json\/wp\/v2\/media?parent=2042"}],"wp:term":[{"taxonomy":"product_brand","embeddable":true,"href":"https:\/\/bestgelpolish.com\/pl\/wp-json\/wp\/v2\/product_brand?post=2042"},{"taxonomy":"product_cat","embeddable":true,"href":"https:\/\/bestgelpolish.com\/pl\/wp-json\/wp\/v2\/product_cat?post=2042"},{"taxonomy":"product_tag","embeddable":true,"href":"https:\/\/bestgelpolish.com\/pl\/wp-json\/wp\/v2\/product_tag?post=2042"}],"curies":[{"name":"wp","href":"https:\/\/api.w.org\/{rel}","templated":true}]}}