{"id":2033,"date":"2025-12-30T01:39:10","date_gmt":"2025-12-30T01:39:10","guid":{"rendered":"https:\/\/bestgelpolish.com\/?post_type=product&#038;p=2033"},"modified":"2025-12-30T01:39:10","modified_gmt":"2025-12-30T01:39:10","slug":"wholesale-fine-reflective-glitter-powder-for-textile-ink","status":"publish","type":"product","link":"https:\/\/bestgelpolish.com\/pl\/wholesale-fine-reflective-glitter-powder-for-textile-ink\/","title":{"rendered":"Hurtowy drobny odblaskowy proszek brokatowy do farb tekstylnych"},"content":{"rendered":"<p data-start=\"600\" data-end=\"1029\">Je\u015bli kiedykolwiek otworzy\u0142e\u015b s\u0142oik z brokatem i od razu wiedzia\u0142e\u015b, \u017ce nadruk \u201cwyskoczy\u201d, to w\u0142a\u015bnie dla takiego efektu stworzono ten materia\u0142. obraz przedstawia wiele jasnych odcieni - niebieski, z\u0142oty, srebrny, zielony, czerwony i magenta - upakowanych w drobne cz\u0105steczki, kt\u00f3re \u0142api\u0105 \u015bwiat\u0142o pod wieloma k\u0105tami. to drobne ci\u0119cie ma znaczenie: pomaga brokatowi bardziej r\u00f3wnomiernie rozprasza\u0107 si\u0119 w tuszu, zmniejsza zbrylanie i zapewnia g\u0142adsze uk\u0142adanie na tkaninie.<\/p>\n<p data-start=\"1031\" data-end=\"1361\">dla drukarni sitodrukowych i producent\u00f3w farb, sp\u00f3jno\u015b\u0107 jest prawdziw\u0105 wygran\u0105. stabilny rozmiar cz\u0105stek zapewnia powtarzalne wyniki w r\u00f3\u017cnych partiach, dzi\u0119ki czemu pierwsze uderzenie wygl\u0105da jak tysi\u0119czna sztuka. odblaskowy wygl\u0105d podnosi logo, napisy i wype\u0142nienia wzor\u00f3w, szczeg\u00f3lnie na ciemniejszych tekstyliach, gdzie kontrast iskier jest najsilniejszy.<\/p>\n<p data-start=\"1363\" data-end=\"1701\" data-is-last-node=\"\" data-is-only-node=\"\">U\u017cywaj go, mieszaj\u0105c z kompatybilnymi systemami farb do sitodruku na tekstyliach i przetestuj proporcje w oparciu o cele pokrycia - subtelny po\u0142ysk dla modnych podstaw lub mocny blask dla wyrazistych grafik. jest to praktyczna opcja b2b dla marek i fabryk, kt\u00f3re potrzebuj\u0105 niezawodnego koloru, silnego efektu wizualnego i dostaw hurtowych, kt\u00f3re pasuj\u0105 do harmonogram\u00f3w produkcji.<\/p>","protected":false},"excerpt":{"rendered":"<p>Ten drobny, odblaskowy proszek brokatowy zapewnia czyste, b\u0142yszcz\u0105ce wyko\u0144czenie nadruk\u00f3w na tekstyliach bez uczucia ziarnisto\u015bci. \u0142atwo miesza si\u0119 z farb\u0105 do sitodruku i pomaga zachowa\u0107 \u017cywe kolory od serii pr\u00f3bnych po produkcj\u0119 masow\u0105.<\/p>","protected":false},"featured_media":2039,"template":"","meta":[],"product_brand":[],"product_cat":[26],"product_tag":[436,433,435,136,434,432],"class_list":{"0":"post-2033","1":"product","2":"type-product","3":"status-publish","4":"has-post-thumbnail","6":"product_cat-glitter-powder","7":"product_tag-b2b-bulk-supply","8":"product_tag-fine-glitter-powder","9":"product_tag-glitter-for-ink","10":"product_tag-reflective-glitter","11":"product_tag-textile-screen-printing","12":"product_tag-wholesale-glitter-powder","14":"first","15":"instock","16":"shipping-taxable","17":"product-type-simple"},"_links":{"self":[{"href":"https:\/\/bestgelpolish.com\/pl\/wp-json\/wp\/v2\/product\/2033","targetHints":{"allow":["GET"]}}],"collection":[{"href":"https:\/\/bestgelpolish.com\/pl\/wp-json\/wp\/v2\/product"}],"about":[{"href":"https:\/\/bestgelpolish.com\/pl\/wp-json\/wp\/v2\/types\/product"}],"version-history":[{"count":2,"href":"https:\/\/bestgelpolish.com\/pl\/wp-json\/wp\/v2\/product\/2033\/revisions"}],"predecessor-version":[{"id":2041,"href":"https:\/\/bestgelpolish.com\/pl\/wp-json\/wp\/v2\/product\/2033\/revisions\/2041"}],"wp:featuredmedia":[{"embeddable":true,"href":"https:\/\/bestgelpolish.com\/pl\/wp-json\/wp\/v2\/media\/2039"}],"wp:attachment":[{"href":"https:\/\/bestgelpolish.com\/pl\/wp-json\/wp\/v2\/media?parent=2033"}],"wp:term":[{"taxonomy":"product_brand","embeddable":true,"href":"https:\/\/bestgelpolish.com\/pl\/wp-json\/wp\/v2\/product_brand?post=2033"},{"taxonomy":"product_cat","embeddable":true,"href":"https:\/\/bestgelpolish.com\/pl\/wp-json\/wp\/v2\/product_cat?post=2033"},{"taxonomy":"product_tag","embeddable":true,"href":"https:\/\/bestgelpolish.com\/pl\/wp-json\/wp\/v2\/product_tag?post=2033"}],"curies":[{"name":"wp","href":"https:\/\/api.w.org\/{rel}","templated":true}]}}