{"id":2027,"date":"2025-12-30T01:36:55","date_gmt":"2025-12-30T01:36:55","guid":{"rendered":"https:\/\/bestgelpolish.com\/?post_type=product&#038;p=2027"},"modified":"2025-12-30T01:36:55","modified_gmt":"2025-12-30T01:36:55","slug":"wholesale-oem-gel-nail-polish-color-set-10-15ml-custom-logo","status":"publish","type":"product","link":"https:\/\/bestgelpolish.com\/pl\/wholesale-oem-gel-nail-polish-color-set-10-15ml-custom-logo\/","title":{"rendered":"Hurtownia OEM \u017belowy zestaw kolor\u00f3w do paznokci 10-15ml Niestandardowe logo"},"content":{"rendered":"<p data-start=\"643\" data-end=\"1003\">Ta kolekcja koncentruje si\u0119 na tym, co ma znaczenie, gdy sprzedajesz na du\u017c\u0105 skal\u0119: sp\u00f3jny kolor, p\u0142ynna aplikacja i wyko\u0144czenie, kt\u00f3re wygl\u0105da jak \u015bwie\u017ce w salonie. butelki na obrazku przedstawiaj\u0105 typowe formaty gotowe do b2b - ma\u0142e rozmiary detaliczne (10-15 ml) do zestaw\u00f3w i zestaw\u00f3w, a tak\u017ce wi\u0119kszy wk\u0142ad 1 kg, aby usprawni\u0107 nape\u0142nianie i zmniejszy\u0107 ilo\u015b\u0107 odpad\u00f3w w \u0142a\u0144cuchu dostaw.<\/p>\n<p data-start=\"1005\" data-end=\"1309\">Formu\u0142a jest pozycjonowana jako wolna od tpo i hema, co pomaga, gdy klienci prosz\u0105 o \u201cbezpieczniejsze uczucie\u201d opcji bez po\u015bwi\u0119cania wydajno\u015bci. po utwardzeniu w uv \/ led, zosta\u0142 zaprojektowany, aby zapewni\u0107 b\u0142yszcz\u0105c\u0105, r\u00f3wn\u0105 powierzchni\u0119, kt\u00f3ra dobrze fotografuje wa\u017cne dla list e-commerce i wy\u015bwietlaczy menu salonu.<\/p>\n<p data-start=\"1311\" data-end=\"1617\" data-is-last-node=\"\" data-is-only-node=\"\">Personalizacja jest prosta w przypadku oem\/odm: nadruk logo na kolorowych butelkach, pasuj\u0105ce nakr\u0119tki i niestandardowe pude\u0142ko oem dla kolekcji. sprawdza si\u0119 dobrze w przypadku dystrybutor\u00f3w tworz\u0105cych sezonowe palety, salon\u00f3w wprowadzaj\u0105cych mark\u0119 w\u0142asn\u0105 i rynk\u00f3w, kt\u00f3re potrzebuj\u0105 czystej, sp\u00f3jnej wizualizacji produktu w wielu odcieniach.<\/p>","protected":false},"excerpt":{"rendered":"<p>Kolekcja lakier\u00f3w \u017celowych frenshion zosta\u0142a stworzona z my\u015bl\u0105 o markach i dystrybutorach, kt\u00f3rzy potrzebuj\u0105 niezawodnych odcieni, czystych etykiet i niestandardowych opakowa\u0144. Wybieraj spo\u015br\u00f3d szerokiej gamy kolor\u00f3w, pakuj je w butelki 10 ml \/ 12 ml \/ 15 ml i obs\u0142uguj wk\u0142ady z opcj\u0105 1 kg luzem, aby przyspieszy\u0107 produkcj\u0119 i obni\u017cy\u0107 koszty jednostkowe.<\/p>","protected":false},"featured_media":2030,"template":"","meta":[],"product_brand":[],"product_cat":[23,33],"product_tag":[431,363,428,367,430,429],"class_list":{"0":"post-2027","1":"product","2":"type-product","3":"status-publish","4":"has-post-thumbnail","6":"product_cat-color-gel","7":"product_cat-solid-color-gel","8":"product_tag-custom-logo-bottles","9":"product_tag-hema-free-gel-polish","10":"product_tag-oem-gel-nail-polish","11":"product_tag-private-label-nail-polish","12":"product_tag-tpo-free-gel","13":"product_tag-wholesale-b2b","15":"first","16":"instock","17":"shipping-taxable","18":"product-type-simple"},"_links":{"self":[{"href":"https:\/\/bestgelpolish.com\/pl\/wp-json\/wp\/v2\/product\/2027","targetHints":{"allow":["GET"]}}],"collection":[{"href":"https:\/\/bestgelpolish.com\/pl\/wp-json\/wp\/v2\/product"}],"about":[{"href":"https:\/\/bestgelpolish.com\/pl\/wp-json\/wp\/v2\/types\/product"}],"version-history":[{"count":1,"href":"https:\/\/bestgelpolish.com\/pl\/wp-json\/wp\/v2\/product\/2027\/revisions"}],"predecessor-version":[{"id":2032,"href":"https:\/\/bestgelpolish.com\/pl\/wp-json\/wp\/v2\/product\/2027\/revisions\/2032"}],"wp:featuredmedia":[{"embeddable":true,"href":"https:\/\/bestgelpolish.com\/pl\/wp-json\/wp\/v2\/media\/2030"}],"wp:attachment":[{"href":"https:\/\/bestgelpolish.com\/pl\/wp-json\/wp\/v2\/media?parent=2027"}],"wp:term":[{"taxonomy":"product_brand","embeddable":true,"href":"https:\/\/bestgelpolish.com\/pl\/wp-json\/wp\/v2\/product_brand?post=2027"},{"taxonomy":"product_cat","embeddable":true,"href":"https:\/\/bestgelpolish.com\/pl\/wp-json\/wp\/v2\/product_cat?post=2027"},{"taxonomy":"product_tag","embeddable":true,"href":"https:\/\/bestgelpolish.com\/pl\/wp-json\/wp\/v2\/product_tag?post=2027"}],"curies":[{"name":"wp","href":"https:\/\/api.w.org\/{rel}","templated":true}]}}