{"id":1907,"date":"2025-12-29T06:30:18","date_gmt":"2025-12-29T06:30:18","guid":{"rendered":"https:\/\/bestgelpolish.com\/?post_type=product&#038;p=1907"},"modified":"2025-12-29T09:53:08","modified_gmt":"2025-12-29T09:53:08","slug":"biodegradable-shimmer-glitter-powder-for-resin-wholesale","status":"publish","type":"product","link":"https:\/\/bestgelpolish.com\/pl\/biodegradable-shimmer-glitter-powder-for-resin-wholesale\/","title":{"rendered":"Biodegradowalny proszek brokatowy do \u017cywicy hurtowej"},"content":{"rendered":"<p data-start=\"269\" data-end=\"613\">ten biodegradowalny puder z po\u0142yskiem zosta\u0142 stworzony dla tw\u00f3rc\u00f3w, kt\u00f3rzy chc\u0105, aby po\u0142ysk i sumienie pasowa\u0142y do siebie. daje bogaty, odblaskowy blask, kt\u00f3ry czysto si\u0119 nak\u0142ada, \u0142atwo miesza i nie czuje si\u0119 ziarnisty, gdy jest u\u017cywany na paznokciach lub w projektach kosmetycznych.<\/p>\n<p data-start=\"615\" data-end=\"916\">Cz\u0105steczki s\u0105 wystarczaj\u0105co drobne, aby stworzy\u0107 mi\u0119kki, b\u0142yszcz\u0105cy b\u0142ysk, ale wci\u0105\u017c wystarczaj\u0105co odwa\u017cne, aby pojawi\u0107 si\u0119 w sztuce \u017cywicznej, pow\u0142okach i mieszankach rzemie\u015blniczych. Posyp je, aby uzyska\u0107 efekt rozproszonego \u015bwiat\u0142a gwiazd, na\u0142\u00f3\u017c je, aby uzyska\u0107 pe\u0142ne pokrycie iskier, lub mieszaj odcienie, aby tworzy\u0107 niestandardowe odcienie, kt\u00f3re wygl\u0105daj\u0105 inaczej pod ka\u017cdym k\u0105tem \u015bwiat\u0142a.<\/p>\n<p data-start=\"918\" data-end=\"1139\" data-is-last-node=\"\" data-is-only-node=\"\">Niezale\u017cnie od tego, czy projektujesz wyraziste paznokcie, wylewasz charmsy z \u017cywicy, dekorujesz kartki, czy dodajesz blasku do projekt\u00f3w DIY, ten brokat jest prostym ulepszeniem: ja\u015bniejsze wyko\u0144czenie, czystsza aplikacja i wyb\u00f3r bardziej przyjazny dla planety.<\/p>","protected":false},"excerpt":{"rendered":"<p>ten biodegradowalny brokat w proszku jest kosmetyczny i drobno zmielony, aby zapewni\u0107 g\u0142adki, r\u00f3wnomierny po\u0142ysk. u\u017cywaj go do zdobienia paznokci, element\u00f3w z \u017cywicy, majsterkowania i dekoracyjnych wyko\u0144cze\u0144, kt\u00f3re pi\u0119knie \u0142api\u0105 \u015bwiat\u0142o.<\/p>","protected":false},"featured_media":1908,"template":"","meta":[],"product_brand":[],"product_cat":[26],"product_tag":[376,381,380,377,379,378],"class_list":{"0":"post-1907","1":"product","2":"type-product","3":"status-publish","4":"has-post-thumbnail","6":"product_cat-glitter-powder","7":"product_tag-biodegradable-glitter","8":"product_tag-decorative-glitter","9":"product_tag-diy-craft-glitter","10":"product_tag-eco-friendly-sparkle-powder","11":"product_tag-resin-glitter","12":"product_tag-shimmer-powder","14":"first","15":"instock","16":"shipping-taxable","17":"product-type-simple"},"_links":{"self":[{"href":"https:\/\/bestgelpolish.com\/pl\/wp-json\/wp\/v2\/product\/1907","targetHints":{"allow":["GET"]}}],"collection":[{"href":"https:\/\/bestgelpolish.com\/pl\/wp-json\/wp\/v2\/product"}],"about":[{"href":"https:\/\/bestgelpolish.com\/pl\/wp-json\/wp\/v2\/types\/product"}],"version-history":[{"count":1,"href":"https:\/\/bestgelpolish.com\/pl\/wp-json\/wp\/v2\/product\/1907\/revisions"}],"predecessor-version":[{"id":1915,"href":"https:\/\/bestgelpolish.com\/pl\/wp-json\/wp\/v2\/product\/1907\/revisions\/1915"}],"wp:featuredmedia":[{"embeddable":true,"href":"https:\/\/bestgelpolish.com\/pl\/wp-json\/wp\/v2\/media\/1908"}],"wp:attachment":[{"href":"https:\/\/bestgelpolish.com\/pl\/wp-json\/wp\/v2\/media?parent=1907"}],"wp:term":[{"taxonomy":"product_brand","embeddable":true,"href":"https:\/\/bestgelpolish.com\/pl\/wp-json\/wp\/v2\/product_brand?post=1907"},{"taxonomy":"product_cat","embeddable":true,"href":"https:\/\/bestgelpolish.com\/pl\/wp-json\/wp\/v2\/product_cat?post=1907"},{"taxonomy":"product_tag","embeddable":true,"href":"https:\/\/bestgelpolish.com\/pl\/wp-json\/wp\/v2\/product_tag?post=1907"}],"curies":[{"name":"wp","href":"https:\/\/api.w.org\/{rel}","templated":true}]}}