{"id":1898,"date":"2025-12-29T06:22:58","date_gmt":"2025-12-29T06:22:58","guid":{"rendered":"https:\/\/bestgelpolish.com\/?post_type=product&#038;p=1898"},"modified":"2025-12-29T06:22:58","modified_gmt":"2025-12-29T06:22:58","slug":"diamond-glitter-gel-nail-polish-platinum-oem-wholesale-bulk","status":"publish","type":"product","link":"https:\/\/bestgelpolish.com\/pl\/diamond-glitter-gel-nail-polish-platinum-oem-wholesale-bulk\/","title":{"rendered":"Diamentowy brokat \u017celowy lakier do paznokci Platinum OEM hurtowo luzem"},"content":{"rendered":"<p data-start=\"734\" data-end=\"1177\">Niekt\u00f3re \u017cele brokatowe wygl\u0105daj\u0105 ol\u015bniewaj\u0105co w s\u0142oiczku, ale wypadaj\u0105 p\u0142asko na paznokciach. Ten zosta\u0142 stworzony z my\u015bl\u0105 o czym\u015b zupe\u0142nie przeciwnym: mocnym blasku, kt\u00f3ry pozostaje wymiarowy po utwardzeniu. Wyko\u0144czenie w stylu platynowym wynika z warstwowych rozmiar\u00f3w brokatu - drobnych cz\u0105stek, kt\u00f3re r\u00f3wnomiernie wype\u0142niaj\u0105 baz\u0119, a tak\u017ce wi\u0119kszych odblaskowych element\u00f3w, kt\u00f3re \u0142api\u0105 \u015bwiat\u0142o pod r\u00f3\u017cnymi k\u0105tami. Rezultat jest luksusowy, a nie ziarnisty i pi\u0119knie fotografuje si\u0119 w \u015bwietle salonu.<\/p>\n<p data-start=\"1179\" data-end=\"1463\">Tekstura zosta\u0142a zaprojektowana tak, aby zachowywa\u0107 si\u0119 tak, jak powinien zachowywa\u0107 si\u0119 profesjonalny \u017cel: samopoziomuje si\u0119, g\u0142adko rozprowadza i utrzymuje brokat zawieszony, dzi\u0119ki czemu nie walczysz z grudkami lub go\u0142ymi plamami. Po utwardzeniu promieniami UV\/led powierzchnia pozostaje szklista i trwa\u0142a, dzi\u0119ki czemu jest odporna na matowienie i odpryskiwanie podczas codziennego noszenia.<\/p>\n<p data-start=\"1465\" data-end=\"1667\" data-is-last-node=\"\" data-is-only-node=\"\">Dzi\u0119ki 12 opcjom kolorystycznym i wsparciu OEM, jest to idealne rozwi\u0105zanie dla marek i hurtownik\u00f3w, kt\u00f3rzy chc\u0105 linii brokat\u00f3w premium, kt\u00f3ra wygl\u0105da drogo, nak\u0142ada si\u0119 czysto i zapewnia sp\u00f3jne wyniki w r\u00f3\u017cnych partiach.<\/p>","protected":false},"excerpt":{"rendered":"<p>Ten lakier w \u017celu z diamentowym brokatem zapewnia intensywny blask i g\u0142adk\u0105, samopoziomuj\u0105c\u0105 si\u0119 tekstur\u0119. Inspirowany platyn\u0105 po\u0142ysk odbija \u015bwiat\u0142o pod ka\u017cdym k\u0105tem, tworz\u0105c g\u0142\u0119bi\u0119 i luksusowe wyko\u0144czenie. Zaprojektowany do u\u017cytku profesjonalnego, utwardza si\u0119 r\u00f3wnomiernie, nosi si\u0119 komfortowo i utrzymuje \u015bwie\u017cy i promienny wygl\u0105d paznokci przez wiele tygodni.<\/p>","protected":false},"featured_media":1904,"template":"","meta":[],"product_brand":[],"product_cat":[23,34],"product_tag":[373,331,79,374,375,74],"class_list":{"0":"post-1898","1":"product","2":"type-product","3":"status-publish","4":"has-post-thumbnail","6":"product_cat-color-gel","7":"product_cat-glitter-color-gel","8":"product_tag-diamond-gel-nail-polish","9":"product_tag-glitter-gel-polish","10":"product_tag-oem-nail-gel","11":"product_tag-platinum-gel-polish","12":"product_tag-shimmer-nail-gel","13":"product_tag-wholesale-nail-supplies","15":"first","16":"instock","17":"shipping-taxable","18":"product-type-simple"},"_links":{"self":[{"href":"https:\/\/bestgelpolish.com\/pl\/wp-json\/wp\/v2\/product\/1898","targetHints":{"allow":["GET"]}}],"collection":[{"href":"https:\/\/bestgelpolish.com\/pl\/wp-json\/wp\/v2\/product"}],"about":[{"href":"https:\/\/bestgelpolish.com\/pl\/wp-json\/wp\/v2\/types\/product"}],"version-history":[{"count":2,"href":"https:\/\/bestgelpolish.com\/pl\/wp-json\/wp\/v2\/product\/1898\/revisions"}],"predecessor-version":[{"id":1906,"href":"https:\/\/bestgelpolish.com\/pl\/wp-json\/wp\/v2\/product\/1898\/revisions\/1906"}],"wp:featuredmedia":[{"embeddable":true,"href":"https:\/\/bestgelpolish.com\/pl\/wp-json\/wp\/v2\/media\/1904"}],"wp:attachment":[{"href":"https:\/\/bestgelpolish.com\/pl\/wp-json\/wp\/v2\/media?parent=1898"}],"wp:term":[{"taxonomy":"product_brand","embeddable":true,"href":"https:\/\/bestgelpolish.com\/pl\/wp-json\/wp\/v2\/product_brand?post=1898"},{"taxonomy":"product_cat","embeddable":true,"href":"https:\/\/bestgelpolish.com\/pl\/wp-json\/wp\/v2\/product_cat?post=1898"},{"taxonomy":"product_tag","embeddable":true,"href":"https:\/\/bestgelpolish.com\/pl\/wp-json\/wp\/v2\/product_tag?post=1898"}],"curies":[{"name":"wp","href":"https:\/\/api.w.org\/{rel}","templated":true}]}}