{"id":1872,"date":"2025-12-29T03:54:54","date_gmt":"2025-12-29T03:54:54","guid":{"rendered":"https:\/\/bestgelpolish.com\/?post_type=product&#038;p=1872"},"modified":"2025-12-29T03:54:54","modified_gmt":"2025-12-29T03:54:54","slug":"wholesale-hema-free-tpo-free-super-hard-extension-gel-pro","status":"publish","type":"product","link":"https:\/\/bestgelpolish.com\/pl\/wholesale-hema-free-tpo-free-super-hard-extension-gel-pro\/","title":{"rendered":"Hurtownia HEMA Free TPO Free Super Hard Extension Gel Pro"},"content":{"rendered":"<p data-start=\"657\" data-end=\"983\">Ten mus buduj\u0105cy jest stworzony dla technik\u00f3w, kt\u00f3rzy chc\u0105 najpierw mie\u0107 kontrol\u0119, a nast\u0119pnie wypolerowane wyko\u0144czenie. zauwa\u017cysz, \u017ce \u017cel pozostaje tam, gdzie go umie\u015bcisz - \u015bwietny do budowania wierzcho\u0142ka, wzmacniania s\u0142abych paznokci i tworzenia struktury przed\u0142u\u017cenia przy mniejszej liczbie poprawek. po wyr\u00f3wnaniu pozostawia jedwabist\u0105, szklist\u0105 powierzchni\u0119, kt\u00f3ra wygl\u0105da mi\u0119kko i naturalnie w kolorze nude pink.<\/p>\n<p data-start=\"985\" data-end=\"1016\">co ci si\u0119 spodoba podczas pracy:<\/p>\n<ul data-start=\"1017\" data-end=\"1392\" data-is-last-node=\"\" data-is-only-node=\"\">\n<li data-start=\"1017\" data-end=\"1097\">\n<p data-start=\"1019\" data-end=\"1097\">Kontrolowana lepko\u015b\u0107: nie\u0142atwo p\u0142ynie, dzi\u0119ki czemu detalowanie i kszta\u0142towanie jest spokojniejsze<\/p>\n<\/li>\n<li data-start=\"1098\" data-end=\"1178\">\n<p data-start=\"1100\" data-end=\"1178\">\u201cSuper twarde\u201d wsparcie: zaprojektowane, aby utrzyma\u0107 struktur\u0119 dla rozszerze\u0144 i nak\u0142adek<\/p>\n<\/li>\n<li data-start=\"1179\" data-end=\"1245\">\n<p data-start=\"1181\" data-end=\"1245\">g\u0142adkie, puszyste wyko\u0144czenie: sprawia, \u017ce paznokcie wygl\u0105daj\u0105 na pe\u0142niejsze i bardziej wyrafinowane<\/p>\n<\/li>\n<li data-start=\"1246\" data-end=\"1320\">\n<p data-start=\"1248\" data-end=\"1320\">hema-free &amp; tpo-free: dostosowane do salon\u00f3w, kt\u00f3re preferuj\u0105 te wy\u0142\u0105czenia<\/p>\n<\/li>\n<li data-start=\"1321\" data-end=\"1392\" data-is-last-node=\"\">\n<p data-start=\"1323\" data-end=\"1392\" data-is-last-node=\"\">Profesjonalna formu\u0142a: przeznaczona do profesjonalnego manicure<\/p>\n<\/li>\n<\/ul>","protected":false},"excerpt":{"rendered":"<p>r\u00f3\u017cowy, gumowy, twardy \u017cel o konsystencji musu, kt\u00f3ry nadaje paznokciom g\u0142adki, pulchny wygl\u0105d. g\u0119sta, kontroluj\u0105ca tekstura utrzymuje kszta\u0142t, dzi\u0119ki czemu mo\u017cna budowa\u0107, rze\u017abi\u0107 i przed\u0142u\u017ca\u0107 bez niechlujnego sp\u0142ywania. formu\u0142a bez hemu i tpo dla czystszego profilu sk\u0142adnik\u00f3w.<\/p>","protected":false},"featured_media":1873,"template":"","meta":[],"product_brand":[],"product_cat":[20],"product_tag":[357,360,361,359,358,68],"class_list":{"0":"post-1872","1":"product","2":"type-product","3":"status-publish","4":"has-post-thumbnail","6":"product_cat-builder-in-a-bottle-gel","7":"product_tag-hema-free-builder-gel","8":"product_tag-nude-pink-builder-mousse","9":"product_tag-professional-extension-gel","10":"product_tag-super-hard-extension-gel","11":"product_tag-tpo-free-control-gel","12":"product_tag-wholesale-nail-gel","14":"first","15":"instock","16":"shipping-taxable","17":"product-type-simple"},"_links":{"self":[{"href":"https:\/\/bestgelpolish.com\/pl\/wp-json\/wp\/v2\/product\/1872","targetHints":{"allow":["GET"]}}],"collection":[{"href":"https:\/\/bestgelpolish.com\/pl\/wp-json\/wp\/v2\/product"}],"about":[{"href":"https:\/\/bestgelpolish.com\/pl\/wp-json\/wp\/v2\/types\/product"}],"version-history":[{"count":2,"href":"https:\/\/bestgelpolish.com\/pl\/wp-json\/wp\/v2\/product\/1872\/revisions"}],"predecessor-version":[{"id":1881,"href":"https:\/\/bestgelpolish.com\/pl\/wp-json\/wp\/v2\/product\/1872\/revisions\/1881"}],"wp:featuredmedia":[{"embeddable":true,"href":"https:\/\/bestgelpolish.com\/pl\/wp-json\/wp\/v2\/media\/1873"}],"wp:attachment":[{"href":"https:\/\/bestgelpolish.com\/pl\/wp-json\/wp\/v2\/media?parent=1872"}],"wp:term":[{"taxonomy":"product_brand","embeddable":true,"href":"https:\/\/bestgelpolish.com\/pl\/wp-json\/wp\/v2\/product_brand?post=1872"},{"taxonomy":"product_cat","embeddable":true,"href":"https:\/\/bestgelpolish.com\/pl\/wp-json\/wp\/v2\/product_cat?post=1872"},{"taxonomy":"product_tag","embeddable":true,"href":"https:\/\/bestgelpolish.com\/pl\/wp-json\/wp\/v2\/product_tag?post=1872"}],"curies":[{"name":"wp","href":"https:\/\/api.w.org\/{rel}","templated":true}]}}