{"id":1863,"date":"2025-12-29T03:28:41","date_gmt":"2025-12-29T03:28:41","guid":{"rendered":"https:\/\/bestgelpolish.com\/?post_type=product&#038;p=1863"},"modified":"2025-12-29T03:28:41","modified_gmt":"2025-12-29T03:28:41","slug":"wholesale-private-label-colorful-painting-gel-nail-art-palette","status":"publish","type":"product","link":"https:\/\/bestgelpolish.com\/pl\/wholesale-private-label-colorful-painting-gel-nail-art-palette\/","title":{"rendered":"Hurtownia Private Label Kolorowa paleta do malowania paznokci \u017celowych"},"content":{"rendered":"<p>Kolorowy \u017celowy lakier do paznokci do malowania olejnego jest przeznaczony dla artyst\u00f3w, kt\u00f3rzy uwielbiaj\u0105 wyraziste i szczeg\u00f3\u0142owe zdobienia paznokci. zainspirowany tradycyjnymi technikami malarstwa olejnego, \u017cel ten ma g\u0142adk\u0105, g\u0119st\u0105 konsystencj\u0119, kt\u00f3ra umo\u017cliwia precyzyjn\u0105 kontrol\u0119 i odwa\u017cne nak\u0142adanie warstw kolor\u00f3w. ka\u017cdy odcie\u0144 ujawnia siln\u0105 pigmentacj\u0119 i r\u00f3wnomierne krycie, dzi\u0119ki czemu idealnie nadaje si\u0119 do mieszania, konturowania i kreatywnych wzor\u00f3w. \u017bel utwardza si\u0119 r\u00f3wnomiernie w \u015bwietle UV lub LED, zachowuj\u0105c \u017cywy kolor i d\u0142ugotrwa\u0142e zu\u017cycie. Odpowiedni dla profesjonalnych salon\u00f3w i marek w\u0142asnych, ten \u017cel do zdobienia paznokci wspiera niesko\u0144czon\u0105 kreatywno\u015b\u0107, pomagaj\u0105c artystom paznokci przekszta\u0142ci\u0107 proste paznokcie w miniaturowe dzie\u0142a sztuki z g\u0142\u0119bi\u0105, tekstur\u0105 i osobowo\u015bci\u0105.<\/p>","protected":false},"excerpt":{"rendered":"<p>Ten kolorowy lakier \u017celowy do malowania oferuje bogat\u0105, kremow\u0105 konsystencj\u0119 i \u017cywe kolory do artystycznych projekt\u00f3w paznokci. idealny do malowania olejnego, drobnych detali i profesjonalnej kreatywno\u015bci w zakresie zdobienia paznokci.<\/p>","protected":false},"featured_media":1864,"template":"","meta":[],"product_brand":[],"product_cat":[24],"product_tag":[356,355,354,193,98,295],"class_list":{"0":"post-1863","1":"product","2":"type-product","3":"status-publish","4":"has-post-thumbnail","6":"product_cat-painting-gel","7":"product_tag-colorful-gel-varnish","8":"product_tag-nail-art-palette","9":"product_tag-oil-painting-gel","10":"product_tag-painting-gel","11":"product_tag-private-label-nail-gel","12":"product_tag-wholesale","14":"first","15":"instock","16":"shipping-taxable","17":"product-type-simple"},"_links":{"self":[{"href":"https:\/\/bestgelpolish.com\/pl\/wp-json\/wp\/v2\/product\/1863","targetHints":{"allow":["GET"]}}],"collection":[{"href":"https:\/\/bestgelpolish.com\/pl\/wp-json\/wp\/v2\/product"}],"about":[{"href":"https:\/\/bestgelpolish.com\/pl\/wp-json\/wp\/v2\/types\/product"}],"version-history":[{"count":2,"href":"https:\/\/bestgelpolish.com\/pl\/wp-json\/wp\/v2\/product\/1863\/revisions"}],"predecessor-version":[{"id":1871,"href":"https:\/\/bestgelpolish.com\/pl\/wp-json\/wp\/v2\/product\/1863\/revisions\/1871"}],"wp:featuredmedia":[{"embeddable":true,"href":"https:\/\/bestgelpolish.com\/pl\/wp-json\/wp\/v2\/media\/1864"}],"wp:attachment":[{"href":"https:\/\/bestgelpolish.com\/pl\/wp-json\/wp\/v2\/media?parent=1863"}],"wp:term":[{"taxonomy":"product_brand","embeddable":true,"href":"https:\/\/bestgelpolish.com\/pl\/wp-json\/wp\/v2\/product_brand?post=1863"},{"taxonomy":"product_cat","embeddable":true,"href":"https:\/\/bestgelpolish.com\/pl\/wp-json\/wp\/v2\/product_cat?post=1863"},{"taxonomy":"product_tag","embeddable":true,"href":"https:\/\/bestgelpolish.com\/pl\/wp-json\/wp\/v2\/product_tag?post=1863"}],"curies":[{"name":"wp","href":"https:\/\/api.w.org\/{rel}","templated":true}]}}