{"id":1816,"date":"2025-12-29T02:50:43","date_gmt":"2025-12-29T02:50:43","guid":{"rendered":"https:\/\/bestgelpolish.com\/?post_type=product&#038;p=1816"},"modified":"2025-12-29T02:50:43","modified_gmt":"2025-12-29T02:50:43","slug":"wholesale-1kg-colorful-rubber-base-uv-gel-polish-bulk","status":"publish","type":"product","link":"https:\/\/bestgelpolish.com\/pl\/wholesale-1kg-colorful-rubber-base-uv-gel-polish-bulk\/","title":{"rendered":"Sprzeda\u017c hurtowa 1 kg kolorowej gumowej bazy \u017celu UV luzem"},"content":{"rendered":"<p>Caixuan kolorowy lakier hybrydowy na bazie gumy to idealne rozwi\u0105zanie dla profesjonalnych salon\u00f3w, oferuj\u0105ce wszechstronn\u0105 gam\u0119 92 osza\u0142amiaj\u0105cych kolor\u00f3w. Ten \u017celowy lakier zapewnia g\u0142adk\u0105, \u0142atw\u0105 aplikacj\u0119 z d\u0142ugotrwa\u0142ym, trwa\u0142ym wyko\u0144czeniem, kt\u00f3re jest odporne na odpryskiwanie i blakni\u0119cie. Gumowa podstawa zapewnia elastyczno\u015b\u0107 i wytrzyma\u0142o\u015b\u0107, dzi\u0119ki czemu idealnie nadaje si\u0119 zar\u00f3wno do paznokci naturalnych, jak i sztucznych. Dost\u0119pny w opakowaniach zbiorczych o pojemno\u015bci 1 kg, oferuje doskona\u0142\u0105 warto\u015b\u0107 do u\u017cytku na du\u017c\u0105 skal\u0119 w salonach lub firmach. Niezale\u017cnie od tego, czy tworzysz pi\u0119kne zdobienia paznokci, czy zapewniasz klientom trwa\u0142e, b\u0142yszcz\u0105ce paznokcie, ten lakier \u017celowy zapewnia wysok\u0105 jako\u015b\u0107 i \u017cywe rezultaty przy ka\u017cdej aplikacji.<\/p>","protected":false},"excerpt":{"rendered":"<p data-start=\"479\" data-end=\"667\">Kolorowy lakier hybrydowy na bazie gumy Caixuan zapewnia g\u0142adk\u0105 aplikacj\u0119 i d\u0142ugotrwa\u0142y po\u0142ysk. 92 \u017cywe kolory i pojemno\u015b\u0107 1 kg sprawiaj\u0105, \u017ce jest idealny do salon\u00f3w i zastosowa\u0144 profesjonalnych.<\/p>","protected":false},"featured_media":1819,"template":"","meta":[],"product_brand":[],"product_cat":[15,30],"product_tag":[336,335,232,139,87,295],"class_list":{"0":"post-1816","1":"product","2":"type-product","3":"status-publish","4":"has-post-thumbnail","6":"product_cat-base-coat","7":"product_cat-colored-rubber-base","8":"product_tag-bulk-capacity","9":"product_tag-colorful-gel-polish","10":"product_tag-professional-nail-gel","11":"product_tag-rubber-base-gel","12":"product_tag-uv-gel-polish","13":"product_tag-wholesale","15":"first","16":"instock","17":"shipping-taxable","18":"product-type-simple"},"_links":{"self":[{"href":"https:\/\/bestgelpolish.com\/pl\/wp-json\/wp\/v2\/product\/1816","targetHints":{"allow":["GET"]}}],"collection":[{"href":"https:\/\/bestgelpolish.com\/pl\/wp-json\/wp\/v2\/product"}],"about":[{"href":"https:\/\/bestgelpolish.com\/pl\/wp-json\/wp\/v2\/types\/product"}],"version-history":[{"count":1,"href":"https:\/\/bestgelpolish.com\/pl\/wp-json\/wp\/v2\/product\/1816\/revisions"}],"predecessor-version":[{"id":1823,"href":"https:\/\/bestgelpolish.com\/pl\/wp-json\/wp\/v2\/product\/1816\/revisions\/1823"}],"wp:featuredmedia":[{"embeddable":true,"href":"https:\/\/bestgelpolish.com\/pl\/wp-json\/wp\/v2\/media\/1819"}],"wp:attachment":[{"href":"https:\/\/bestgelpolish.com\/pl\/wp-json\/wp\/v2\/media?parent=1816"}],"wp:term":[{"taxonomy":"product_brand","embeddable":true,"href":"https:\/\/bestgelpolish.com\/pl\/wp-json\/wp\/v2\/product_brand?post=1816"},{"taxonomy":"product_cat","embeddable":true,"href":"https:\/\/bestgelpolish.com\/pl\/wp-json\/wp\/v2\/product_cat?post=1816"},{"taxonomy":"product_tag","embeddable":true,"href":"https:\/\/bestgelpolish.com\/pl\/wp-json\/wp\/v2\/product_tag?post=1816"}],"curies":[{"name":"wp","href":"https:\/\/api.w.org\/{rel}","templated":true}]}}