{"id":1769,"date":"2025-12-29T02:22:01","date_gmt":"2025-12-29T02:22:01","guid":{"rendered":"https:\/\/bestgelpolish.com\/?post_type=product&#038;p=1769"},"modified":"2025-12-29T02:25:18","modified_gmt":"2025-12-29T02:25:18","slug":"wholesale-professional-uv-painting-gel-nail-art-drawing","status":"publish","type":"product","link":"https:\/\/bestgelpolish.com\/pl\/wholesale-professional-uv-painting-gel-nail-art-drawing\/","title":{"rendered":"Hurtownia profesjonalnych lakier\u00f3w \u017celowych UV do rysowania paznokci"},"content":{"rendered":"<p>Profesjonalny \u017cel do malowania paznokci o pojemno\u015bci 10 ml jest przeznaczony dla artyst\u00f3w, kt\u00f3rzy koncentruj\u0105 si\u0119 na precyzji i kreatywno\u015bci. jego bogata, kremowa konsystencja umo\u017cliwia \u0142atw\u0105 kontrol\u0119 podczas rysowania cienkich linii, abstrakcyjnych wzor\u00f3w lub szczeg\u00f3\u0142owych projekt\u00f3w zdobienia paznokci. \u017cel rozprowadza si\u0119 r\u00f3wnomiernie bez krwawienia, dzi\u0119ki czemu nadaje si\u0119 zar\u00f3wno dla pocz\u0105tkuj\u0105cych, jak i profesjonalnych technik\u00f3w. kolory utwardzaj\u0105 si\u0119 r\u00f3wnomiernie pod lampami UV lub LED, zapewniaj\u0105c b\u0142yszcz\u0105ce, trwa\u0142e wyko\u0144czenie, kt\u00f3re zachowuje \u017cywo\u015b\u0107 przez d\u0142ugi czas. idealny do u\u017cytku w salonach i projektach marek w\u0142asnych, ten \u017cel do malowania wspiera szerok\u0105 gam\u0119 styl\u00f3w artystycznych. niezale\u017cnie od tego, czy jest u\u017cywany do konturowania, cieniowania czy pe\u0142nych wzor\u00f3w, pomaga o\u017cywi\u0107 pomys\u0142y na paznokcie z wyrazisto\u015bci\u0105 i pewno\u015bci\u0105 siebie.<\/p>","protected":false},"excerpt":{"rendered":"<p>Ten profesjonalny lakier \u017celowy uv do malowania paznokci oferuje wysokie nasycenie kolor\u00f3w i p\u0142ynn\u0105 kontrol\u0119 dla szczeg\u00f3\u0142owego zdobienia paznokci. idealny do pracy z liniami, wzorami i kreatywnymi projektami z d\u0142ugotrwa\u0142ymi rezultatami.<\/p>","protected":false},"featured_media":1772,"template":"","meta":[],"product_brand":[],"product_cat":[24],"product_tag":[309,193,307,310,308,68],"class_list":{"0":"post-1769","1":"product","2":"type-product","3":"status-publish","4":"has-post-thumbnail","6":"product_cat-painting-gel","7":"product_tag-nail-drawing-gel","8":"product_tag-painting-gel","9":"product_tag-private-label","10":"product_tag-professional-nail-polish","11":"product_tag-uv-nail-art-gel","12":"product_tag-wholesale-nail-gel","14":"first","15":"instock","16":"shipping-taxable","17":"product-type-simple"},"_links":{"self":[{"href":"https:\/\/bestgelpolish.com\/pl\/wp-json\/wp\/v2\/product\/1769","targetHints":{"allow":["GET"]}}],"collection":[{"href":"https:\/\/bestgelpolish.com\/pl\/wp-json\/wp\/v2\/product"}],"about":[{"href":"https:\/\/bestgelpolish.com\/pl\/wp-json\/wp\/v2\/types\/product"}],"version-history":[{"count":2,"href":"https:\/\/bestgelpolish.com\/pl\/wp-json\/wp\/v2\/product\/1769\/revisions"}],"predecessor-version":[{"id":1778,"href":"https:\/\/bestgelpolish.com\/pl\/wp-json\/wp\/v2\/product\/1769\/revisions\/1778"}],"wp:featuredmedia":[{"embeddable":true,"href":"https:\/\/bestgelpolish.com\/pl\/wp-json\/wp\/v2\/media\/1772"}],"wp:attachment":[{"href":"https:\/\/bestgelpolish.com\/pl\/wp-json\/wp\/v2\/media?parent=1769"}],"wp:term":[{"taxonomy":"product_brand","embeddable":true,"href":"https:\/\/bestgelpolish.com\/pl\/wp-json\/wp\/v2\/product_brand?post=1769"},{"taxonomy":"product_cat","embeddable":true,"href":"https:\/\/bestgelpolish.com\/pl\/wp-json\/wp\/v2\/product_cat?post=1769"},{"taxonomy":"product_tag","embeddable":true,"href":"https:\/\/bestgelpolish.com\/pl\/wp-json\/wp\/v2\/product_tag?post=1769"}],"curies":[{"name":"wp","href":"https:\/\/api.w.org\/{rel}","templated":true}]}}