{"id":1751,"date":"2025-12-29T02:16:29","date_gmt":"2025-12-29T02:16:29","guid":{"rendered":"https:\/\/bestgelpolish.com\/?post_type=product&#038;p=1751"},"modified":"2025-12-29T02:16:29","modified_gmt":"2025-12-29T02:16:29","slug":"wholesale-hard-clear-strengthener-uv-gel-nail-reinforcement","status":"publish","type":"product","link":"https:\/\/bestgelpolish.com\/pl\/wholesale-hard-clear-strengthener-uv-gel-nail-reinforcement\/","title":{"rendered":"Hurtownia Hard Clear Strengthener UV Gel Nail Reinforcement"},"content":{"rendered":"<p>Twardy, bezbarwny \u017cel wzmacniaj\u0105cy UV do paznokci zosta\u0142 zaprojektowany w celu zapewnienia maksymalnej ochrony i trwa\u0142o\u015bci paznokci. \u017bel ten wzmacnia i utrwala naturalne paznokcie, oferuj\u0105c twarde wyko\u0144czenie odporne na z\u0142amania i odpryski. Dzi\u0119ki g\u0142adkiej, przezroczystej konsystencji zapewnia b\u0142yszcz\u0105cy, d\u0142ugotrwa\u0142y wygl\u0105d. Idealny zar\u00f3wno dla profesjonalist\u00f3w, jak i entuzjast\u00f3w majsterkowania, \u017cel ten doskonale wzmacnia s\u0142abe lub \u0142amliwe paznokcie i zapewnia d\u0142ugotrwa\u0142e, nieskazitelne wyko\u0144czenie. Niezale\u017cnie od tego, czy nak\u0142adasz go warstwami, czy jako warstw\u0119 nawierzchniow\u0105, zapewnia mocne, l\u015bni\u0105ce i chronione paznokcie przez ca\u0142y dzie\u0144.<\/p>","protected":false},"excerpt":{"rendered":"<p>Ten twardy, bezbarwny \u017cel UV wzmacnia paznokcie, zapewniaj\u0105c dodatkow\u0105 trwa\u0142o\u015b\u0107 i b\u0142yszcz\u0105ce wyko\u0144czenie. Idealny do ochrony paznokci i zapewnienia d\u0142ugotrwa\u0142ego noszenia dla nieskazitelnego wygl\u0105du.<\/p>","protected":false},"featured_media":1754,"template":"","meta":[],"product_brand":[],"product_cat":[18],"product_tag":[299,301,90,300,87,295],"class_list":{"0":"post-1751","1":"product","2":"type-product","3":"status-publish","4":"has-post-thumbnail","6":"product_cat-reinforcing-gel","7":"product_tag-hard-clear-gel","8":"product_tag-nail-protection","9":"product_tag-nail-strengthener","10":"product_tag-top-reinforcement-gel","11":"product_tag-uv-gel-polish","12":"product_tag-wholesale","14":"first","15":"instock","16":"shipping-taxable","17":"product-type-simple"},"_links":{"self":[{"href":"https:\/\/bestgelpolish.com\/pl\/wp-json\/wp\/v2\/product\/1751","targetHints":{"allow":["GET"]}}],"collection":[{"href":"https:\/\/bestgelpolish.com\/pl\/wp-json\/wp\/v2\/product"}],"about":[{"href":"https:\/\/bestgelpolish.com\/pl\/wp-json\/wp\/v2\/types\/product"}],"version-history":[{"count":2,"href":"https:\/\/bestgelpolish.com\/pl\/wp-json\/wp\/v2\/product\/1751\/revisions"}],"predecessor-version":[{"id":1758,"href":"https:\/\/bestgelpolish.com\/pl\/wp-json\/wp\/v2\/product\/1751\/revisions\/1758"}],"wp:featuredmedia":[{"embeddable":true,"href":"https:\/\/bestgelpolish.com\/pl\/wp-json\/wp\/v2\/media\/1754"}],"wp:attachment":[{"href":"https:\/\/bestgelpolish.com\/pl\/wp-json\/wp\/v2\/media?parent=1751"}],"wp:term":[{"taxonomy":"product_brand","embeddable":true,"href":"https:\/\/bestgelpolish.com\/pl\/wp-json\/wp\/v2\/product_brand?post=1751"},{"taxonomy":"product_cat","embeddable":true,"href":"https:\/\/bestgelpolish.com\/pl\/wp-json\/wp\/v2\/product_cat?post=1751"},{"taxonomy":"product_tag","embeddable":true,"href":"https:\/\/bestgelpolish.com\/pl\/wp-json\/wp\/v2\/product_tag?post=1751"}],"curies":[{"name":"wp","href":"https:\/\/api.w.org\/{rel}","templated":true}]}}