{"id":1722,"date":"2025-12-27T13:06:26","date_gmt":"2025-12-27T13:06:26","guid":{"rendered":"https:\/\/bestgelpolish.com\/?post_type=product&#038;p=1722"},"modified":"2025-12-27T13:06:26","modified_gmt":"2025-12-27T13:06:26","slug":"born-pretty-5-in-1-no-sticky-acrylic-extension-gel-nail-art","status":"publish","type":"product","link":"https:\/\/bestgelpolish.com\/pl\/born-pretty-5-in-1-no-sticky-acrylic-extension-gel-nail-art\/","title":{"rendered":"Born Pretty 5 w 1 No Sticky akrylowe przed\u0142u\u017canie paznokci \u017celowych"},"content":{"rendered":"<p>Born Pretty Pro 5-in-1 No Sticky Acrylic Extension Solid Builder Nail Gel to wszechstronny, \u0142atwy w u\u017cyciu \u017cel, kt\u00f3ry pozwala tworzy\u0107 skomplikowane wzory 3D i g\u0142adkie, mleczne paznokcie. \u017bel zapewnia nieklej\u0105ce wyko\u0144czenie, dzi\u0119ki czemu idealnie nadaje si\u0119 do tworzenia nieskazitelnych przed\u0142u\u017ce\u0144 i zdobie\u0144 paznokci. Jest idealny dla profesjonalnych artyst\u00f3w paznokci lub entuzjast\u00f3w majsterkowania poszukuj\u0105cych trwa\u0142ych, wytrzyma\u0142ych paznokci. Ten \u017cel buduj\u0105cy jest idealny do rze\u017abienia, kszta\u0142towania i dodawania kreatywnego akcentu do ka\u017cdego projektu paznokci. Niezale\u017cnie od tego, czy chcesz uzyska\u0107 eleganckie, b\u0142yszcz\u0105ce wyko\u0144czenie, czy zabawny, artystyczny wygl\u0105d, ten \u017cel zapewnia pi\u0119kne, naturalnie wygl\u0105daj\u0105ce paznokcie, kt\u00f3re s\u0105 trwa\u0142e.<\/p>","protected":false},"excerpt":{"rendered":"<p>Tw\u00f3rz profesjonalne zdobienia paznokci za pomoc\u0105 pi\u0119knego, nieklej\u0105cego si\u0119 \u017celu do przed\u0142u\u017cania paznokci 5 w 1. Idealny do rze\u017abienia 3D, kszta\u0142towania i tworzenia mlecznych wzor\u00f3w galaretki z g\u0142adkim, nieklej\u0105cym wyko\u0144czeniem.<\/p>","protected":false},"featured_media":1729,"template":"","meta":[],"product_brand":[],"product_cat":[19],"product_tag":[290,156,289,291,184,97],"class_list":{"0":"post-1722","1":"product","2":"type-product","3":"status-publish","4":"has-post-thumbnail","6":"product_cat-builder-gel","7":"product_tag-3d-carving-gel","8":"product_tag-acrylic-nail-gel","9":"product_tag-born-pretty","10":"product_tag-hard-builder-gel","11":"product_tag-jelly-nail-gel","12":"product_tag-nail-extension-gel","14":"first","15":"instock","16":"shipping-taxable","17":"product-type-simple"},"_links":{"self":[{"href":"https:\/\/bestgelpolish.com\/pl\/wp-json\/wp\/v2\/product\/1722","targetHints":{"allow":["GET"]}}],"collection":[{"href":"https:\/\/bestgelpolish.com\/pl\/wp-json\/wp\/v2\/product"}],"about":[{"href":"https:\/\/bestgelpolish.com\/pl\/wp-json\/wp\/v2\/types\/product"}],"version-history":[{"count":2,"href":"https:\/\/bestgelpolish.com\/pl\/wp-json\/wp\/v2\/product\/1722\/revisions"}],"predecessor-version":[{"id":3430,"href":"https:\/\/bestgelpolish.com\/pl\/wp-json\/wp\/v2\/product\/1722\/revisions\/3430"}],"wp:featuredmedia":[{"embeddable":true,"href":"https:\/\/bestgelpolish.com\/pl\/wp-json\/wp\/v2\/media\/1729"}],"wp:attachment":[{"href":"https:\/\/bestgelpolish.com\/pl\/wp-json\/wp\/v2\/media?parent=1722"}],"wp:term":[{"taxonomy":"product_brand","embeddable":true,"href":"https:\/\/bestgelpolish.com\/pl\/wp-json\/wp\/v2\/product_brand?post=1722"},{"taxonomy":"product_cat","embeddable":true,"href":"https:\/\/bestgelpolish.com\/pl\/wp-json\/wp\/v2\/product_cat?post=1722"},{"taxonomy":"product_tag","embeddable":true,"href":"https:\/\/bestgelpolish.com\/pl\/wp-json\/wp\/v2\/product_tag?post=1722"}],"curies":[{"name":"wp","href":"https:\/\/api.w.org\/{rel}","templated":true}]}}