{"id":1687,"date":"2025-12-26T09:52:00","date_gmt":"2025-12-26T09:52:00","guid":{"rendered":"https:\/\/bestgelpolish.com\/?post_type=product&#038;p=1687"},"modified":"2025-12-29T02:00:31","modified_gmt":"2025-12-29T02:00:31","slug":"wholesale-deroi-blesk-glitter-uv-led-builder-gel-set-10g","status":"publish","type":"product","link":"https:\/\/bestgelpolish.com\/pl\/wholesale-deroi-blesk-glitter-uv-led-builder-gel-set-10g\/","title":{"rendered":"Hurtownia Deroi Blesk Glitter UV\/LED Builder Gel Set 10g"},"content":{"rendered":"<p>Zestaw \u017celu buduj\u0105cego z brokatem deroi blesk zosta\u0142 stworzony z my\u015bl\u0105 o klientkach, kt\u00f3re chc\u0105 mocnego wyko\u0144czenia z efektem \u201croz\u015bwietlenia od wewn\u0105trz\u201d. galaretowate odcienie r\u00f3\u017cu i nude pokazane na zdj\u0119ciu wygl\u0105daj\u0105 \u015bwie\u017co i naturalnie, a delikatny po\u0142ysk dodaje g\u0142\u0119bi bez uczucia krzykliwo\u015bci. tekstura jest g\u0142adka i samopoziomuj\u0105ca, dzi\u0119ki czemu mo\u017cna budowa\u0107 czysty wierzcho\u0142ek, wzmacnia\u0107 cienkie paznokcie lub tworzy\u0107 kr\u00f3tkie przed\u0142u\u017cenia przy mniejszej ilo\u015bci pi\u0142owania. utwardzanie w \u015bwietle UV\/led zapewnia trwa\u0142y, b\u0142yszcz\u0105cy efekt, kt\u00f3ry zachowuje swoj\u0105 klarowno\u015b\u0107. pakowane w praktyczne pojemniki 10 g dla elastycznego menu us\u0142ug. stworzone dla b2b: sta\u0142a jako\u015b\u0107 partii, pozycjonowanie bez hema i wsparcie marek w\u0142asnych dla marek, salon\u00f3w i dystrybutor\u00f3w. idealne do zestaw\u00f3w \u015blubnych, codziennych stylizacji nude i sezonowych brokatowych premier.<\/p>","protected":false},"excerpt":{"rendered":"<p>delikatny r\u00f3\u017cowy \u017cel buduj\u0105cy z brokatem, kt\u00f3ry tworzy struktur\u0119 i delikatny blask w jednym kroku. galaretowate odcienie z delikatnym blaskiem, utwardzanie uv\/led, \u0142atwa kontrola do nak\u0142adania lub kr\u00f3tkich przed\u0142u\u017ce\u0144. gotowy do b2b.<\/p>","protected":false},"featured_media":1694,"template":"","meta":[],"product_brand":[],"product_cat":[23,33],"product_tag":[273,259,269,270,272,271],"class_list":{"0":"post-1687","1":"product","2":"type-product","3":"status-publish","4":"has-post-thumbnail","6":"product_cat-color-gel","7":"product_cat-solid-color-gel","8":"product_tag-10g-builder-gel-pots","9":"product_tag-b2b-wholesale-private-label","10":"product_tag-deroi-blesk-builder-gel","11":"product_tag-glitter-uv-led-builder-gel","12":"product_tag-hema-free-extension-gel","13":"product_tag-natural-pink-nude-gel","15":"first","16":"instock","17":"shipping-taxable","18":"product-type-simple"},"_links":{"self":[{"href":"https:\/\/bestgelpolish.com\/pl\/wp-json\/wp\/v2\/product\/1687","targetHints":{"allow":["GET"]}}],"collection":[{"href":"https:\/\/bestgelpolish.com\/pl\/wp-json\/wp\/v2\/product"}],"about":[{"href":"https:\/\/bestgelpolish.com\/pl\/wp-json\/wp\/v2\/types\/product"}],"version-history":[{"count":1,"href":"https:\/\/bestgelpolish.com\/pl\/wp-json\/wp\/v2\/product\/1687\/revisions"}],"predecessor-version":[{"id":1695,"href":"https:\/\/bestgelpolish.com\/pl\/wp-json\/wp\/v2\/product\/1687\/revisions\/1695"}],"wp:featuredmedia":[{"embeddable":true,"href":"https:\/\/bestgelpolish.com\/pl\/wp-json\/wp\/v2\/media\/1694"}],"wp:attachment":[{"href":"https:\/\/bestgelpolish.com\/pl\/wp-json\/wp\/v2\/media?parent=1687"}],"wp:term":[{"taxonomy":"product_brand","embeddable":true,"href":"https:\/\/bestgelpolish.com\/pl\/wp-json\/wp\/v2\/product_brand?post=1687"},{"taxonomy":"product_cat","embeddable":true,"href":"https:\/\/bestgelpolish.com\/pl\/wp-json\/wp\/v2\/product_cat?post=1687"},{"taxonomy":"product_tag","embeddable":true,"href":"https:\/\/bestgelpolish.com\/pl\/wp-json\/wp\/v2\/product_tag?post=1687"}],"curies":[{"name":"wp","href":"https:\/\/api.w.org\/{rel}","templated":true}]}}