{"id":1664,"date":"2025-12-26T09:43:39","date_gmt":"2025-12-26T09:43:39","guid":{"rendered":"https:\/\/bestgelpolish.com\/?post_type=product&#038;p=1664"},"modified":"2025-12-30T09:03:39","modified_gmt":"2025-12-30T09:03:39","slug":"wholesale-bin-clear-nail-extension-hard-gel-builder-60g","status":"publish","type":"product","link":"https:\/\/bestgelpolish.com\/pl\/wholesale-bin-clear-nail-extension-hard-gel-builder-60g\/","title":{"rendered":"Hurtownia niestandardowego przezroczystego przed\u0142u\u017cania paznokci Hard Gel Builder 60g"},"content":{"rendered":"<p>Przezroczysta formu\u0142a pozwala budowa\u0107 struktur\u0119 bez zm\u0119tnienia - idealna do nak\u0142adek, ko\u0144c\u00f3wek lub pe\u0142nych przed\u0142u\u017ce\u0144. ma g\u0142adk\u0105, \u0142atw\u0105 w u\u017cyciu lepko\u015b\u0107, kt\u00f3ra pozostaje tam, gdzie j\u0105 umie\u015bcisz, a nast\u0119pnie samoczynnie wyr\u00f3wnuje si\u0119 do g\u0142adkiej powierzchni, pomagaj\u0105c technikom zaoszcz\u0119dzi\u0107 czas wype\u0142niania. utwardza si\u0119 pod wp\u0142ywem promieniowania UV, zapewniaj\u0105c trwa\u0142e wyko\u0144czenie o wysokim po\u0142ysku i nisk\u0105 temperatur\u0119 w dotyku. pakowany w s\u0142oiczek o pojemno\u015bci 60 g\/2 uncje dla ruchliwych stacji i powtarzaj\u0105cych si\u0119 us\u0142ug. stworzony dla partner\u00f3w b2b: sta\u0142a jako\u015b\u0107 partii, opcje marek w\u0142asnych oraz pozycjonowanie bez hemu i tpo dla nowoczesnych menu salon\u00f3w i linii detalicznych. idealny do zestaw\u00f3w szkoleniowych, sieci salon\u00f3w i dystrybutor\u00f3w, kt\u00f3rzy chc\u0105 niezawodnego budulca, kt\u00f3ry dzia\u0142a dzie\u0144 po dniu.<\/p>","protected":false},"excerpt":{"rendered":"<p>przezroczysty, twardy \u017cel, kt\u00f3ry kszta\u0142tuje mocne przed\u0142u\u017cenia z naturalnym, szklistym wyko\u0144czeniem. \u0142atwy do kontrolowania, samopoziomuj\u0105cy bez zalewania, utwardzany promieniami UV i wyczuwalny w niskiej temperaturze. 60g\/2oz dla profesjonalist\u00f3w b2b.<\/p>","protected":false},"featured_media":1662,"template":"","meta":[],"product_brand":[],"product_cat":[20],"product_tag":[259,257,255,256,78,258],"class_list":{"0":"post-1664","1":"product","2":"type-product","3":"status-publish","4":"has-post-thumbnail","6":"product_cat-builder-in-a-bottle-gel","7":"product_tag-b2b-wholesale-private-label","8":"product_tag-biab-builder-gel-2oz","9":"product_tag-bin-hard-gel-builder","10":"product_tag-clear-nail-extension-gel","11":"product_tag-hema-tpo-free-gel","12":"product_tag-uv-nail-construction-gel","14":"first","15":"instock","16":"shipping-taxable","17":"product-type-simple"},"_links":{"self":[{"href":"https:\/\/bestgelpolish.com\/pl\/wp-json\/wp\/v2\/product\/1664","targetHints":{"allow":["GET"]}}],"collection":[{"href":"https:\/\/bestgelpolish.com\/pl\/wp-json\/wp\/v2\/product"}],"about":[{"href":"https:\/\/bestgelpolish.com\/pl\/wp-json\/wp\/v2\/types\/product"}],"version-history":[{"count":2,"href":"https:\/\/bestgelpolish.com\/pl\/wp-json\/wp\/v2\/product\/1664\/revisions"}],"predecessor-version":[{"id":2386,"href":"https:\/\/bestgelpolish.com\/pl\/wp-json\/wp\/v2\/product\/1664\/revisions\/2386"}],"wp:featuredmedia":[{"embeddable":true,"href":"https:\/\/bestgelpolish.com\/pl\/wp-json\/wp\/v2\/media\/1662"}],"wp:attachment":[{"href":"https:\/\/bestgelpolish.com\/pl\/wp-json\/wp\/v2\/media?parent=1664"}],"wp:term":[{"taxonomy":"product_brand","embeddable":true,"href":"https:\/\/bestgelpolish.com\/pl\/wp-json\/wp\/v2\/product_brand?post=1664"},{"taxonomy":"product_cat","embeddable":true,"href":"https:\/\/bestgelpolish.com\/pl\/wp-json\/wp\/v2\/product_cat?post=1664"},{"taxonomy":"product_tag","embeddable":true,"href":"https:\/\/bestgelpolish.com\/pl\/wp-json\/wp\/v2\/product_tag?post=1664"}],"curies":[{"name":"wp","href":"https:\/\/api.w.org\/{rel}","templated":true}]}}