{"id":1641,"date":"2025-12-26T09:37:00","date_gmt":"2025-12-26T09:37:00","guid":{"rendered":"https:\/\/bestgelpolish.com\/?post_type=product&#038;p=1641"},"modified":"2025-12-26T09:37:00","modified_gmt":"2025-12-26T09:37:00","slug":"wholesale-holographic-aurora-rainbow-cat-eye-gel-polish","status":"publish","type":"product","link":"https:\/\/bestgelpolish.com\/pl\/wholesale-holographic-aurora-rainbow-cat-eye-gel-polish\/","title":{"rendered":"Hurtownia Holograficzna Aurora Rainbow Cat Eye Gel Polish"},"content":{"rendered":"<p>Ten holograficzny magnetyczny \u017cel do kocich oczu Aurora zosta\u0142 stworzony z my\u015bl\u0105 o \u201cpodw\u00f3jnym spojrzeniu\u201d. przezroczysta, szklista baza jest wype\u0142niona laserowym po\u0142yskiem, a nast\u0119pnie magnes przyci\u0105ga pigmenty w jasn\u0105 t\u0119czow\u0105 wst\u0105\u017ck\u0119 - mi\u0119kk\u0105, wymiarow\u0105 i niesko\u0144czenie odbijaj\u0105c\u0105 \u015bwiat\u0142o. no\u015b go samodzielnie, aby uzyska\u0107 niebia\u0144ski blask lub na\u0142\u00f3\u017c go na cieliste lub g\u0142\u0119bokie odcienie, aby wzmocni\u0107 kontrast. formu\u0142a samopoziomuje si\u0119, zapewniaj\u0105c czyste wyko\u0144czenie, utwardza si\u0119 pod wp\u0142ywem promieniowania UV\/led i uszczelnia iskrzenie, zapewniaj\u0105c d\u0142ugotrwa\u0142e zu\u017cycie. idealny dla nabywc\u00f3w b2b: wydajno\u015b\u0107 przyjazna dla salon\u00f3w, sp\u00f3jna zmiana koloru oraz opcje oem\/private label dla butelek, etykiet i opakowa\u0144. idealny do modnych zestaw\u00f3w, sezonowych premier i ekspozycji detalicznych, kt\u00f3re wymagaj\u0105 natychmiastowego efektu wow.<\/p>","protected":false},"excerpt":{"rendered":"<p>holograficzny \u017cel do kocich oczu aurora, kt\u00f3ry rzuca t\u0119czowe \u015bwiat\u0142o przy ka\u017cdym ruchu. efekt magnetyczny tworzy \u015bwiec\u0105c\u0105 opask\u0119 na przezroczystej, po\u0142yskuj\u0105cej bazie. utwardzanie uv\/led, g\u0142adka aplikacja. sprzeda\u017c hurtowa b2b.<\/p>","protected":false},"featured_media":1644,"template":"","meta":[],"product_brand":[],"product_cat":[23,34],"product_tag":[239,243,238,241,240,242],"class_list":{"0":"post-1641","1":"product","2":"type-product","3":"status-publish","4":"has-post-thumbnail","6":"product_cat-color-gel","7":"product_cat-glitter-color-gel","8":"product_tag-aurora-rainbow-magnetic-gel","9":"product_tag-b2b-wholesale-oem","10":"product_tag-holographic-cat-eye-gel","11":"product_tag-laser-shimmer-gel","12":"product_tag-reflective-sparkle-nail-polish","13":"product_tag-uv-led-gel-polish","15":"first","16":"instock","17":"shipping-taxable","18":"product-type-simple"},"_links":{"self":[{"href":"https:\/\/bestgelpolish.com\/pl\/wp-json\/wp\/v2\/product\/1641","targetHints":{"allow":["GET"]}}],"collection":[{"href":"https:\/\/bestgelpolish.com\/pl\/wp-json\/wp\/v2\/product"}],"about":[{"href":"https:\/\/bestgelpolish.com\/pl\/wp-json\/wp\/v2\/types\/product"}],"version-history":[{"count":2,"href":"https:\/\/bestgelpolish.com\/pl\/wp-json\/wp\/v2\/product\/1641\/revisions"}],"predecessor-version":[{"id":1648,"href":"https:\/\/bestgelpolish.com\/pl\/wp-json\/wp\/v2\/product\/1641\/revisions\/1648"}],"wp:featuredmedia":[{"embeddable":true,"href":"https:\/\/bestgelpolish.com\/pl\/wp-json\/wp\/v2\/media\/1644"}],"wp:attachment":[{"href":"https:\/\/bestgelpolish.com\/pl\/wp-json\/wp\/v2\/media?parent=1641"}],"wp:term":[{"taxonomy":"product_brand","embeddable":true,"href":"https:\/\/bestgelpolish.com\/pl\/wp-json\/wp\/v2\/product_brand?post=1641"},{"taxonomy":"product_cat","embeddable":true,"href":"https:\/\/bestgelpolish.com\/pl\/wp-json\/wp\/v2\/product_cat?post=1641"},{"taxonomy":"product_tag","embeddable":true,"href":"https:\/\/bestgelpolish.com\/pl\/wp-json\/wp\/v2\/product_tag?post=1641"}],"curies":[{"name":"wp","href":"https:\/\/api.w.org\/{rel}","templated":true}]}}