{"id":1608,"date":"2025-12-26T09:25:16","date_gmt":"2025-12-26T09:25:16","guid":{"rendered":"https:\/\/bestgelpolish.com\/?post_type=product&#038;p=1608"},"modified":"2025-12-26T09:25:16","modified_gmt":"2025-12-26T09:25:16","slug":"wholesale-nude-pink-uv-led-soak-off-rubber-base-gel-15ml","status":"publish","type":"product","link":"https:\/\/bestgelpolish.com\/pl\/wholesale-nude-pink-uv-led-soak-off-rubber-base-gel-15ml\/","title":{"rendered":"Hurtownia Nude Pink UV\/LED Soak Off Rubber Base Gel 15ml"},"content":{"rendered":"<p>Ten gumowy \u017cel bazowy jest przeznaczony do paznokci, kt\u00f3re potrzebuj\u0105 dodatkowego wsparcia bez uczucia grubo\u015bci. r\u00f3\u017cowy odcie\u0144 nude na zdj\u0119ciu zapewnia czysty, naturalny wygl\u0105d, a elastyczna formu\u0142a samopoziomuje si\u0119, aby ukry\u0107 nier\u00f3wno\u015bci i zakotwiczy\u0107 kolor. u\u017cyj cienkiej warstwy jako bazy lub u\u0142\u00f3\u017c drug\u0105 warstw\u0119, aby zbudowa\u0107 subtelny wierzcho\u0142ek i kr\u00f3tkie przed\u0142u\u017cenia. szybko utwardza si\u0119 pod wp\u0142ywem promieniowania UV\/led, g\u0142adko si\u0119 \u015bciera i \u0142atwo usuwa. dost\u0119pny w 9 kolorach, 15 ml. idealny do hurtowego zaopatrzenia salon\u00f3w, zestaw\u00f3w szkoleniowych i marek w\u0142asnych. etykiety wolne od hema\/hpma tpo pomagaj\u0105 salonom sprosta\u0107 nowoczesnym preferencjom dotycz\u0105cym sk\u0142adnik\u00f3w i codziennej pewno\u015bci siebie.<\/p>","protected":false},"excerpt":{"rendered":"<p>Mi\u0119kki, r\u00f3\u017cowy \u017cel na bazie gumy, kt\u00f3ry chwyta jak poduszka i wyg\u0142adza grzbiety. utwardza si\u0119 pod wp\u0142ywem promieniowania UV\/led, buduje si\u0142\u0119 i kszta\u0142t, a nast\u0119pnie czysto zmywa. delikatna formu\u0142a bez hema\/hpma tpo. 15 ml.<\/p>","protected":false},"featured_media":1612,"template":"","meta":[],"product_brand":[],"product_cat":[15,30],"product_tag":[221,219,98,139,220,222],"class_list":{"0":"post-1608","1":"product","2":"type-product","3":"status-publish","4":"has-post-thumbnail","6":"product_cat-base-coat","7":"product_cat-colored-rubber-base","8":"product_tag-nail-strengthener-builder","9":"product_tag-nude-pink-base-coat","10":"product_tag-private-label-nail-gel","11":"product_tag-rubber-base-gel","12":"product_tag-uv-led-soak-off-gel","13":"product_tag-wholesale-salon-supplies","15":"first","16":"instock","17":"shipping-taxable","18":"product-type-simple"},"_links":{"self":[{"href":"https:\/\/bestgelpolish.com\/pl\/wp-json\/wp\/v2\/product\/1608","targetHints":{"allow":["GET"]}}],"collection":[{"href":"https:\/\/bestgelpolish.com\/pl\/wp-json\/wp\/v2\/product"}],"about":[{"href":"https:\/\/bestgelpolish.com\/pl\/wp-json\/wp\/v2\/types\/product"}],"version-history":[{"count":1,"href":"https:\/\/bestgelpolish.com\/pl\/wp-json\/wp\/v2\/product\/1608\/revisions"}],"predecessor-version":[{"id":1615,"href":"https:\/\/bestgelpolish.com\/pl\/wp-json\/wp\/v2\/product\/1608\/revisions\/1615"}],"wp:featuredmedia":[{"embeddable":true,"href":"https:\/\/bestgelpolish.com\/pl\/wp-json\/wp\/v2\/media\/1612"}],"wp:attachment":[{"href":"https:\/\/bestgelpolish.com\/pl\/wp-json\/wp\/v2\/media?parent=1608"}],"wp:term":[{"taxonomy":"product_brand","embeddable":true,"href":"https:\/\/bestgelpolish.com\/pl\/wp-json\/wp\/v2\/product_brand?post=1608"},{"taxonomy":"product_cat","embeddable":true,"href":"https:\/\/bestgelpolish.com\/pl\/wp-json\/wp\/v2\/product_cat?post=1608"},{"taxonomy":"product_tag","embeddable":true,"href":"https:\/\/bestgelpolish.com\/pl\/wp-json\/wp\/v2\/product_tag?post=1608"}],"curies":[{"name":"wp","href":"https:\/\/api.w.org\/{rel}","templated":true}]}}