{"id":1432,"date":"2025-12-26T06:35:37","date_gmt":"2025-12-26T06:35:37","guid":{"rendered":"https:\/\/bestgelpolish.com\/?post_type=product&#038;p=1432"},"modified":"2025-12-26T06:35:38","modified_gmt":"2025-12-26T06:35:38","slug":"wholesale-36w-portable-foldable-uv-led-mini-nail-lamp-12","status":"publish","type":"product","link":"https:\/\/bestgelpolish.com\/pl\/wholesale-36w-portable-foldable-uv-led-mini-nail-lamp-12\/","title":{"rendered":"Hurtownia 36W Przeno\u015bna sk\u0142adana mini lampa UV LED do paznokci 12"},"content":{"rendered":"<p>Ta przeno\u015bna lampa do paznokci uv\/led o mocy 36 W zosta\u0142a stworzona z my\u015bl\u0105 o szybkim, sp\u00f3jnym utwardzaniu bez niepor\u0119cznej konfiguracji. mini sk\u0142adana konstrukcja wsuwa si\u0119 do torby, a nast\u0119pnie otwiera si\u0119, aby \u015bwieci\u0107 r\u00f3wnomiernie na ca\u0142ej powierzchni paznokcia, zapewniaj\u0105c g\u0142adkie rezultaty \u017celu. 12 ledowych koralik\u00f3w pomaga zredukowa\u0107 martwe strefy, dzi\u0119ki czemu top coaty, kolorowe \u017cele i lakiery \u017celowe utwardzaj\u0105 si\u0119 szybciej i bardziej niezawodnie. jest to inteligentne narz\u0119dzie dla mobilnych technik\u00f3w, pocz\u0105tkuj\u0105cych i salon\u00f3w, kt\u00f3re potrzebuj\u0105 zapasowej lampy dla zaj\u0119tych stanowisk. proste elementy steruj\u0105ce u\u0142atwiaj\u0105 uruchomienie, a kompaktowy kszta\u0142t utrzymuje przestrze\u0144 manicure w czysto\u015bci i porz\u0105dku, zapewniaj\u0105c jednocze\u015bnie b\u0142yszcz\u0105ce, w pe\u0142ni utwardzone wyko\u0144czenie.<\/p>","protected":false},"excerpt":{"rendered":"<p>przeno\u015bna mini lampa uv\/led do paznokci o mocy 36 W ze sk\u0142adanym korpusem i 12 kulkami do szybkiego i r\u00f3wnomiernego utwardzania. kompaktowa do podr\u00f3\u017cy, stabilna do poprawek w domu lub salonie i \u0142atwa w u\u017cyciu w dowolnym miejscu.<\/p>","protected":false},"featured_media":1438,"template":"","meta":[],"product_brand":[],"product_cat":[27],"product_tag":[114,112,113,115,116,111],"class_list":{"0":"post-1432","1":"product","2":"type-product","3":"status-publish","4":"has-post-thumbnail","6":"product_cat-nail-tool","7":"product_tag-12-led-beads","8":"product_tag-36w-nail-lamp","9":"product_tag-foldable-mini-nail-light","10":"product_tag-gel-varnish-curing","11":"product_tag-nail-art-manicure-tool","12":"product_tag-portable-uv-led-lamp","14":"first","15":"instock","16":"shipping-taxable","17":"product-type-simple"},"_links":{"self":[{"href":"https:\/\/bestgelpolish.com\/pl\/wp-json\/wp\/v2\/product\/1432","targetHints":{"allow":["GET"]}}],"collection":[{"href":"https:\/\/bestgelpolish.com\/pl\/wp-json\/wp\/v2\/product"}],"about":[{"href":"https:\/\/bestgelpolish.com\/pl\/wp-json\/wp\/v2\/types\/product"}],"version-history":[{"count":2,"href":"https:\/\/bestgelpolish.com\/pl\/wp-json\/wp\/v2\/product\/1432\/revisions"}],"predecessor-version":[{"id":1440,"href":"https:\/\/bestgelpolish.com\/pl\/wp-json\/wp\/v2\/product\/1432\/revisions\/1440"}],"wp:featuredmedia":[{"embeddable":true,"href":"https:\/\/bestgelpolish.com\/pl\/wp-json\/wp\/v2\/media\/1438"}],"wp:attachment":[{"href":"https:\/\/bestgelpolish.com\/pl\/wp-json\/wp\/v2\/media?parent=1432"}],"wp:term":[{"taxonomy":"product_brand","embeddable":true,"href":"https:\/\/bestgelpolish.com\/pl\/wp-json\/wp\/v2\/product_brand?post=1432"},{"taxonomy":"product_cat","embeddable":true,"href":"https:\/\/bestgelpolish.com\/pl\/wp-json\/wp\/v2\/product_cat?post=1432"},{"taxonomy":"product_tag","embeddable":true,"href":"https:\/\/bestgelpolish.com\/pl\/wp-json\/wp\/v2\/product_tag?post=1432"}],"curies":[{"name":"wp","href":"https:\/\/api.w.org\/{rel}","templated":true}]}}