{"id":1423,"date":"2025-12-26T06:31:47","date_gmt":"2025-12-26T06:31:47","guid":{"rendered":"https:\/\/bestgelpolish.com\/?post_type=product&#038;p=1423"},"modified":"2025-12-26T06:31:47","modified_gmt":"2025-12-26T06:31:47","slug":"wholesale-born-pretty-5g-poking-nail-art-gel-black-white","status":"publish","type":"product","link":"https:\/\/bestgelpolish.com\/pl\/wholesale-born-pretty-5g-poking-nail-art-gel-black-white\/","title":{"rendered":"Sprzeda\u017c hurtowa Born Pretty 5g Poking Nail Art Gel Black White"},"content":{"rendered":"<p>born pretty 5g \u017cel do zdobienia paznokci jest stworzony dla artyst\u00f3w, kt\u00f3rzy kochaj\u0105 tekstur\u0119. g\u0119sta, przypominaj\u0105ca klej formu\u0142a pozostaje tam, gdzie j\u0105 umie\u015bcisz, dzi\u0119ki czemu mo\u017cesz \u201cszturcha\u0107\u201d i ci\u0105gn\u0105\u0107 wzory w koronkowe otwory, fale i odwa\u017cne abstrakcyjne wzory bez zalewania paznokcia. u\u017cyj czerni, aby uzyska\u0107 graficzny kontrast lub bieli, aby uzyska\u0107 przewiewne, mi\u0119kkie detale, a nast\u0119pnie utward\u017a pod UV \/ led, aby zablokowa\u0107 wygl\u0105d 3D na miejscu. pi\u0119knie nak\u0142ada si\u0119 na kolorowy \u017cel, chrom lub brokat i jest idealny do szybkich zestaw\u00f3w salonowych lub szczeg\u00f3\u0142owych prac studyjnych. idealny do tworzenia modnych relief\u00f3w ze sta\u0142\u0105 kontrol\u0105.<\/p>","protected":false},"excerpt":{"rendered":"<p>Ten \u017cel do zdobienia paznokci o gramaturze 5 g pozwala tworzy\u0107 efekty dziur w koronce, fal oceanu i abstrakcyjnych \u201cszturchni\u0119\u0107\u201d. G\u0119sty, rze\u017abiarski i \u0142atwy do kontrolowania w kolorze czarnym lub bia\u0142ym dla czystej tekstury 3D.<\/p>","protected":false},"featured_media":1429,"template":"","meta":[],"product_brand":[],"product_cat":[24],"product_tag":[107,109,105,106,108,110],"class_list":{"0":"post-1423","1":"product","2":"type-product","3":"status-publish","4":"has-post-thumbnail","6":"product_cat-painting-gel","7":"product_tag-3d-sculpting-glue-gel","8":"product_tag-abstract-poke-gel","9":"product_tag-born-pretty-poking-gel","10":"product_tag-lace-hole-nail-art","11":"product_tag-ocean-wave-texture-gel","12":"product_tag-uv-led-nail-art-gel","14":"first","15":"instock","16":"shipping-taxable","17":"product-type-simple"},"_links":{"self":[{"href":"https:\/\/bestgelpolish.com\/pl\/wp-json\/wp\/v2\/product\/1423","targetHints":{"allow":["GET"]}}],"collection":[{"href":"https:\/\/bestgelpolish.com\/pl\/wp-json\/wp\/v2\/product"}],"about":[{"href":"https:\/\/bestgelpolish.com\/pl\/wp-json\/wp\/v2\/types\/product"}],"version-history":[{"count":2,"href":"https:\/\/bestgelpolish.com\/pl\/wp-json\/wp\/v2\/product\/1423\/revisions"}],"predecessor-version":[{"id":1431,"href":"https:\/\/bestgelpolish.com\/pl\/wp-json\/wp\/v2\/product\/1423\/revisions\/1431"}],"wp:featuredmedia":[{"embeddable":true,"href":"https:\/\/bestgelpolish.com\/pl\/wp-json\/wp\/v2\/media\/1429"}],"wp:attachment":[{"href":"https:\/\/bestgelpolish.com\/pl\/wp-json\/wp\/v2\/media?parent=1423"}],"wp:term":[{"taxonomy":"product_brand","embeddable":true,"href":"https:\/\/bestgelpolish.com\/pl\/wp-json\/wp\/v2\/product_brand?post=1423"},{"taxonomy":"product_cat","embeddable":true,"href":"https:\/\/bestgelpolish.com\/pl\/wp-json\/wp\/v2\/product_cat?post=1423"},{"taxonomy":"product_tag","embeddable":true,"href":"https:\/\/bestgelpolish.com\/pl\/wp-json\/wp\/v2\/product_tag?post=1423"}],"curies":[{"name":"wp","href":"https:\/\/api.w.org\/{rel}","templated":true}]}}