{"id":1397,"date":"2025-12-26T06:20:19","date_gmt":"2025-12-26T06:20:19","guid":{"rendered":"https:\/\/bestgelpolish.com\/?post_type=product&#038;p=1397"},"modified":"2025-12-26T06:20:32","modified_gmt":"2025-12-26T06:20:32","slug":"wholesale-oem-1kg-self-leveling-reinforce-nail-repair-gel","status":"publish","type":"product","link":"https:\/\/bestgelpolish.com\/pl\/wholesale-oem-1kg-self-leveling-reinforce-nail-repair-gel\/","title":{"rendered":"Hurtownia OEM 1 kg samopoziomuj\u0105cego \u017celu do naprawy paznokci"},"content":{"rendered":"<p>Nasz samopoziomuj\u0105cy \u017cel wzmacniaj\u0105cy 1 kg jest przeznaczony do odbudowy i wzmocnienia s\u0142abych lub zniszczonych paznokci. Dzi\u0119ki p\u0142ynnej aplikacji \u017cel bez wysi\u0142ku wyr\u00f3wnuje si\u0119, tworz\u0105c idealne wyko\u0144czenie. Jest idealny do stosowania na paznokcie wymagaj\u0105ce naprawy, pomagaj\u0105c poprawi\u0107 wytrzyma\u0142o\u015b\u0107 i wygl\u0105d paznokci, czyni\u0105c je mniej podatnymi na z\u0142amania. Du\u017cy rozmiar 1 kg jest idealny do sprzeda\u017cy hurtowej, salon\u00f3w i zastosowa\u0144 profesjonalnych. Ten produkt jest idealny dla os\u00f3b, kt\u00f3re chc\u0105 leczy\u0107 s\u0142abe paznokcie i zapewni\u0107 im d\u0142ugotrwa\u0142\u0105 wytrzyma\u0142o\u015b\u0107. Niezale\u017cnie od tego, czy jest stosowany jako podk\u0142ad, czy samodzielnie, zapewnia lepsze zdrowie i wygl\u0105d paznokci.<\/p>","protected":false},"excerpt":{"rendered":"<p>Ten samopoziomuj\u0105cy \u017cel wzmacniaj\u0105cy 1 kg jest idealny do leczenia s\u0142abych, uszkodzonych paznokci. Wzmacnia i naprawia, zapewniaj\u0105c g\u0142adk\u0105, trwa\u0142\u0105 powierzchni\u0119. Idealny dla profesjonalist\u00f3w hurtowych i salonowych.<\/p>","protected":false},"featured_media":1403,"template":"","meta":[],"product_brand":[],"product_cat":[18],"product_tag":[95,90,91,92,93,94],"class_list":{"0":"post-1397","1":"product","2":"type-product","3":"status-publish","4":"has-post-thumbnail","6":"product_cat-reinforcing-gel","7":"product_tag-nail-polish-gel","8":"product_tag-nail-strengthener","9":"product_tag-reinforce-gel","10":"product_tag-repair-damaged-nails","11":"product_tag-self-leveling-gel","12":"product_tag-wholesale-nail-products","14":"first","15":"instock","16":"shipping-taxable","17":"product-type-simple"},"_links":{"self":[{"href":"https:\/\/bestgelpolish.com\/pl\/wp-json\/wp\/v2\/product\/1397","targetHints":{"allow":["GET"]}}],"collection":[{"href":"https:\/\/bestgelpolish.com\/pl\/wp-json\/wp\/v2\/product"}],"about":[{"href":"https:\/\/bestgelpolish.com\/pl\/wp-json\/wp\/v2\/types\/product"}],"version-history":[{"count":2,"href":"https:\/\/bestgelpolish.com\/pl\/wp-json\/wp\/v2\/product\/1397\/revisions"}],"predecessor-version":[{"id":1405,"href":"https:\/\/bestgelpolish.com\/pl\/wp-json\/wp\/v2\/product\/1397\/revisions\/1405"}],"wp:featuredmedia":[{"embeddable":true,"href":"https:\/\/bestgelpolish.com\/pl\/wp-json\/wp\/v2\/media\/1403"}],"wp:attachment":[{"href":"https:\/\/bestgelpolish.com\/pl\/wp-json\/wp\/v2\/media?parent=1397"}],"wp:term":[{"taxonomy":"product_brand","embeddable":true,"href":"https:\/\/bestgelpolish.com\/pl\/wp-json\/wp\/v2\/product_brand?post=1397"},{"taxonomy":"product_cat","embeddable":true,"href":"https:\/\/bestgelpolish.com\/pl\/wp-json\/wp\/v2\/product_cat?post=1397"},{"taxonomy":"product_tag","embeddable":true,"href":"https:\/\/bestgelpolish.com\/pl\/wp-json\/wp\/v2\/product_tag?post=1397"}],"curies":[{"name":"wp","href":"https:\/\/api.w.org\/{rel}","templated":true}]}}