{"id":2457,"date":"2025-12-30T09:46:39","date_gmt":"2025-12-30T09:46:39","guid":{"rendered":"https:\/\/bestgelpolish.com\/?post_type=product&#038;p=2457"},"modified":"2025-12-30T09:46:39","modified_gmt":"2025-12-30T09:46:39","slug":"wholesale-self-leveling-biab-builder-gel-extensions-24-colors","status":"publish","type":"product","link":"https:\/\/bestgelpolish.com\/it\/wholesale-self-leveling-biab-builder-gel-extensions-24-colors\/","title":{"rendered":"all'ingrosso Estensioni del gel costruttore BIAB autolivellanti 24 colori"},"content":{"rendered":"<p data-start=\"629\" data-end=\"1081\">Il nostro gel per extension BIAB autolivellante di RS Nail Factory \u00e8 stato progettato per i professionisti che cercano flessibilit\u00e0 e applicazione uniforme. Come mostrato nelle immagini, questo gel \u00e8 perfetto per creare estensioni naturali e durature con una finitura lucida. La sua consistenza gelatinosa lo rende facile da applicare, livellando perfettamente senza bisogno di limare eccessivamente. \u00c8 ideale per realizzare extension forti e sottili, meno soggette a rottura.<\/p>\n<p data-start=\"1083\" data-end=\"1472\" data-is-last-node=\"\" data-is-only-node=\"\">Grazie alle opzioni personalizzabili per i clienti OEM\/private label, \u00e8 possibile offrire una gamma di colori, dai nudi delicati alle tonalit\u00e0 brillanti e di impatto. Sia che si tratti di french manicure o di creare estensioni complete, questo gel offre la durata e la flessibilit\u00e0 necessarie per ottenere sempre risultati impeccabili. Adatto sia alle lampade UV che a quelle LED, offre una polimerizzazione rapida per un servizio efficiente in salone.<\/p>","protected":false},"excerpt":{"rendered":"<p>Questo gel BIAB (Builder In A Bottle) personalizzato offre propriet\u00e0 autolivellanti, progettate per la costruzione di estensioni per unghie con una finitura liscia e impeccabile. Disponibile in una variet\u00e0 di tonalit\u00e0, tra cui eleganti disegni francesi, \u00e8 perfetto per creare unghie durevoli e di qualit\u00e0 da salone.<\/p>","protected":false},"featured_media":2458,"template":"","meta":[],"product_brand":[],"product_cat":[21],"product_tag":[650,655,652,653,654,651],"class_list":{"0":"post-2457","1":"product","2":"type-product","3":"status-publish","4":"has-post-thumbnail","6":"product_cat-poly-gel","7":"product_tag-biab-extensions","8":"product_tag-customized-gel-polish","9":"product_tag-jelly-gel-builder","10":"product_tag-led-french-gel","11":"product_tag-nail-gel-builder","12":"product_tag-self-leveling-uv-gel","14":"first","15":"instock","16":"shipping-taxable","17":"product-type-simple"},"_links":{"self":[{"href":"https:\/\/bestgelpolish.com\/it\/wp-json\/wp\/v2\/product\/2457","targetHints":{"allow":["GET"]}}],"collection":[{"href":"https:\/\/bestgelpolish.com\/it\/wp-json\/wp\/v2\/product"}],"about":[{"href":"https:\/\/bestgelpolish.com\/it\/wp-json\/wp\/v2\/types\/product"}],"version-history":[{"count":1,"href":"https:\/\/bestgelpolish.com\/it\/wp-json\/wp\/v2\/product\/2457\/revisions"}],"predecessor-version":[{"id":2462,"href":"https:\/\/bestgelpolish.com\/it\/wp-json\/wp\/v2\/product\/2457\/revisions\/2462"}],"wp:featuredmedia":[{"embeddable":true,"href":"https:\/\/bestgelpolish.com\/it\/wp-json\/wp\/v2\/media\/2458"}],"wp:attachment":[{"href":"https:\/\/bestgelpolish.com\/it\/wp-json\/wp\/v2\/media?parent=2457"}],"wp:term":[{"taxonomy":"product_brand","embeddable":true,"href":"https:\/\/bestgelpolish.com\/it\/wp-json\/wp\/v2\/product_brand?post=2457"},{"taxonomy":"product_cat","embeddable":true,"href":"https:\/\/bestgelpolish.com\/it\/wp-json\/wp\/v2\/product_cat?post=2457"},{"taxonomy":"product_tag","embeddable":true,"href":"https:\/\/bestgelpolish.com\/it\/wp-json\/wp\/v2\/product_tag?post=2457"}],"curies":[{"name":"wp","href":"https:\/\/api.w.org\/{rel}","templated":true}]}}