{"id":2119,"date":"2025-12-30T02:24:32","date_gmt":"2025-12-30T02:24:32","guid":{"rendered":"https:\/\/bestgelpolish.com\/?post_type=product&#038;p=2119"},"modified":"2025-12-30T02:24:32","modified_gmt":"2025-12-30T02:24:32","slug":"wholesale-80-colors-hema-free-vegan-nail-gel-polish-1kg","status":"publish","type":"product","link":"https:\/\/bestgelpolish.com\/it\/wholesale-80-colors-hema-free-vegan-nail-gel-polish-1kg\/","title":{"rendered":"Commercio all'ingrosso 80 colori smalto per unghie vegano senza HEMA 1kg"},"content":{"rendered":"<p data-start=\"537\" data-end=\"878\">Quando si produce in scala, le due cose su cui non si pu\u00f2 scendere a compromessi sono la consistenza della tonalit\u00e0 e la lavorabilit\u00e0. questo smalto gel sfuso da 1 kg \u00e8 stato progettato proprio per questo: colore stabile tra i vari lotti, una consistenza cremosa che si livella bene e un posizionamento inodore\/basso odore che si adatta alle aspettative dei moderni prodotti \u201cpi\u00f9 puliti\u201d.<\/p>\n<p data-start=\"880\" data-end=\"1222\">La tabella dei colori nell'immagine mostra una palette commerciale completa: morbidi nudi e pastelli lattiginosi per l'abbigliamento di tutti i giorni, colori vivaci per i lanci stagionali, rossi e viola pi\u00f9 profondi per i set d'effetto, oltre a toni metallici\/argentati per gli accenti. questa gamma rende facile costruire un'esposizione a parete di 80 colori o scegliere una ristretta selezione di \u201cbest sellers\u201d per il proprio marchio.<\/p>\n<p data-start=\"1224\" data-end=\"1553\" data-is-last-node=\"\" data-is-only-node=\"\">Per gli acquirenti oem\/odm, il formato da 1 kg favorisce l'imbottigliamento efficiente e il controllo dei costi. \u00e8 una scelta pratica per i marchi privati, i distributori e i saloni ad alto volume che desiderano dichiarazioni hema-free e vegane, durata semi-permanente e una finitura liscia e pronta per il salone, che ha lo stesso aspetto sia sul bastoncino che sull'unghia.<\/p>","protected":false},"excerpt":{"rendered":"<p>questa gamma di smalti in gel vegani senza ema da 80 colori \u00e8 disponibile in confezioni da 1 kg per i marchi e i saloni che si riempiono velocemente e vendono pi\u00f9 rapidamente. \u00e8 a basso odore, liscia da applicare e costruita per una consistenza ripetibile delle tonalit\u00e0.<\/p>","protected":false},"featured_media":2120,"template":"","meta":[],"product_brand":[],"product_cat":[23,33],"product_tag":[473,363,475,474,472,429],"class_list":{"0":"post-2119","1":"product","2":"type-product","3":"status-publish","4":"has-post-thumbnail","6":"product_cat-color-gel","7":"product_cat-solid-color-gel","8":"product_tag-1kg-bulk-gel","9":"product_tag-hema-free-gel-polish","10":"product_tag-odorless-gel-varnish","11":"product_tag-oem-odm-supplier","12":"product_tag-vegan-gel-polish","13":"product_tag-wholesale-b2b","15":"first","16":"instock","17":"shipping-taxable","18":"product-type-simple"},"_links":{"self":[{"href":"https:\/\/bestgelpolish.com\/it\/wp-json\/wp\/v2\/product\/2119","targetHints":{"allow":["GET"]}}],"collection":[{"href":"https:\/\/bestgelpolish.com\/it\/wp-json\/wp\/v2\/product"}],"about":[{"href":"https:\/\/bestgelpolish.com\/it\/wp-json\/wp\/v2\/types\/product"}],"version-history":[{"count":1,"href":"https:\/\/bestgelpolish.com\/it\/wp-json\/wp\/v2\/product\/2119\/revisions"}],"predecessor-version":[{"id":2125,"href":"https:\/\/bestgelpolish.com\/it\/wp-json\/wp\/v2\/product\/2119\/revisions\/2125"}],"wp:featuredmedia":[{"embeddable":true,"href":"https:\/\/bestgelpolish.com\/it\/wp-json\/wp\/v2\/media\/2120"}],"wp:attachment":[{"href":"https:\/\/bestgelpolish.com\/it\/wp-json\/wp\/v2\/media?parent=2119"}],"wp:term":[{"taxonomy":"product_brand","embeddable":true,"href":"https:\/\/bestgelpolish.com\/it\/wp-json\/wp\/v2\/product_brand?post=2119"},{"taxonomy":"product_cat","embeddable":true,"href":"https:\/\/bestgelpolish.com\/it\/wp-json\/wp\/v2\/product_cat?post=2119"},{"taxonomy":"product_tag","embeddable":true,"href":"https:\/\/bestgelpolish.com\/it\/wp-json\/wp\/v2\/product_tag?post=2119"}],"curies":[{"name":"wp","href":"https:\/\/api.w.org\/{rel}","templated":true}]}}