{"id":2096,"date":"2025-12-30T02:13:19","date_gmt":"2025-12-30T02:13:19","guid":{"rendered":"https:\/\/bestgelpolish.com\/?post_type=product&#038;p=2096"},"modified":"2025-12-30T02:13:19","modified_gmt":"2025-12-30T02:13:19","slug":"oem-rubber-base-gel-hema-free-uv-free-sample-private-label","status":"publish","type":"product","link":"https:\/\/bestgelpolish.com\/it\/oem-rubber-base-gel-hema-free-uv-free-sample-private-label\/","title":{"rendered":"OEM Gomma Base Gel HEMA-Free UV Campione gratuito Etichetta privata"},"content":{"rendered":"<p data-start=\"572\" data-end=\"1021\">La base in gomma \u00e8 l\u201c\u201deroe silenzioso\" di un servizio gel: fa il lavoro invisibile che mantiene l'aspetto fresco della manicure. questa base in gomma oem \u00e8 progettata per posizionarsi tra l'unghia naturale e il colore, aggiungendo un po' di cuscinetto e di forza in modo che la superficie appaia pi\u00f9 liscia e si consumi in modo pi\u00f9 uniforme. le schede delle tonalit\u00e0 nelle immagini tendono al nudo e al lattiginoso, esattamente le tonalit\u00e0 che i saloni usano ogni giorno per set naturali, look french e sovrapposizioni veloci.<\/p>\n<p data-start=\"1023\" data-end=\"1373\">La gamma e il formato di questa linea rendono facile la creazione di un marchio. si possono offrire i classici nudi trasparenti, ma si pu\u00f2 anche aggiungere una base di fiocchi di foil (fiocchi misti oro\/argento) per ottenere quell'effetto morbido e costoso di \u201ccoriandoli nel vetro\u201d che i clienti notano senza che risulti troppo forte. \u00e8 il tipo di texture che trasforma una semplice base in un look inconfondibile.<\/p>\n<p data-start=\"1375\" data-end=\"1717\" data-is-last-node=\"\" data-is-only-node=\"\">per gli acquirenti b2b, l'impostazione \u00e8 pratica: supporto oem\/odm, opzioni di private label e campioni gratuiti per testare il livellamento, l'accuratezza della tonalit\u00e0 e la compatibilit\u00e0 con il sistema di top coat. quando si \u00e8 pronti a scalare, la fornitura di kg sfusi aiuta le fabbriche e le linee di riempimento a tenere sotto controllo i costi, mantenendo lotti coerenti per la vendita a lungo termine.<\/p>","protected":false},"excerpt":{"rendered":"<p>Questo gel di base in gomma, privo di ema, \u00e8 pensato per i marchi che desiderano una base flessibile e resistente con una copertura dall'aspetto pulito. scegliete tonalit\u00e0 morbide e nude o una base in fiocchi di alluminio, e iniziate con campioni gratuiti prima di passare all'ingrosso.<\/p>","protected":false},"featured_media":2102,"template":"","meta":[],"product_brand":[],"product_cat":[15,29],"product_tag":[464,124,463,461,462,429],"class_list":{"0":"post-2096","1":"product","2":"type-product","3":"status-publish","4":"has-post-thumbnail","6":"product_cat-base-coat","7":"product_cat-hema-tpo-free-base-coat","8":"product_tag-foil-flakes-base","9":"product_tag-hema-free-base-gel","10":"product_tag-odm-nail-gel-supplier","11":"product_tag-oem-rubber-base-gel","12":"product_tag-private-label-uv-gel","13":"product_tag-wholesale-b2b","15":"first","16":"instock","17":"shipping-taxable","18":"product-type-simple"},"_links":{"self":[{"href":"https:\/\/bestgelpolish.com\/it\/wp-json\/wp\/v2\/product\/2096","targetHints":{"allow":["GET"]}}],"collection":[{"href":"https:\/\/bestgelpolish.com\/it\/wp-json\/wp\/v2\/product"}],"about":[{"href":"https:\/\/bestgelpolish.com\/it\/wp-json\/wp\/v2\/types\/product"}],"version-history":[{"count":1,"href":"https:\/\/bestgelpolish.com\/it\/wp-json\/wp\/v2\/product\/2096\/revisions"}],"predecessor-version":[{"id":2103,"href":"https:\/\/bestgelpolish.com\/it\/wp-json\/wp\/v2\/product\/2096\/revisions\/2103"}],"wp:featuredmedia":[{"embeddable":true,"href":"https:\/\/bestgelpolish.com\/it\/wp-json\/wp\/v2\/media\/2102"}],"wp:attachment":[{"href":"https:\/\/bestgelpolish.com\/it\/wp-json\/wp\/v2\/media?parent=2096"}],"wp:term":[{"taxonomy":"product_brand","embeddable":true,"href":"https:\/\/bestgelpolish.com\/it\/wp-json\/wp\/v2\/product_brand?post=2096"},{"taxonomy":"product_cat","embeddable":true,"href":"https:\/\/bestgelpolish.com\/it\/wp-json\/wp\/v2\/product_cat?post=2096"},{"taxonomy":"product_tag","embeddable":true,"href":"https:\/\/bestgelpolish.com\/it\/wp-json\/wp\/v2\/product_tag?post=2096"}],"curies":[{"name":"wp","href":"https:\/\/api.w.org\/{rel}","templated":true}]}}