{"id":1616,"date":"2025-12-26T09:29:25","date_gmt":"2025-12-26T09:29:25","guid":{"rendered":"https:\/\/bestgelpolish.com\/?post_type=product&#038;p=1616"},"modified":"2025-12-26T09:29:25","modified_gmt":"2025-12-26T09:29:25","slug":"wholesale-16-color-crystal-cat-eye-magnetic-gel-polish-kit","status":"publish","type":"product","link":"https:\/\/bestgelpolish.com\/it\/wholesale-16-color-crystal-cat-eye-magnetic-gel-polish-kit\/","title":{"rendered":"all'ingrosso Kit di smalto gel magnetico occhio di gatto a 16 colori"},"content":{"rendered":"<p>Trasformate le vostre unghie con la collezione di smalti gel crystal cat eye a 16 colori. Caratterizzati da tonalit\u00e0 vibranti e pigmenti ad alta densit\u00e0, questi gel creano straordinari effetti magnetici con una finitura liscia, bianco giada porcellana o trasparente. Ogni colore \u00e8 progettato per far risaltare i riflessi dinamici e scintillanti, perfetti per aggiungere profondit\u00e0 e drammaticit\u00e0 a qualsiasi manicure. Che si tratti di creare intricati effetti cat-eye o semplici disegni, questo set di gel offre formule versatili e facili da applicare che si polimerizzano sotto le luci UV\/LED. Ideale per i saloni professionali e i distributori B2B, \u00e8 l'aggiunta perfetta alla vostra offerta di prodotti per la cura delle unghie per la prossima stagione primaverile 2025.<\/p>","protected":false},"excerpt":{"rendered":"<p>Il set di smalti gel per occhi di gatto a 16 colori crea effetti ipnotici con un movimento magnetico. Le finiture bianco porcellana e giada e trasparente fanno risaltare le unghie. Perfetto per la nail art e i saloni della primavera 2025.<\/p>","protected":false},"featured_media":1620,"template":"","meta":[],"product_brand":[],"product_cat":[23,35],"product_tag":[223,225,227,224,226,228],"class_list":{"0":"post-1616","1":"product","2":"type-product","3":"status-publish","4":"has-post-thumbnail","6":"product_cat-color-gel","7":"product_cat-cat-eyes-gel","8":"product_tag-cat-eye-gel-polish","9":"product_tag-crystal-gel-colors","10":"product_tag-high-density-gel","11":"product_tag-magnetic-nail-polish","12":"product_tag-porcelain-white-gel","13":"product_tag-spring-2025-nail-colors","15":"first","16":"instock","17":"shipping-taxable","18":"product-type-simple"},"_links":{"self":[{"href":"https:\/\/bestgelpolish.com\/it\/wp-json\/wp\/v2\/product\/1616","targetHints":{"allow":["GET"]}}],"collection":[{"href":"https:\/\/bestgelpolish.com\/it\/wp-json\/wp\/v2\/product"}],"about":[{"href":"https:\/\/bestgelpolish.com\/it\/wp-json\/wp\/v2\/types\/product"}],"version-history":[{"count":1,"href":"https:\/\/bestgelpolish.com\/it\/wp-json\/wp\/v2\/product\/1616\/revisions"}],"predecessor-version":[{"id":1623,"href":"https:\/\/bestgelpolish.com\/it\/wp-json\/wp\/v2\/product\/1616\/revisions\/1623"}],"wp:featuredmedia":[{"embeddable":true,"href":"https:\/\/bestgelpolish.com\/it\/wp-json\/wp\/v2\/media\/1620"}],"wp:attachment":[{"href":"https:\/\/bestgelpolish.com\/it\/wp-json\/wp\/v2\/media?parent=1616"}],"wp:term":[{"taxonomy":"product_brand","embeddable":true,"href":"https:\/\/bestgelpolish.com\/it\/wp-json\/wp\/v2\/product_brand?post=1616"},{"taxonomy":"product_cat","embeddable":true,"href":"https:\/\/bestgelpolish.com\/it\/wp-json\/wp\/v2\/product_cat?post=1616"},{"taxonomy":"product_tag","embeddable":true,"href":"https:\/\/bestgelpolish.com\/it\/wp-json\/wp\/v2\/product_tag?post=1616"}],"curies":[{"name":"wp","href":"https:\/\/api.w.org\/{rel}","templated":true}]}}