{"id":1608,"date":"2025-12-26T09:25:16","date_gmt":"2025-12-26T09:25:16","guid":{"rendered":"https:\/\/bestgelpolish.com\/?post_type=product&#038;p=1608"},"modified":"2025-12-26T09:25:16","modified_gmt":"2025-12-26T09:25:16","slug":"wholesale-nude-pink-uv-led-soak-off-rubber-base-gel-15ml","status":"publish","type":"product","link":"https:\/\/bestgelpolish.com\/it\/wholesale-nude-pink-uv-led-soak-off-rubber-base-gel-15ml\/","title":{"rendered":"all'ingrosso Nude Pink UV\/LED Soak Off Rubber Base Gel 15ml"},"content":{"rendered":"<p>Questo gel con base in gomma \u00e8 stato creato per le unghie che hanno bisogno di un po' di supporto in pi\u00f9 senza sentirsi spesse. la tonalit\u00e0 rosa nudo nella foto d\u00e0 un aspetto pulito e naturale, mentre la formula elastica si auto-livella per nascondere le creste e ancorare il colore. usare uno strato sottile come base, o stendere un secondo strato per costruire un apice sottile e brevi estensioni. polimerizza velocemente sotto i raggi uv\/led, si indossa senza problemi e si rimuove con facilit\u00e0. disponibile in 9 colori, 15 ml. ideale per la fornitura di saloni all'ingrosso, kit di formazione e marchi privati. l'etichettatura hema\/hpma tpo-free aiuta i saloni a soddisfare le moderne preferenze in fatto di ingredienti e la fiducia quotidiana.<\/p>","protected":false},"excerpt":{"rendered":"<p>morbido gel a base di gomma rosa nudo che aderisce come un cuscino e leviga le creste. polimerizza sotto i raggi uv\/led, costruisce la forza e la forma, quindi si asciuga in modo pulito. formula delicata senza tpo hema\/hpma. 15ml.<\/p>","protected":false},"featured_media":1612,"template":"","meta":[],"product_brand":[],"product_cat":[15,30],"product_tag":[221,219,98,139,220,222],"class_list":{"0":"post-1608","1":"product","2":"type-product","3":"status-publish","4":"has-post-thumbnail","6":"product_cat-base-coat","7":"product_cat-colored-rubber-base","8":"product_tag-nail-strengthener-builder","9":"product_tag-nude-pink-base-coat","10":"product_tag-private-label-nail-gel","11":"product_tag-rubber-base-gel","12":"product_tag-uv-led-soak-off-gel","13":"product_tag-wholesale-salon-supplies","15":"first","16":"instock","17":"shipping-taxable","18":"product-type-simple"},"_links":{"self":[{"href":"https:\/\/bestgelpolish.com\/it\/wp-json\/wp\/v2\/product\/1608","targetHints":{"allow":["GET"]}}],"collection":[{"href":"https:\/\/bestgelpolish.com\/it\/wp-json\/wp\/v2\/product"}],"about":[{"href":"https:\/\/bestgelpolish.com\/it\/wp-json\/wp\/v2\/types\/product"}],"version-history":[{"count":1,"href":"https:\/\/bestgelpolish.com\/it\/wp-json\/wp\/v2\/product\/1608\/revisions"}],"predecessor-version":[{"id":1615,"href":"https:\/\/bestgelpolish.com\/it\/wp-json\/wp\/v2\/product\/1608\/revisions\/1615"}],"wp:featuredmedia":[{"embeddable":true,"href":"https:\/\/bestgelpolish.com\/it\/wp-json\/wp\/v2\/media\/1612"}],"wp:attachment":[{"href":"https:\/\/bestgelpolish.com\/it\/wp-json\/wp\/v2\/media?parent=1608"}],"wp:term":[{"taxonomy":"product_brand","embeddable":true,"href":"https:\/\/bestgelpolish.com\/it\/wp-json\/wp\/v2\/product_brand?post=1608"},{"taxonomy":"product_cat","embeddable":true,"href":"https:\/\/bestgelpolish.com\/it\/wp-json\/wp\/v2\/product_cat?post=1608"},{"taxonomy":"product_tag","embeddable":true,"href":"https:\/\/bestgelpolish.com\/it\/wp-json\/wp\/v2\/product_tag?post=1608"}],"curies":[{"name":"wp","href":"https:\/\/api.w.org\/{rel}","templated":true}]}}